{"id":10961,"date":"2025-05-05T16:16:29","date_gmt":"2025-05-05T14:16:29","guid":{"rendered":"https:\/\/odnawialnia.pl\/sklep\/?post_type=product&#038;p=10961"},"modified":"2026-04-16T09:09:12","modified_gmt":"2026-04-16T07:09:12","slug":"renowacja-fotela-kurs-indywidualny","status":"publish","type":"product","link":"https:\/\/odnawialnia.pl\/sklep\/produkt\/renowacja-fotela-kurs-indywidualny\/","title":{"rendered":"Renowacja fotela &#8211; kurs indywidualny"},"content":{"rendered":"<h3><strong>Co zyskujesz?<\/strong><\/h3>\n<ul>\n<li style=\"font-weight: 400;\" aria-level=\"1\"><span style=\"font-weight: 400;\">Moj\u0105 indywidualn\u0105 opiek\u0119 i 100% uwagi podczas tapicerowania fotela. Wszystkie prace wykonujesz samodzielnie zgodnie z moimi wskaz\u00f3wkami, ale w razie potrzeby jestem \u017ceby ci pom\u00f3c i ewentualnie skorygowa\u0107 b\u0142\u0119dy. Dzi\u0119ki temu praca b\u0119dzie szybko posuwa\u0107 si\u0119 do przodu.<\/span><\/li>\n<li style=\"font-weight: 400;\" aria-level=\"1\"><span style=\"font-weight: 400;\">Nauczysz si\u0119 r\u00f3\u017cnych patent\u00f3w i trick\u00f3w tapicerskich, kt\u00f3re u\u0142atwiaj\u0105 prac\u0119.<\/span><\/li>\n<li aria-level=\"1\">Opanujesz podstawy tapicerskiego szycia na maszynie.<\/li>\n<li style=\"font-weight: 400;\" aria-level=\"1\"><span style=\"font-weight: 400;\">Poznasz materia\u0142y i narz\u0119dzia tapicerskie &#8211; dostaniesz ode mnie list\u0119 rekomendowanych narz\u0119dzi, kt\u00f3re w przysz\u0142o\u015bci b\u0119dziesz mog\u0142a zakupi\u0107 do swojego warsztatu, a tak\u017ce list\u0119 sprawdzonych sklep\u00f3w internetowych.<\/span><\/li>\n<li style=\"font-weight: 400;\" aria-level=\"1\"><span style=\"font-weight: 400;\">Dzi\u0119ki przej\u015bciu przez ca\u0142y proces tapicerowania zrozumiesz logik\u0119 i kolejno\u015b\u0107 prac tapicerskich.<\/span><\/li>\n<\/ul>\n<h3><b>Jaki fotel na zaj\u0119cia?<\/b><\/h3>\n<p><span style=\"font-weight: 400;\">Na zaj\u0119cia przynosisz w\u0142asny fotel. W za\u0142o\u017conym czasie wykonamy fotele na pasach &#8211; wi\u0119kszo\u015b\u0107 modeli foteli z okresu PRL, fotele typu ludwik, muszelki, fotele klubowe. Podczas tych zaj\u0119\u0107 nie robimy foteli na trawie i innych wy\u015bci\u00f3\u0142kach naturalnych, foteli kube\u0142kowych typu Ewa i ufo.<\/span><\/p>\n<p><img fetchpriority=\"high\" decoding=\"async\" class=\"aligncenter wp-image-10745 size-full\" src=\"https:\/\/odnawialnia.pl\/sklep\/wp-content\/uploads\/2025\/03\/2.png\" alt=\"kurs tapicerski\" width=\"2000\" height=\"700\" srcset=\"https:\/\/odnawialnia.pl\/sklep\/wp-content\/uploads\/2025\/03\/2.png 2000w, https:\/\/odnawialnia.pl\/sklep\/wp-content\/uploads\/2025\/03\/2-300x105.png 300w, https:\/\/odnawialnia.pl\/sklep\/wp-content\/uploads\/2025\/03\/2-1024x358.png 1024w, https:\/\/odnawialnia.pl\/sklep\/wp-content\/uploads\/2025\/03\/2-768x269.png 768w, https:\/\/odnawialnia.pl\/sklep\/wp-content\/uploads\/2025\/03\/2-1536x538.png 1536w, https:\/\/odnawialnia.pl\/sklep\/wp-content\/uploads\/2025\/03\/2-900x315.png 900w\" sizes=\"(max-width: 2000px) 100vw, 2000px\" \/><\/p>\n<p><img decoding=\"async\" class=\"aligncenter wp-image-10746 size-full\" src=\"https:\/\/odnawialnia.pl\/sklep\/wp-content\/uploads\/2025\/03\/1.png\" alt=\"kurs tapicerski warszawa\" width=\"2000\" height=\"700\" srcset=\"https:\/\/odnawialnia.pl\/sklep\/wp-content\/uploads\/2025\/03\/1.png 2000w, https:\/\/odnawialnia.pl\/sklep\/wp-content\/uploads\/2025\/03\/1-300x105.png 300w, https:\/\/odnawialnia.pl\/sklep\/wp-content\/uploads\/2025\/03\/1-1024x358.png 1024w, https:\/\/odnawialnia.pl\/sklep\/wp-content\/uploads\/2025\/03\/1-768x269.png 768w, https:\/\/odnawialnia.pl\/sklep\/wp-content\/uploads\/2025\/03\/1-1536x538.png 1536w, https:\/\/odnawialnia.pl\/sklep\/wp-content\/uploads\/2025\/03\/1-900x315.png 900w\" sizes=\"(max-width: 2000px) 100vw, 2000px\" \/><\/p>\n<p><b>Zasady<\/b><\/p>\n<ul>\n<li style=\"font-weight: 400;\" aria-level=\"1\"><span style=\"font-weight: 400;\">Spotkania odbywaj\u0105 si\u0119 <strong>wy\u0142\u0105cznie w dni robocze<\/strong>, w przedziale godzin 9-19<\/span><\/li>\n<li aria-level=\"1\">Zaj\u0119cia \u0142\u0105cznie trwaj\u0105 12 godzin i mo\u017cna je rozbi\u0107 na 2-3 spotkania po 3, 4 lub 6h<\/li>\n<li style=\"font-weight: 400;\" aria-level=\"1\"><span style=\"font-weight: 400;\">Na spotkanie mo\u017cna <strong>przyj\u015b\u0107 w parze<\/strong> i wsp\u00f3lnie pracowa\u0107 nad jednym fotelem (+300 z\u0142). <\/span><\/li>\n<li style=\"font-weight: 400;\" aria-level=\"1\"><span style=\"font-weight: 400;\">Istnieje mo\u017cliwo\u015b\u0107 <strong>pracy dw\u00f3ch os\u00f3b w tym samym czasie<\/strong> (ka\u017cda nad swoim fotelem), w\u00f3wczas cena jednej ka\u017cdej jest ni\u017csza o 25%<\/span><\/li>\n<li style=\"font-weight: 400;\" aria-level=\"1\"><span style=\"font-weight: 400;\">W cenie zaj\u0119\u0107 wszystkie wype\u0142nienia jak pasy, pianki, filc, owata, tkanina podbiciowa, dost\u0119p do wszystkich narz\u0119dzi (zszywacz pneumatyczny, maszyna do szycia, no\u017ce, kleje itp.)<\/span><\/li>\n<li style=\"font-weight: 400;\" aria-level=\"1\"><span style=\"font-weight: 400;\">Cena nie obejmuje tkaniny tapicerskiej &#8211; potrzebujesz 2 mb tkaniny o szeroko\u015bci ok 140 cm.<\/span><\/li>\n<\/ul>\n<h3><b>Mo\u017cliwe zadania do wykonania w domu<\/b><\/h3>\n<p><span style=\"font-weight: 400;\">Wybrane zadania by\u0107 mo\u017ce b\u0119dziesz realizowa\u0107 w domu, dzi\u0119ki czemu zaoszcz\u0119dzisz czas na najtrudniejsze etapy. Chodzi o proste prace rozbi\u00f3rkowe lub wycinanie tkaniny, co pozwoli nam zoptymalizowa\u0107 czas w pracowni. Dostaniesz ode mnie wszystkie niezb\u0119dne instrukcje.<\/span><\/p>\n<ul>\n<li><b>Rozebranie fotela i zrobienie zdj\u0119\u0107 \u015brodka<\/b><\/li>\n<\/ul>\n<p><span style=\"font-weight: 400;\">Preferuj\u0119 przyj\u015bcie na zaj\u0119cia ju\u017c z <\/span><b>oczyszczonym stela\u017cem siedziska fotela. <\/b><span style=\"font-weight: 400;\">W ten spos\u00f3b zaoszcz\u0119dzamy czas i energi\u0119 na w\u0142a\u015bciwe prace tapicerskie. Je\u017celi nie jeste\u015b w stanie zrobi\u0107 tego samodzielnie lub nie masz odpowiednich warunk\u00f3w, mo\u017cemy si\u0119 um\u00f3wi\u0107 w pracowni. Demonta\u017c przeprowadzasz sam (a), bez mojej pomocy, po odpowiednim przeszkoleniu. Zarezerwuj na to 2 dodatkowe godziny.<\/span><\/p>\n<p><span style=\"font-weight: 400;\">Je\u017celi stela\u017c siedziskowy b\u0119dzie wymaga\u0142 klejenia &#8211; spotkamy si\u0119 dodatkowo, aby go naprawi\u0107 (w cenie zaj\u0119\u0107).<\/span><\/p>\n<ul>\n<li><b>Wyci\u0119cie tkaniny wg przygotowanej formy lub rysunku technicznego<\/b><\/li>\n<\/ul>\n<p><span style=\"font-weight: 400;\">Na spotkaniu wsp\u00f3lnie zdejmiemy wymiary i przygotujemy rysunek techniczny b\u0105d\u017a form\u0119 krawieck\u0105. Twoim zadaniem b\u0119dzie przeniesienie ich na tkanin\u0119 i wyci\u0119cie cz\u0119\u015bci sk\u0142adowych.<\/span><\/p>\n<ul>\n<li><b>Szycie \u015bciegiem krytym<\/b><\/li>\n<\/ul>\n<p><span style=\"font-weight: 400;\">\u015aciegu krytego nauczysz si\u0119 na spotkaniu, ale samo szycie doko\u0144czysz spokojnie w domu. Dostaniesz ode mnie ig\u0142\u0119 i nici do szycia.<\/span><\/p>\n<ul>\n<li><b>Monta\u017c fotela na stela\u017cu<\/b><\/li>\n<\/ul>\n<p><span style=\"font-weight: 400;\">Om\u00f3wimy zasady monta\u017cu fotela na stela\u017cu, sprawdzimy otwory monta\u017cowe i \u015bruby. Twoim zadaniem b\u0119dzie z\u0142o\u017cenie ca\u0142ego mebla po zako\u0144czeniu wszystkich prac, ale by\u0107 mo\u017ce uda si\u0119 to tak\u017ce zrobi\u0107 na spotkaniu.<\/span><\/p>\n<h3><b>Zaj\u0119cia w pracowni<\/b><\/h3>\n<p><b>Etap 1. Projektowanie wygl\u0105du fotela i monta\u017c warstw wewn\u0119trznych\u00a0<\/b><\/p>\n<ul>\n<li style=\"font-weight: 400;\" aria-level=\"1\"><span style=\"font-weight: 400;\">Zapoznasz si\u0119\u00a0 mo\u017cliwymi sposobami wyko\u0144cze\u0144 tapicerskich jak kedra, bodno, przeszycia, wci\u0105ganie guzik\u00f3w. Zaprojektujemy wygl\u0105d fotela i uk\u0142ad tkanin.<\/span><\/li>\n<li style=\"font-weight: 400;\" aria-level=\"1\"><span style=\"font-weight: 400;\">Dowiesz si\u0119, kiedy wybra\u0107 pasy parciane, a kiedy elastyczne<\/span><\/li>\n<li style=\"font-weight: 400;\" aria-level=\"1\"><span style=\"font-weight: 400;\">Nauczysz si\u0119, jak poprawnie montowa\u0107 pasy tapicerskie za pomoc\u0105 zszywacza pneumatycznego i napinaczy<\/span><\/li>\n<li style=\"font-weight: 400;\" aria-level=\"1\"><span style=\"font-weight: 400;\">Dobierzemy pianki tapicerskie do projektu fotela, aby zadba\u0107 o odpowiednie proporcje i wygod\u0119 siadania<\/span><\/li>\n<li style=\"font-weight: 400;\" aria-level=\"1\"><span style=\"font-weight: 400;\">Wymodelujesz piank\u0105 fotel, tak aby po na\u0142o\u017ceniu tkaniny ca\u0142o\u015b\u0107 dobrze wygl\u0105da\u0142a<\/span><\/li>\n<li style=\"font-weight: 400;\" aria-level=\"1\"><span style=\"font-weight: 400;\">Zdejmiesz wymiary pod tkanin\u0119 oraz przygotujesz form\u0119 krawieck\u0105 pod wybrany spos\u00f3b wyko\u0144czenia fotela<\/span><\/li>\n<\/ul>\n<p><b>Etap 2. Szycie element\u00f3w fotela\u00a0<\/b><\/p>\n<p><span style=\"font-weight: 400;\">Wyci\u0119te elementy pokrowca po\u0142\u0105czysz w ca\u0142o\u015b\u0107 i przygotujesz obicie. Wymodelujesz tak\u017ce fotel owat\u0105.<\/span><\/p>\n<ul>\n<li style=\"font-weight: 400;\" aria-level=\"1\"><span style=\"font-weight: 400;\">Nauczysz si\u0119 jak uszy\u0107 kedr\u0119 (je\u017celi b\u0119dziemy jej u\u017cywa\u0107 do dekoracji)<\/span><\/li>\n<li style=\"font-weight: 400;\" aria-level=\"1\"><span style=\"font-weight: 400;\">Po\u0142\u0105czysz siedzisko, oparcie i boki (tzw. bodno)<\/span><\/li>\n<li style=\"font-weight: 400;\" aria-level=\"1\"><span style=\"font-weight: 400;\">Nauczysz si\u0119, jak szy\u0107 naro\u017cniki, \u017ceby by\u0142y symetryczne<\/span><\/li>\n<li style=\"font-weight: 400;\" aria-level=\"1\"><span style=\"font-weight: 400;\">Nauczysz si\u0119 prawid\u0142owo nacina\u0107 tkanin\u0119 \u017ceby \u0142adnie le\u017ca\u0142a na fotelu<\/span><\/li>\n<li style=\"font-weight: 400;\" aria-level=\"1\"><span style=\"font-weight: 400;\">Wst\u0119pnie zamontujemy pokrowiec i zrobimy ewentualne korekty<\/span><\/li>\n<\/ul>\n<p><b>Etap 3. Ubieranie mebla, monta\u017c plec\u00f3w\u00a0<\/b><\/p>\n<ul>\n<li style=\"font-weight: 400;\" aria-level=\"1\"><span style=\"font-weight: 400;\">Zamocujesz finalnie pokrowiec na siedzisku i oparciu<\/span><\/li>\n<li style=\"font-weight: 400;\" aria-level=\"1\"><span style=\"font-weight: 400;\">Poznasz mo\u017cliwe techniki monta\u017cu plec\u00f3w<\/span><\/li>\n<li style=\"font-weight: 400;\" aria-level=\"1\"><span style=\"font-weight: 400;\">Nauczysz si\u0119 szy\u0107 \u015bciegiem krytym lub poznasz jego alternatyw\u0119 &#8211; monta\u017c plec\u00f3w na tzw. krokodylki<\/span><\/li>\n<li style=\"font-weight: 400;\" aria-level=\"1\"><span style=\"font-weight: 400;\">Przygotujesz otwory pod \u015bruby w tkaninie<\/span><\/li>\n<li style=\"font-weight: 400;\" aria-level=\"1\"><span style=\"font-weight: 400;\">Wyko\u0144czysz sp\u00f3d fotela tkanin\u0105 techniczn\u0105<\/span><\/li>\n<li style=\"font-weight: 400;\" aria-level=\"1\"><span style=\"font-weight: 400;\">Zamocujesz fotel na stela\u017cu (je\u017celi czas na to pozwoli)<\/span><\/li>\n<\/ul>\n<h3><strong>Co ze stela\u017cem fotela?<\/strong><\/h3>\n<p>Je\u017celi prace tapicerskie zajm\u0105 mniej czasu ni\u017c 12h, zajmiemy si\u0119 stela\u017cem. Z pewno\u015bci\u0105 praca szybciej posuwa si\u0119 naprz\u00f3d, kiedy w zaj\u0119ciach uczestnicz\u0105 dwie osoby i pracuj\u0105 nad jednym fotelem. W\u00f3wczas druga osoba ma wi\u0119cej czasu na r\u00f3wnoleg\u0142\u0105 prac\u0119 z drewnem.<\/p>\n<p>Prace przy stela\u017cu fotela zajmuj\u0105 ok 5-10 godzin. Wszystko zale\u017cy od jego stanu technicznego, rodzaju lakieru, oczekiwanego koloru docelowego. Je\u017celi b\u0119dziesz zainteresowana\/y kompleksowym wyko\u0144czeniem stela\u017ca zaplanujemy osobne spotkanie na jego oczyszczanie, barwienie i zabezpieczenie.<\/p>\n<p>Zakres prac: klejenie, oczyszczanie, barwienie, zabezpieczanie, dost\u0119p do profesjonalnych szlifierek Festool.<\/p>\n<p>Koszt spotkania dla renowacji stela\u017ca &#8211; 400 z\u0142 (cena tylko dla uczestnik\u00f3w cyklu tapicerskiego). O stela\u017cu mo\u017cesz zadecydowa\u0107 p\u00f3\u017aniej, przynie\u015b go na pierwsze spotkanie, \u017ceby oceni\u0107 stan techniczny.<\/p>\n","protected":false},"excerpt":{"rendered":"<p><span style=\"font-weight: 400;\">Cykl 2 lub 3 spotka\u0144 w pracowni dla jednej lub dw\u00f3ch os\u00f3b, podczas kt\u00f3rych nauczysz si\u0119 jak tapicerowa\u0107 fotele na pasach, fotele typu ludwik lub skomplikowane krzes\u0142a typu muszelka. Cz\u0119\u015b\u0107 zada\u0144 zrealizujesz w domu, dzi\u0119ki czemu mog\u0119 zaproponowa\u0107 Ci atrakcyjn\u0105 cen\u0119 konsultacji indywidualnych. Spotkania s\u0105 mo\u017cliwe tylko w dni robocze.<\/span><\/p>\n","protected":false},"featured_media":10776,"comment_status":"open","ping_status":"closed","template":"","meta":{"_ppp_document_settings_meta":"","_kad_post_transparent":"default","_kad_post_title":"","_kad_post_layout":"default","_kad_post_sidebar_id":"","_kad_post_content_style":"default","_kad_post_vertical_padding":"default","_kad_post_feature":"","_kad_post_feature_position":"","_kad_post_header":false,"_kad_post_footer":false},"product_brand":[],"product_cat":[117,22],"product_tag":[],"class_list":{"0":"post-10961","1":"product","2":"type-product","3":"status-publish","4":"has-post-thumbnail","6":"product_cat-szkolenie-indywidualne","7":"product_cat-warsztaty","9":"first","10":"instock","11":"taxable","12":"shipping-taxable","13":"purchasable","14":"product-type-variable","15":"entry","16":"content-bg","17":"loop-entry"},"aioseo_notices":[],"_links":{"self":[{"href":"https:\/\/odnawialnia.pl\/sklep\/wp-json\/wp\/v2\/product\/10961","targetHints":{"allow":["GET"]}}],"collection":[{"href":"https:\/\/odnawialnia.pl\/sklep\/wp-json\/wp\/v2\/product"}],"about":[{"href":"https:\/\/odnawialnia.pl\/sklep\/wp-json\/wp\/v2\/types\/product"}],"replies":[{"embeddable":true,"href":"https:\/\/odnawialnia.pl\/sklep\/wp-json\/wp\/v2\/comments?post=10961"}],"wp:featuredmedia":[{"embeddable":true,"href":"https:\/\/odnawialnia.pl\/sklep\/wp-json\/wp\/v2\/media\/10776"}],"wp:attachment":[{"href":"https:\/\/odnawialnia.pl\/sklep\/wp-json\/wp\/v2\/media?parent=10961"}],"wp:term":[{"taxonomy":"product_brand","embeddable":true,"href":"https:\/\/odnawialnia.pl\/sklep\/wp-json\/wp\/v2\/product_brand?post=10961"},{"taxonomy":"product_cat","embeddable":true,"href":"https:\/\/odnawialnia.pl\/sklep\/wp-json\/wp\/v2\/product_cat?post=10961"},{"taxonomy":"product_tag","embeddable":true,"href":"https:\/\/odnawialnia.pl\/sklep\/wp-json\/wp\/v2\/product_tag?post=10961"}],"curies":[{"name":"wp","href":"https:\/\/api.w.org\/{rel}","templated":true}]}}