{"id":11219,"date":"2025-08-01T20:11:25","date_gmt":"2025-08-01T18:11:25","guid":{"rendered":"https:\/\/odnawialnia.pl\/sklep\/?post_type=product&#038;p=11219"},"modified":"2026-02-27T13:18:41","modified_gmt":"2026-02-27T12:18:41","slug":"warsztaty-ze-stylizacji-i-dekoracji-mebli","status":"publish","type":"product","link":"https:\/\/odnawialnia.pl\/sklep\/produkt\/warsztaty-ze-stylizacji-i-dekoracji-mebli\/","title":{"rendered":"Warsztaty ze stylizacji i dekoracji mebli"},"content":{"rendered":"<div class=\"x14z9mp xat24cr x1lziwak x1vvkbs xtlvy1s\"><strong>Podczas tego szkolenia<\/strong><\/div>\n<ul>\n<li>nauczysz si\u0119 my\u015ble\u0107 jak projektantka i b\u0119dziesz komponowa\u0107 ze sob\u0105 kolory, wzory i faktury<\/li>\n<li>poznasz r\u00f3\u017cnorodne materia\u0142y u\u017cywane do dekoracji &#8211; farby, struktury, wzory nanoszone za pomoc\u0105 szablon\u00f3w, transfer\u00f3w, ta\u015bm, gotowe wzory wypuk\u0142e ze sklejki, py\u0142u drzewnego, ta\u015bmy z intarsj\u0105, i wiele innych<\/li>\n<li>opanujesz techniki malarskie, poznasz odpowiednie kleje i \u015brodki zabezpieczaj\u0105ce, tak aby ca\u0142o\u015b\u0107 by\u0142a nie tylko \u0142adna ale i trwa\u0142a<\/li>\n<li>\u00a0dorobisz brakuj\u0105ce elementy, jak blat, p\u00f3\u0142ka, n\u00f3\u017cki,<\/li>\n<li>prawid\u0142owo oczy\u015bcisz i zabezpieczysz elementy drewniane &#8211; dysponujemy odpowiednim zapleczem technicznym<\/li>\n<\/ul>\n<div class=\"x14z9mp xat24cr x1lziwak x1vvkbs xtlvy1s\"><strong>Szkolenie prowadz\u0105<\/strong><\/div>\n<div><\/div>\n<div class=\"x14z9mp xat24cr x1lziwak x1vvkbs xtlvy1s\"><strong>Ma\u0142gorzata Budzich<\/strong> &#8211; autorka ksi\u0105\u017cki Meble od nowa, tw\u00f3rczyni wielu meblowych metamorfoz, zar\u00f3wno w technikach tradycyjnych jak i nowoczesnych i stylizowanych. Zwolenniczka metamorfoz w duchu minimal vintage, lubi wzory geometryczne, delikatne akcenty i detale, kt\u00f3re dodaj\u0105 smaczku, ale podkre\u015blaj\u0105 jak najwi\u0119cej oryginalny charakter mebla. Nie boi si\u0119 jednak radykalnych ci\u0119\u0107 i zmian, gdy stan mebla tego wymaga. Uwielbia przerabia\u0107 meble, kt\u00f3rym nikt nie daje szans.<\/div>\n<div><\/div>\n<div class=\"x14z9mp xat24cr x1lziwak x1vvkbs xtlvy1s\"><strong>Daria Niezgocka<\/strong> &#8211; w\u0142a\u015bcicielka pracowni Odnova Niezgockich, specjalizuje si\u0119 w technikach postarzania mebli, warstwowania, tworzenia struktur, przecierek, dekoracji z u\u017cyciem papier\u00f3w ry\u017cowych, morwowych. Kocha klimat Alicji w krainie czar\u00f3w, tworzy ba\u015bniowe krainy na frontach mebli, uwielbia z\u0142ocenia i dark mood.<\/div>\n<div><\/div>\n<div class=\"x14z9mp xat24cr x1lziwak x1vvkbs xtlvy1s\"><strong>Jakiej stylistyki mo\u017cesz si\u0119 spodziewa\u0107?<\/strong><\/div>\n<div><\/div>\n<div class=\"x14z9mp xat24cr x1lziwak x1vvkbs xtlvy1s\">Ja preferuj\u0119 styl prosty, bez nadmiaru farby i dekoracji. Lubi\u0119 zostawi\u0107 cz\u0119\u015b\u0107 mebla w naturalnym drewnie. Daria odwrotnie &#8211; szlae\u0144stwo i bogactwo to jej misja \u017cyciowa. Niemniej cechuje nas zdrowy rozs\u0105dek i np. nie robimy z mebli prl dekoracyjnych kom\u00f3d w stylu shabby chic, si\u0119gamy po patyny i postarzania, gdy forma mebla o to zawo\u0142a. Z nami zrobisz przer\u00f3\u017cne dekoracje z pas\u00f3w, wzory i faktury z past strukturalnych, delikatne, romantyczne stylizacje z u\u017cyciem tapet, transfer\u00f3w i papier\u00f3w ry\u017cowych lub morwowych, nakleisz wypuk\u0142e dekory z py\u0142u drzewnego, sklejki, styroduru.<\/div>\n<div><\/div>\n<div class=\"x14z9mp xat24cr x1lziwak x1vvkbs xtlvy1s\"><strong>Co, gdzie i kiedy?<\/strong><\/div>\n<div><\/div>\n<ul>\n<li class=\"x14z9mp xat24cr x1lziwak x1vvkbs xtlvy1s\">Szkolenie odbywa si\u0119 w Warszawie, ul. Korkowa 167 w pracowni Odnawialnia.<br class=\"html-br\" \/>Najbli\u017cszy termin 20-22 marca 2026, start ka\u017cdego dnia o godz. 9 do 17.30<br class=\"html-br\" \/>W trakcie szkolenia zapewniamy przek\u0105ski i bar kawowy.<\/li>\n<li class=\"x14z9mp xat24cr x1lziwak x1vvkbs xtlvy1s\">Cena obejmuje wszystkie materia\u0142y potrzebne do stylizacji, w tym n\u00f3\u017cki, ga\u0142ki, dekory od wybranych dostawc\u00f3w, farby i \u015brodki zabezpieczaj\u0105ce.<\/li>\n<li class=\"x14z9mp xat24cr x1lziwak x1vvkbs xtlvy1s\">Na to szkolenie mo\u017cesz ubiega\u0107 si\u0119 o dotacj\u0119 u swojego operatora regionalnego, ale pami\u0119taj \u017ce procedury od momentu zg\u0142oszenia trwaj\u0105 2-4 miesi\u0105ce, a wk\u0142ad w\u0142asny r\u00f3\u017cni si\u0119 od regionu (wynosi od 5 do 24%. Pomoc w sprawie dotacji, a tak\u017ce zapisy i kontakt w sprawie warunk\u00f3w szkolenia pod tel. 784 695 773 lub mailowo kontakt@odnawialnia.pl<\/li>\n<\/ul>\n<div class=\"x14z9mp xat24cr x1lziwak x1vvkbs xtlvy1s\"><\/div>\n<div class=\"x14z9mp xat24cr x1lziwak x1vvkbs xtlvy1s\"><strong>Przebieg szkolenia<\/strong><\/div>\n<div><\/div>\n<div class=\"x14z9mp xat24cr x1lziwak x1vvkbs xtlvy1s\">Przed szkoleniem szczeg\u00f3\u0142owo om\u00f3wimy wsp\u00f3lnie twoje oczekiwania, przyjrzymy si\u0119 wn\u0119trzu, gdzie planujesz wstawi\u0107 mebel, obejrzymy inspiracje i okre\u015blimy wst\u0119pn\u0105 stylistyk\u0119 mebla. Dzi\u0119ki temu przygotujemy wcze\u015bniej wszystkie potrzebne dekoracje.<\/div>\n<div class=\"x14z9mp xat24cr x1lziwak x1vvkbs xtlvy1s\">W trakcie szkolenia ka\u017cda osoba pracuje na swoim meblu. Przynosimy meble ma\u0142e lub \u015brednie, a jedn\u0105 z kluczowych zasad jest mo\u017cliwo\u015b\u0107 samodzielnego wniesienia go do pracowni. Nie damy rady zrobi\u0107 du\u017cych kredens\u00f3w i szaf.<\/div>\n<div><\/div>\n<div class=\"x14z9mp xat24cr x1lziwak x1vvkbs xtlvy1s\"><strong>Ramowy program szkolenia:<\/strong><\/div>\n<ul>\n<li class=\"x14z9mp xat24cr x1lziwak x1vvkbs xtlvy1s\">BHP pracy z narz\u0119dziami i \u015brodkami chemicznymi<\/li>\n<li class=\"x14z9mp xat24cr x1lziwak x1vvkbs xtlvy1s\">analiza potencjalnych zagro\u017ce\u0144<\/li>\n<li class=\"x14z9mp xat24cr x1lziwak x1vvkbs xtlvy1s\">dob\u00f3r \u015brodk\u00f3w ochrony osobistej<\/li>\n<\/ul>\n<div class=\"x14z9mp xat24cr x1lziwak x1vvkbs xtlvy1s\"><strong>Przygotowanie mebla do prac dekoracyjnych<\/strong><\/div>\n<ul>\n<li class=\"x14z9mp xat24cr x1lziwak x1vvkbs xtlvy1s\">demonta\u017c element\u00f3w sk\u0142adowych<\/li>\n<li class=\"x14z9mp xat24cr x1lziwak x1vvkbs xtlvy1s\">analiza stanu technicznego<\/li>\n<li class=\"x14z9mp xat24cr x1lziwak x1vvkbs xtlvy1s\">plan prac naprawczych i dekoracyjnych<\/li>\n<\/ul>\n<p><strong>Naprawy stolarskie<\/strong><\/p>\n<ul>\n<li class=\"x14z9mp xat24cr x1lziwak x1vvkbs xtlvy1s\">dorabianie brakuj\u0105cych element\u00f3w<\/li>\n<li class=\"x14z9mp xat24cr x1lziwak x1vvkbs xtlvy1s\">klejenie uszkodzonych element\u00f3w<\/li>\n<li class=\"x14z9mp xat24cr x1lziwak x1vvkbs xtlvy1s\">wklejki z drewna i szpachlowanie ubytk\u00f3w<\/li>\n<\/ul>\n<p><strong>Przygotowanie powierzchni do dekoracji<\/strong><\/p>\n<ul>\n<li>oczyszczanie element\u00f3w drewnianych<\/li>\n<li>matowienie powierzchni pod malowanie<\/li>\n<\/ul>\n<div class=\"x14z9mp xat24cr x1lziwak x1vvkbs xtlvy1s\"><strong>Wyb\u00f3r i kompozycja dekoracji<\/strong><\/div>\n<div><\/div>\n<ul>\n<li class=\"x14z9mp xat24cr x1lziwak x1vvkbs xtlvy1s\">dob\u00f3r technik dekoracyjnych do cz\u0119\u015bci sk\u0142adowych mebla<\/li>\n<li class=\"x14z9mp xat24cr x1lziwak x1vvkbs xtlvy1s\">zasady kompozycji i tworzenia pracy w wybranym stylu<\/li>\n<li class=\"x14z9mp xat24cr x1lziwak x1vvkbs xtlvy1s\">dekoracje z mas szybkoschn\u0105cych<\/li>\n<li class=\"x14z9mp xat24cr x1lziwak x1vvkbs xtlvy1s\">dekoracje z element\u00f3w drewnianych (dekory, listwy)<\/li>\n<li class=\"x14z9mp xat24cr x1lziwak x1vvkbs xtlvy1s\">dekoracje z tapet, plecionek i tkanin<\/li>\n<li class=\"x14z9mp xat24cr x1lziwak x1vvkbs xtlvy1s\">dekoracje z u\u017cyciem papier\u00f3w i naklejek<\/li>\n<li class=\"x14z9mp xat24cr x1lziwak x1vvkbs xtlvy1s\">dekoracje z u\u017cyciem szablon\u00f3w i farb<\/li>\n<li class=\"x14z9mp xat24cr x1lziwak x1vvkbs xtlvy1s\">dob\u00f3r ga\u0142ek i uchwyt\u00f3w<\/li>\n<\/ul>\n<div class=\"x14z9mp xat24cr x1lziwak x1vvkbs xtlvy1s\"><strong>Techniki malowania mebli<\/strong><\/div>\n<div><\/div>\n<ul>\n<li class=\"x14z9mp xat24cr x1lziwak x1vvkbs xtlvy1s\">malowanie na g\u0142adko<\/li>\n<li class=\"x14z9mp xat24cr x1lziwak x1vvkbs xtlvy1s\">malowanie strukturalne z u\u017cyciem past i szablon\u00f3w<\/li>\n<li class=\"x14z9mp xat24cr x1lziwak x1vvkbs xtlvy1s\">malowanie postarzaj\u0105ce<\/li>\n<li class=\"x14z9mp xat24cr x1lziwak x1vvkbs xtlvy1s\">malowanie ombre<\/li>\n<\/ul>\n<div class=\"x14z9mp xat24cr x1lziwak x1vvkbs xtlvy1s\"><strong>Techniki zabezpieczania powierzchni<\/strong><\/div>\n<div><\/div>\n<ul>\n<li class=\"x14z9mp xat24cr x1lziwak x1vvkbs xtlvy1s\">lakierowanie z uzyskaniem r\u00f3\u017cnych stopni po\u0142ysku<\/li>\n<li class=\"x14z9mp xat24cr x1lziwak x1vvkbs xtlvy1s\">dob\u00f3r lakier\u00f3w do powierzchni mebla<\/li>\n<li class=\"x14z9mp xat24cr x1lziwak x1vvkbs xtlvy1s\">woskowanie zabezpieczaj\u0105ce i barwi\u0105ce<\/li>\n<li class=\"x14z9mp xat24cr x1lziwak x1vvkbs xtlvy1s\">olejowoski i oleje<\/li>\n<\/ul>\n","protected":false},"excerpt":{"rendered":"<div class=\"xdj266r x14z9mp xat24cr x1lziwak x1vvkbs\">Wyj\u0105tkowe, trzydniowe szkolenie po\u015bwi\u0119cone tworzeniu artystycznej wizji twojego mebla. B\u0119dziemy zwraca\u0107 uwag\u0119 na te kluczowe elementy:<\/div>\n<ul>\n<li class=\"x14z9mp xat24cr x1lziwak x1vvkbs xtlvy1s\">techniki stylizacji &#8211; poprawne nak\u0142adanie farby, wzor\u00f3w, dekoracji wypuk\u0142ych, tapet, listew itp.<\/li>\n<li class=\"x14z9mp xat24cr x1lziwak x1vvkbs xtlvy1s\">tworzenie kompozycji &#8211; dobranie dekoracji do stylistyki mebla, tak aby ca\u0142o\u015b\u0107 wsp\u00f3\u0142gra\u0142a ze sob\u0105, nie by\u0142a kiczowata lub prze\u0142adowana dekoracjami,<\/li>\n<li class=\"x14z9mp xat24cr x1lziwak x1vvkbs xtlvy1s\">trwa\u0142o\u015b\u0107 wyko\u0144czenia, prawid\u0142owy monta\u017c i naprawy zepsutych element\u00f3w, z mo\u017cliwo\u015bci\u0105 przebudowy mebla<\/li>\n<\/ul>\n<p>Szkolenie odbywa si\u0119 w Warszawie, ul. Korkowa 167 w pracowni Odnawialnia. Termin &#8211; 20-22 marca 2026, start ka\u017cdego dnia o godz. 9-17.30.<\/p>\n","protected":false},"featured_media":11220,"comment_status":"open","ping_status":"closed","template":"","meta":{"_ppp_document_settings_meta":"","_kad_post_transparent":"default","_kad_post_title":"","_kad_post_layout":"default","_kad_post_sidebar_id":"","_kad_post_content_style":"default","_kad_post_vertical_padding":"default","_kad_post_feature":"","_kad_post_feature_position":"","_kad_post_header":false,"_kad_post_footer":false},"product_brand":[],"product_cat":[22],"product_tag":[],"class_list":{"0":"post-11219","1":"product","2":"type-product","3":"status-publish","4":"has-post-thumbnail","6":"product_cat-warsztaty","8":"first","9":"instock","10":"taxable","11":"shipping-taxable","12":"purchasable","13":"product-type-variable","14":"entry","15":"content-bg","16":"loop-entry"},"aioseo_notices":[],"_links":{"self":[{"href":"https:\/\/odnawialnia.pl\/sklep\/wp-json\/wp\/v2\/product\/11219","targetHints":{"allow":["GET"]}}],"collection":[{"href":"https:\/\/odnawialnia.pl\/sklep\/wp-json\/wp\/v2\/product"}],"about":[{"href":"https:\/\/odnawialnia.pl\/sklep\/wp-json\/wp\/v2\/types\/product"}],"replies":[{"embeddable":true,"href":"https:\/\/odnawialnia.pl\/sklep\/wp-json\/wp\/v2\/comments?post=11219"}],"wp:featuredmedia":[{"embeddable":true,"href":"https:\/\/odnawialnia.pl\/sklep\/wp-json\/wp\/v2\/media\/11220"}],"wp:attachment":[{"href":"https:\/\/odnawialnia.pl\/sklep\/wp-json\/wp\/v2\/media?parent=11219"}],"wp:term":[{"taxonomy":"product_brand","embeddable":true,"href":"https:\/\/odnawialnia.pl\/sklep\/wp-json\/wp\/v2\/product_brand?post=11219"},{"taxonomy":"product_cat","embeddable":true,"href":"https:\/\/odnawialnia.pl\/sklep\/wp-json\/wp\/v2\/product_cat?post=11219"},{"taxonomy":"product_tag","embeddable":true,"href":"https:\/\/odnawialnia.pl\/sklep\/wp-json\/wp\/v2\/product_tag?post=11219"}],"curies":[{"name":"wp","href":"https:\/\/api.w.org\/{rel}","templated":true}]}}