{"id":11617,"date":"2025-11-13T19:02:18","date_gmt":"2025-11-13T18:02:18","guid":{"rendered":"https:\/\/odnawialnia.pl\/sklep\/?post_type=product&#038;p=11617"},"modified":"2025-11-13T19:02:18","modified_gmt":"2025-11-13T18:02:18","slug":"cykliny-zakrzywione-okragle-zestaw-5-szt","status":"publish","type":"product","link":"https:\/\/odnawialnia.pl\/sklep\/produkt\/cykliny-zakrzywione-okragle-zestaw-5-szt\/","title":{"rendered":"Cykliny zakrzywione okr\u0105g\u0142e &#8211; zestaw 5 szt."},"content":{"rendered":"<p>Cykliny wykorzystasz podczas oczyszczania element\u00f3w zaoblonych, \u0142uk\u00f3w, frez\u00f3w, wa\u0142k\u00f3w i p\u00f3\u0142wa\u0142k\u00f3w. B\u0119d\u0105 wsparciem tam, gdzie nie dotrzesz szlifierk\u0105, kostk\u0105 \u015bciern\u0105 lub z\u0142o\u017conym papierem. Ostre ko\u0144ce i r\u00f3\u017cnej wielko\u015bci \u0142uki pozwol\u0105 dopasowa\u0107 cyklin\u0119 do obrabianego kszta\u0142tu.<\/p>\n<p>Szczeg\u00f3lnie sprawdz\u0105 si\u0119 podczas usuwania starego lakieru, zabrudze\u0144, bejcy w takich meblach jak:<\/p>\n<ul>\n<li>krzes\u0142a typu Thonet wykonane z gi\u0119tego drewna o przekroju owalnym<\/li>\n<li>krzes\u0142a ludwikowskie z gi\u0119tymi nogami, frezami i rze\u017abieniami<\/li>\n<li>rielify na frontach<\/li>\n<li>rze\u017abienia, frezy<\/li>\n<li>miejsca trudnodost\u0119pne o nietypowych kszta\u0142tach<\/li>\n<\/ul>\n","protected":false},"excerpt":{"rendered":"<p>Zestaw 5 cyklin specjalistycznych do miejsc o zaoblonych kszta\u0142tach. S\u0142u\u017c\u0105 do usuwania zabrudze\u0144, bejc i lakier\u00f3w.<\/p>\n","protected":false},"featured_media":11621,"comment_status":"open","ping_status":"closed","template":"","meta":{"_ppp_document_settings_meta":"","_kad_post_transparent":"default","_kad_post_title":"","_kad_post_layout":"default","_kad_post_sidebar_id":"","_kad_post_content_style":"default","_kad_post_vertical_padding":"default","_kad_post_feature":"","_kad_post_feature_position":"","_kad_post_header":false,"_kad_post_footer":false},"product_brand":[],"product_cat":[74,23],"product_tag":[118,119,82],"class_list":{"0":"post-11617","1":"product","2":"type-product","3":"status-publish","4":"has-post-thumbnail","6":"product_cat-cykliny-i-skrobaki","7":"product_cat-narzedzia","8":"product_tag-cyklina","9":"product_tag-cyklina-do-mebli","10":"product_tag-cykliny","12":"first","13":"instock","14":"taxable","15":"shipping-taxable","16":"purchasable","17":"product-type-simple","18":"entry","19":"content-bg","20":"loop-entry"},"aioseo_notices":[],"_links":{"self":[{"href":"https:\/\/odnawialnia.pl\/sklep\/wp-json\/wp\/v2\/product\/11617","targetHints":{"allow":["GET"]}}],"collection":[{"href":"https:\/\/odnawialnia.pl\/sklep\/wp-json\/wp\/v2\/product"}],"about":[{"href":"https:\/\/odnawialnia.pl\/sklep\/wp-json\/wp\/v2\/types\/product"}],"replies":[{"embeddable":true,"href":"https:\/\/odnawialnia.pl\/sklep\/wp-json\/wp\/v2\/comments?post=11617"}],"wp:featuredmedia":[{"embeddable":true,"href":"https:\/\/odnawialnia.pl\/sklep\/wp-json\/wp\/v2\/media\/11621"}],"wp:attachment":[{"href":"https:\/\/odnawialnia.pl\/sklep\/wp-json\/wp\/v2\/media?parent=11617"}],"wp:term":[{"taxonomy":"product_brand","embeddable":true,"href":"https:\/\/odnawialnia.pl\/sklep\/wp-json\/wp\/v2\/product_brand?post=11617"},{"taxonomy":"product_cat","embeddable":true,"href":"https:\/\/odnawialnia.pl\/sklep\/wp-json\/wp\/v2\/product_cat?post=11617"},{"taxonomy":"product_tag","embeddable":true,"href":"https:\/\/odnawialnia.pl\/sklep\/wp-json\/wp\/v2\/product_tag?post=11617"}],"curies":[{"name":"wp","href":"https:\/\/api.w.org\/{rel}","templated":true}]}}