{"id":12133,"date":"2026-04-12T19:29:20","date_gmt":"2026-04-12T17:29:20","guid":{"rendered":"https:\/\/odnawialnia.pl\/sklep\/?post_type=product&#038;p=12133"},"modified":"2026-04-13T10:49:20","modified_gmt":"2026-04-13T08:49:20","slug":"poznaj-podstawy-intarsji-i-zrob-podkladke-pod-kubek-bezplatne-warsztaty","status":"publish","type":"product","link":"https:\/\/odnawialnia.pl\/sklep\/produkt\/poznaj-podstawy-intarsji-i-zrob-podkladke-pod-kubek-bezplatne-warsztaty\/","title":{"rendered":"Poznaj podstawy intarsji i zr\u00f3b  podk\u0142adk\u0119 pod kubek &#8211; bezp\u0142atne warsztaty"},"content":{"rendered":"<p>MIEJSCA JU\u017b SI\u0118 SKO\u0143CZY\u0141Y :(. Je\u017celi jeste\u015b zainteresowana zg\u0142o\u015b si\u0119 na list\u0119 rezerwow\u0105 na kontakt@odnawialnia.pl, do czwartku damy zna\u0107.<\/p>\n<p><strong>Je\u017celi jeste\u015b zainteresowana\/y nauk\u0105 intarsji &#8211; <a href=\"https:\/\/docs.google.com\/forms\/d\/e\/1FAIpQLSfeKhyb-a4daKolPvyCea5f4kBJeVyYlY8QCbpaeRMrIQuu-w\/viewform?usp=publish-editor\">ZG\u0141O\u015a SI\u0118<\/a>. Wkr\u00f3tce odb\u0119d\u0105 si\u0119 dedykowane warsztaty. Dla os\u00f3b, kt\u00f3re do nas si\u0119 zg\u0142osz\u0105 oferujemy atrakcyjny rabat.<\/strong><\/p>\n<p>Podczas zaj\u0119\u0107 poznasz specyfik\u0119 pracy z fornirem. To delikatne, cienkie i bardzo kruche okleiny z naturalnego drewna. Wykorzystuje si\u0119 je do oklejania ca\u0142ych mebli, a tak\u017ce do tworzenia skomplikowanych wzor\u00f3w.<\/p>\n<p>Celem zaj\u0119\u0107 jest:<\/p>\n<ul>\n<li>zapoznanie uczestnik\u00f3w z fornirem<\/li>\n<li>nauka ci\u0119cia oklein za pomoc\u0105 odpowiednich narz\u0119dzi<\/li>\n<li>wykonanie prostej intarsji na podk\u0142adce pod kubek<\/li>\n<li>poznanie klej\u00f3w do klejenia intarsji<\/li>\n<li>wci\u0105gni\u0119cie w ciekawy \u015bwiat tworzenia dekoracji z forniru:)<\/li>\n<\/ul>\n<p>Warsztaty trwaj\u0105 od godz. 11 do 14. Zaj\u0119cia s\u0105 bezp\u0142atne w ramach dnia otwartego pracowni Odnawialnia i Meblove Story.<\/p>\n<p><strong>Liczba miejsc ograniczona do 10 os\u00f3b.\u00a0<\/strong><\/p>\n","protected":false},"excerpt":{"rendered":"<p>Warsztaty wprowadzaj\u0105ce w \u015bwiat intarsji, czyli techniki dekorowania mebli fornirem. Termin: 17 kwietnia 2026 w ramach dnia otwartego pracowni Odnawialnia i Meblove Story.<\/p>\n","protected":false},"featured_media":12134,"comment_status":"open","ping_status":"closed","template":"","meta":{"_ppp_document_settings_meta":"","_kad_post_transparent":"default","_kad_post_title":"","_kad_post_layout":"default","_kad_post_sidebar_id":"","_kad_post_content_style":"default","_kad_post_vertical_padding":"default","_kad_post_feature":"","_kad_post_feature_position":"","_kad_post_header":false,"_kad_post_footer":false},"product_brand":[],"product_cat":[22],"product_tag":[],"class_list":{"0":"post-12133","1":"product","2":"type-product","3":"status-publish","4":"has-post-thumbnail","6":"product_cat-warsztaty","8":"first","9":"outofstock","10":"virtual","11":"sold-individually","12":"taxable","13":"purchasable","14":"product-type-simple","15":"entry","16":"content-bg","17":"loop-entry"},"aioseo_notices":[],"_links":{"self":[{"href":"https:\/\/odnawialnia.pl\/sklep\/wp-json\/wp\/v2\/product\/12133","targetHints":{"allow":["GET"]}}],"collection":[{"href":"https:\/\/odnawialnia.pl\/sklep\/wp-json\/wp\/v2\/product"}],"about":[{"href":"https:\/\/odnawialnia.pl\/sklep\/wp-json\/wp\/v2\/types\/product"}],"replies":[{"embeddable":true,"href":"https:\/\/odnawialnia.pl\/sklep\/wp-json\/wp\/v2\/comments?post=12133"}],"wp:featuredmedia":[{"embeddable":true,"href":"https:\/\/odnawialnia.pl\/sklep\/wp-json\/wp\/v2\/media\/12134"}],"wp:attachment":[{"href":"https:\/\/odnawialnia.pl\/sklep\/wp-json\/wp\/v2\/media?parent=12133"}],"wp:term":[{"taxonomy":"product_brand","embeddable":true,"href":"https:\/\/odnawialnia.pl\/sklep\/wp-json\/wp\/v2\/product_brand?post=12133"},{"taxonomy":"product_cat","embeddable":true,"href":"https:\/\/odnawialnia.pl\/sklep\/wp-json\/wp\/v2\/product_cat?post=12133"},{"taxonomy":"product_tag","embeddable":true,"href":"https:\/\/odnawialnia.pl\/sklep\/wp-json\/wp\/v2\/product_tag?post=12133"}],"curies":[{"name":"wp","href":"https:\/\/api.w.org\/{rel}","templated":true}]}}