{"id":1368,"date":"2024-01-02T19:00:15","date_gmt":"2024-01-02T18:00:15","guid":{"rendered":"https:\/\/odnawialnia.pl\/sklep\/?post_type=product&#038;p=1368"},"modified":"2026-01-05T15:13:54","modified_gmt":"2026-01-05T14:13:54","slug":"renowacja-krzesla-halasa-pakiet-podstawowy","status":"publish","type":"product","link":"https:\/\/odnawialnia.pl\/sklep\/produkt\/renowacja-krzesla-halasa-pakiet-podstawowy\/","title":{"rendered":"Kurs Wideo &#8211; RENOWACJA KRZES\u0141A HA\u0141ASA"},"content":{"rendered":"<h2><strong>Ten kurs jest dla ciebie je\u017celi:<\/strong><\/h2>\n<ul>\n<li>jeste\u015b pocz\u0105tkuj\u0105cym renowatorem-hobbyst\u0105, kt\u00f3ry potrzebuje wsparcia krok po kroku<\/li>\n<li>masz wiele w\u0105tpliwo\u015bci dotycz\u0105cych renowacji, kt\u00f3re blokuj\u0105 Ci\u0119, by zacz\u0105\u0107<\/li>\n<li>boisz si\u0119, \u017ce nie dasz rady i uwa\u017casz, \u017ce masz dwie lewe r\u0119ce<\/li>\n<li>twierdzisz \u017ce nie umiesz szy\u0107 na maszynie, wi\u0119c tapicerka nie jest dla ciebie<\/li>\n<li>nie uda\u0142o ci si\u0119 doko\u0144czy\u0107 renowacji jakiego\u015b mebla i teraz jeste\u015b zniech\u0119cony<\/li>\n<li>chcesz odpicowa\u0107 swojego Ha\u0142asa i boisz si\u0119, \u017ce sam co\u015b zepsujesz<\/li>\n<li>uwa\u017casz ze potrzebujesz specjalistycznych narz\u0119dzi, w\u0142asnej pracowni, a przecie\u017c mieszkasz w ma\u0142ym mieszkaniu z dzie\u0107mi i ciekawskim kotem<\/li>\n<\/ul>\n<h2><strong>Szczeg\u00f3lnie polecam w kursie<\/strong><\/h2>\n<p><strong>Metody oczyszczania stela\u017ca<\/strong><\/p>\n<p>Po raz pierwszy pokazuj\u0119 r\u00f3\u017cne podej\u015bcia do oczyszczania stolarki. Wiem, \u017ce dla wielu os\u00f3b usuwanie starego lakieru i bejcy to droga przez m\u0119k\u0119. W kursie masz wyb\u00f3r &#8211; czy chcesz doczy\u015bci\u0107 drewno do naturalnej buczyny, czy wykona\u0107 mniej pracy i odnowi\u0107 krzes\u0142o w podobnym odcieniu, a mo\u017ce wystarczy tylko retusz na lakierze?<\/p>\n<p><strong>Szablony tapicerskie<\/strong><\/p>\n<p>Razem ze mn\u0105 wykonasz proste szablony z kartonu. Dzi\u0119ki nim precyzyjnie wytniesz tkanin\u0119 na siedzisko i oparcie, tak aby nie zabrak\u0142o ci tkaniny lub nie by\u0142o jej za du\u017co. Szablony przydadz\u0105 si\u0119 do kolejnych projekt\u00f3w.<\/p>\n<p>&nbsp;<\/p>\n<p><strong>Patenty na piank\u0119 tapicersk\u0105<\/strong><\/p>\n<p>Najpierw wycina\u0107 czy wkleja\u0107? Ci\u0105\u0107 po linii czy dalej? No\u017cyczki wystarcz\u0105, czy musz\u0119 mie\u0107 sprz\u0119t? Dlaczego moja pianka ma tak poszarpane brzegi?! Te pytania cz\u0119sto przewijaj\u0105 si\u0119 na warsztatach a ja rozprawiam si\u0119 z nimi w kursie.<\/p>\n<h2><strong style=\"font-size: 16px;\"><img fetchpriority=\"high\" decoding=\"async\" class=\"wp-image-1393 size-full aligncenter\" src=\"https:\/\/odnawialnia.pl\/sklep\/wp-content\/uploads\/2020\/11\/1.png\" alt=\"\" width=\"794\" height=\"200\" srcset=\"https:\/\/odnawialnia.pl\/sklep\/wp-content\/uploads\/2020\/11\/1.png 794w, https:\/\/odnawialnia.pl\/sklep\/wp-content\/uploads\/2020\/11\/1-600x151.png 600w, https:\/\/odnawialnia.pl\/sklep\/wp-content\/uploads\/2020\/11\/1-300x76.png 300w, https:\/\/odnawialnia.pl\/sklep\/wp-content\/uploads\/2020\/11\/1-768x193.png 768w\" sizes=\"(max-width: 794px) 100vw, 794px\" \/><\/strong><\/h2>\n<h2><strong>Czy ten kurs mi si\u0119 przyda je\u017celi nie am krzes\u0142a Ha\u0142asa?<\/strong><\/h2>\n<p>Kurs przeprowadza przez proces renowacji krzes\u0142a z tapicerowanym siedziskiem i oparciem. Z pewno\u015bci\u0105 b\u0119dzie przydatny je\u017celi zamierzasz odnowi\u0107 takie krzes\u0142a jak serduszko, motylek, typ 5908 czy \u0142atwiejsze w tapicerowaniu krzes\u0142a o kwadratowej formie.<\/p>\n<p><img decoding=\"async\" class=\"wp-image-1394 size-full aligncenter\" src=\"https:\/\/odnawialnia.pl\/sklep\/wp-content\/uploads\/2020\/11\/2.png\" alt=\"\" width=\"794\" height=\"200\" srcset=\"https:\/\/odnawialnia.pl\/sklep\/wp-content\/uploads\/2020\/11\/2.png 794w, https:\/\/odnawialnia.pl\/sklep\/wp-content\/uploads\/2020\/11\/2-600x151.png 600w, https:\/\/odnawialnia.pl\/sklep\/wp-content\/uploads\/2020\/11\/2-300x76.png 300w, https:\/\/odnawialnia.pl\/sklep\/wp-content\/uploads\/2020\/11\/2-768x193.png 768w\" sizes=\"(max-width: 794px) 100vw, 794px\" \/><\/p>\n<h2><strong>Spis tre\u015bci kursu<\/strong><\/h2>\n<p>Kurs sk\u0142ada si\u0119 z 6 modu\u0142\u00f3w odpowiadaj\u0105cych poszczeg\u00f3lnym etapom renowacji krzes\u0142a: <strong>\u00a0<\/strong><\/p>\n<p>Modu\u0142 1. ZANIM ZACZNIESZ<\/p>\n<p>Modu\u0142 2. USUWAMY POW\u0141OKI<\/p>\n<p>Modu\u0142 3. WYCINAMY WARSTWY TAPICERSKIE<\/p>\n<p>Modu\u0142 4. SZYJEMY I DOCZEPIAMY TKANIN\u0118 NA SIEDZISKO<\/p>\n<p>Modu\u0142 5. TAPICERUJEMY OPARCIE<\/p>\n<p>Modu\u0142 6. ODNAWIAMY \u00a0STELA\u017b<\/p>\n","protected":false},"excerpt":{"rendered":"<p>Zestaw materia\u0142\u00f3w video i pdf do samodzielnej nauki renowacji krzes\u0142a typ 200-190 w trybie online.\u00a0 Na filmach znajdziesz instrukcje jak krok po kroku wymieni\u0107 obicie siedziska i oparcia oraz oczy\u015bci\u0107 i zabezpieczy\u0107 drewniany stela\u017c. Kurs sprawdzi si\u0119 tak\u017ce do nauki renowacji innych krzese\u0142 z tapicerowanym oparciem i siedziskiem.<\/p>\n","protected":false},"featured_media":1374,"comment_status":"open","ping_status":"closed","template":"","meta":{"_ppp_document_settings_meta":"","_kad_post_transparent":"default","_kad_post_title":"","_kad_post_layout":"default","_kad_post_sidebar_id":"","_kad_post_content_style":"default","_kad_post_vertical_padding":"default","_kad_post_feature":"","_kad_post_feature_position":"","_kad_post_header":false,"_kad_post_footer":false},"product_brand":[],"product_cat":[34],"product_tag":[],"class_list":{"0":"post-1368","1":"product","2":"type-product","3":"status-publish","4":"has-post-thumbnail","6":"product_cat-kursy-online","8":"first","9":"instock","10":"downloadable","11":"virtual","12":"taxable","13":"purchasable","14":"product-type-simple","15":"entry","16":"content-bg","17":"loop-entry"},"aioseo_notices":[],"_links":{"self":[{"href":"https:\/\/odnawialnia.pl\/sklep\/wp-json\/wp\/v2\/product\/1368","targetHints":{"allow":["GET"]}}],"collection":[{"href":"https:\/\/odnawialnia.pl\/sklep\/wp-json\/wp\/v2\/product"}],"about":[{"href":"https:\/\/odnawialnia.pl\/sklep\/wp-json\/wp\/v2\/types\/product"}],"replies":[{"embeddable":true,"href":"https:\/\/odnawialnia.pl\/sklep\/wp-json\/wp\/v2\/comments?post=1368"}],"wp:featuredmedia":[{"embeddable":true,"href":"https:\/\/odnawialnia.pl\/sklep\/wp-json\/wp\/v2\/media\/1374"}],"wp:attachment":[{"href":"https:\/\/odnawialnia.pl\/sklep\/wp-json\/wp\/v2\/media?parent=1368"}],"wp:term":[{"taxonomy":"product_brand","embeddable":true,"href":"https:\/\/odnawialnia.pl\/sklep\/wp-json\/wp\/v2\/product_brand?post=1368"},{"taxonomy":"product_cat","embeddable":true,"href":"https:\/\/odnawialnia.pl\/sklep\/wp-json\/wp\/v2\/product_cat?post=1368"},{"taxonomy":"product_tag","embeddable":true,"href":"https:\/\/odnawialnia.pl\/sklep\/wp-json\/wp\/v2\/product_tag?post=1368"}],"curies":[{"name":"wp","href":"https:\/\/api.w.org\/{rel}","templated":true}]}}