{"id":2095,"date":"2021-01-29T18:17:12","date_gmt":"2021-01-29T17:17:12","guid":{"rendered":"https:\/\/odnawialnia.pl\/sklep\/?post_type=product&#038;p=2095"},"modified":"2024-04-08T22:29:58","modified_gmt":"2024-04-08T20:29:58","slug":"przypinki-tematyczne-zestaw-9-szt","status":"publish","type":"product","link":"https:\/\/odnawialnia.pl\/sklep\/produkt\/przypinki-tematyczne-zestaw-9-szt\/","title":{"rendered":"Przypinki tematyczne &#8211; zestaw 9 szt."},"content":{"rendered":"<p>Zabawne przypinki z has\u0142ami wymy\u015blonymi przez fan\u00f3w renowacji i stylizacji mebli. Dodadz\u0105 animuszu podczas pracy i natchn\u0105 Ci\u0119 pozytywnie do dzia\u0142ania. Idealny drobiazg na prezent dla siebie lub bliskiej osoby, kt\u00f3rej hobby to drewno lub odnawianie mebli.<\/p>\n<p><strong>Kompet dla prawdziwych kolekcjoner\u00f3w &#8211; zawiera wszystkie dost\u0119pne wzory przypinek. Kupuj\u0105c w zestawie p\u0142acisz najmniej za 1 sztuk\u0119.<\/strong><\/p>\n<p>1 sztuka &#8211; 8 z\u0142<\/p>\n<p>3 sztuki &#8211; 19 z\u0142 (6,3 \/ 1 szt)<\/p>\n<p>5 sztuk &#8211; 26 z\u0142 (5,2 \/ 1 szt)<\/p>\n<p>komplet &#8211; 44 z\u0142 (4,8 \/ 1 szt)<\/p>\n<p><strong><a href=\"https:\/\/odnawialnia.pl\/sklep\/kategoria-produktu\/przypinki\/\">Zobacz pozosta\u0142e zestawy<\/a>\u00a0<\/strong><\/p>\n","protected":false},"excerpt":{"rendered":"<p>Zabawne przypinki z has\u0142ami wymy\u015blonymi przez fan\u00f3w renowacji i stylizacji mebli. Dodadz\u0105 animuszu podczas pracy i natchn\u0105 Ci\u0119 pozytywnie do dzia\u0142ania. Idealny drobiazg na prezent dla siebie lub bliskiej osoby, kt\u00f3rej hobby to drewno lub odnawianie mebli. Kompet dla prawdziwych kolekcjoner\u00f3w &#8211; zawiera wszystkie dost\u0119pne wzory przypinek. Kupuj\u0105c w zestawie p\u0142acisz najmniej za 1 sztuk\u0119&#8230;.<\/p>\n","protected":false},"featured_media":2125,"comment_status":"open","ping_status":"closed","template":"","meta":{"_ppp_document_settings_meta":"","_kad_post_transparent":"","_kad_post_title":"","_kad_post_layout":"","_kad_post_sidebar_id":"","_kad_post_content_style":"","_kad_post_vertical_padding":"","_kad_post_feature":"","_kad_post_feature_position":"","_kad_post_header":false,"_kad_post_footer":false},"product_brand":[],"product_cat":[36],"product_tag":[],"class_list":{"0":"post-2095","1":"product","2":"type-product","3":"status-publish","4":"has-post-thumbnail","6":"product_cat-przypinki","8":"first","9":"instock","10":"taxable","11":"shipping-taxable","12":"purchasable","13":"product-type-simple","14":"entry","15":"content-bg","16":"loop-entry"},"aioseo_notices":[],"_links":{"self":[{"href":"https:\/\/odnawialnia.pl\/sklep\/wp-json\/wp\/v2\/product\/2095","targetHints":{"allow":["GET"]}}],"collection":[{"href":"https:\/\/odnawialnia.pl\/sklep\/wp-json\/wp\/v2\/product"}],"about":[{"href":"https:\/\/odnawialnia.pl\/sklep\/wp-json\/wp\/v2\/types\/product"}],"replies":[{"embeddable":true,"href":"https:\/\/odnawialnia.pl\/sklep\/wp-json\/wp\/v2\/comments?post=2095"}],"wp:featuredmedia":[{"embeddable":true,"href":"https:\/\/odnawialnia.pl\/sklep\/wp-json\/wp\/v2\/media\/2125"}],"wp:attachment":[{"href":"https:\/\/odnawialnia.pl\/sklep\/wp-json\/wp\/v2\/media?parent=2095"}],"wp:term":[{"taxonomy":"product_brand","embeddable":true,"href":"https:\/\/odnawialnia.pl\/sklep\/wp-json\/wp\/v2\/product_brand?post=2095"},{"taxonomy":"product_cat","embeddable":true,"href":"https:\/\/odnawialnia.pl\/sklep\/wp-json\/wp\/v2\/product_cat?post=2095"},{"taxonomy":"product_tag","embeddable":true,"href":"https:\/\/odnawialnia.pl\/sklep\/wp-json\/wp\/v2\/product_tag?post=2095"}],"curies":[{"name":"wp","href":"https:\/\/api.w.org\/{rel}","templated":true}]}}