{"id":265,"date":"2019-09-06T13:15:54","date_gmt":"2019-09-06T11:15:54","guid":{"rendered":"https:\/\/odnawialnia.pl\/sklep\/?post_type=product&#038;p=265"},"modified":"2026-04-08T14:41:15","modified_gmt":"2026-04-08T12:41:15","slug":"warsztaty-renowacji-mebli","status":"publish","type":"product","link":"https:\/\/odnawialnia.pl\/sklep\/produkt\/warsztaty-renowacji-mebli\/","title":{"rendered":"SOLIDNE PODSTAWY RENOWACJI MEBLI"},"content":{"rendered":"<p><strong>CEL SZKOLENIA<\/strong><\/p>\n<p><span style=\"font-weight: 400;\">Celem warsztat\u00f3w jest samodzielna renowacja przyniesionego mebla. Poka\u017cemy Ci techniki, kt\u00f3re od razu zastosujesz w praktyce. Dzi\u0119ki warsztatom:<\/span><\/p>\n<ul>\n<li style=\"font-weight: 400;\" aria-level=\"1\"><span style=\"font-weight: 400;\">poznasz najwa\u017cniejsze techniki oczyszczania mebli i te najbardziej adekwatne dla twojego mebla wykorzystasz\u00a0 w procesie renowacji<\/span><\/li>\n<li style=\"font-weight: 400;\" aria-level=\"1\"><span style=\"font-weight: 400;\">nauczysz si\u0119 obs\u0142ugi cyklin i jedn\u0105 z nich otrzymasz do domu, w celu dalszej praktyki<\/span><\/li>\n<li style=\"font-weight: 400;\" aria-level=\"1\"><span style=\"font-weight: 400;\">nauczysz si\u0119 klejenia mebli i stosowania \u015bcisk\u00f3w stolarskich (je\u017celi tw\u00f3j mebel b\u0119dzie wymaga\u0142 klejenia)<\/span><\/li>\n<li aria-level=\"1\">wykonasz naprawy ubytk\u00f3w za pomoc\u0105 szpachli, forniru, drewna lub wosk\u00f3w &#8211; w zale\u017cno\u015bci od rodzaju uszkodzenia<\/li>\n<li style=\"font-weight: 400;\" aria-level=\"1\"><span style=\"font-weight: 400;\">dowiesz si\u0119 jakie s\u0105 \u015brodki do barwienia mebli i wykonasz pr\u00f3bki kolorystyczne na swoim przedmiocie<\/span><\/li>\n<li style=\"font-weight: 400;\" aria-level=\"1\"><span style=\"font-weight: 400;\">poznasz \u015brodki do zabezpieczania mebli i jeden z nich zastosujesz na swoim meblu<\/span><\/li>\n<li style=\"font-weight: 400;\" aria-level=\"1\"><span style=\"font-weight: 400;\">nauczysz si\u0119 technik aplikacji bejc, wosk\u00f3w, lakier\u00f3w, olejowosk\u00f3w<\/span><\/li>\n<li style=\"font-weight: 400;\" aria-level=\"1\"><span style=\"font-weight: 400;\">wypr\u00f3bujesz podstawowe techniki tapicerskie (je\u017celi przyniesiesz krzes\u0142o tapicerowane)<\/span><\/li>\n<\/ul>\n<p><strong>Co zyskasz dzi\u0119ki warsztatom:<\/strong><\/p>\n<p>Przede wszystkim wr\u00f3cisz do domu z samodzielnie odnowionym meblem i wiedz\u0105, jak zabra\u0107 si\u0119 za kolejne egzemplarze. Ka\u017cda osoba pracuje nad w\u0142asnym meblem i zakres czynno\u015bci, kt\u00f3re wykona, zale\u017cy od stopnia jego zniszczenia. Podczas zaj\u0119\u0107 mo\u017cna jednak obserwowa\u0107 problemy innych uczestnik\u00f3w i w ten spos\u00f3b poszerza\u0107 swoj\u0105 wiedz\u0119.<\/p>\n<p>W trakcie warsztat\u00f3w wykonujemy takie prace jak:<\/p>\n<ul>\n<li>demonta\u017c i klejenie mebli<\/li>\n<li>szpachlowanie ubytk\u00f3w za pomoc\u0105 odpowiednich \u015brodk\u00f3w lub\u00a0 robienie wklejek w fornirze<\/li>\n<li>oczyszczanie drewna lub forniru za pomoc\u0105 odpowiednio dobranych metod<\/li>\n<li>barwienie drewna &#8211; dob\u00f3r odpowiednich preparat\u00f3w, aby uzyska\u0107 wymarzony kolor i ewentualnie zamaskowa\u0107 niedoskona\u0142o\u015bci<\/li>\n<li>zabezpieczanie drewna lub forniru za pomoc\u0105 wosku, oleju, olejowosku lub lakieru<\/li>\n<li>wymiana pow\u0142ok tapicerskich, w tym podstawowe wi\u0105zanie spr\u0119\u017cyn, naci\u0105ganie pas\u00f3w, ci\u0119cie i klejenie pianki<\/li>\n<li>tapicerowanie siedzisk i opar\u0107 krzese\u0142 ze szczeg\u00f3lnym naciskiem na w\u0142a\u015bciwe wyprowadzenie naro\u017cnik\u00f3w<\/li>\n<li>szycie r\u0119czne \u015bciegiem krytym<\/li>\n<\/ul>\n<h3><\/h3>\n<p><strong>Warsztaty renowacji mebli \u2013 program<\/strong><\/p>\n<p><strong>Dzie\u0144 I\u00a0 | OCZYSZCZANIE<\/strong><\/p>\n<ul>\n<li>Instrukta\u017c pos\u0142ugiwania si\u0119 cyklinami<\/li>\n<li>Demonta\u017c, rozklejanie mebla (gdy b\u0119dzie to konieczne)<\/li>\n<li>Oczyszczanie drewna z zastosowaniem najlepszej metody dla danego mebla<\/li>\n<li>W przerwie ostrzenie cykliny i robienie na niej zadziora<\/li>\n<li>Klejenie, uzupe\u0142nianie ubytk\u00f3w<\/li>\n<\/ul>\n<p><strong>Dzie\u0144 II\u00a0 | DEKORACJA I ZABEZPIECZANIE<\/strong><\/p>\n<ul>\n<li>Barwienie mebli<\/li>\n<li>Wyka\u0144czanie i zabezpieczanie powierzchni<\/li>\n<li>Tapicerowanie siedziska w przypadku krzese\u0142<\/li>\n<li>Sk\u0142adanie, skr\u0119canie<\/li>\n<li>Sesja zdj\u0119ciowa<\/li>\n<\/ul>\n<p><strong>Szczeg\u00f3\u0142y organizacyjne<\/strong><\/p>\n<ul>\n<li><strong>Liczba uczestnik\u00f3w<\/strong>\u00a0| 8<\/li>\n<li><strong>Liczba godzin szkoleniowych<\/strong> | 16<\/li>\n<li><strong>Miejsce<\/strong> | Warszawa, ul. Korkowa 167, teren Warszawskich Zak\u0142ad\u00f3w Kaletniczych NOMA (<strong><a href=\"https:\/\/odnawialnia.pl\/sklep\/wp-content\/uploads\/2019\/09\/mapa-dojazdu-odnawialnia.png\">szczeg\u00f3\u0142y dojazdu<\/a><\/strong>)<\/li>\n<li><strong>Co trzeba przynie\u015b\u0107<\/strong> | ma\u0142y mebel, np. krzes\u0142o z tapicerk\u0105 lub stela\u017c od fotela, stolik kawowy, szafka nocna, p\u00f3\u0142ka, mniejszy st\u00f3\u0142, szafka nocna<\/li>\n<li><strong>Posi\u0142ek<\/strong> | w cenie wliczone s\u0105 napoje (woda, soki, kawa, herbata) oraz drobne przek\u0105ski typu s\u0142odycze i owoce, na miejscu jest mikrofal\u00f3wka, mo\u017cna przynie\u015b\u0107 sw\u00f3j posi\u0142ek<\/li>\n<li><strong>Cena<\/strong> |\u00a0 1300 z\u0142 z\u0142, dop\u0142ata za drug\u0105 osob\u0119 pracuj\u0105c\u0105 przy tym samym meblu &#8211; 200 z\u0142<\/li>\n<li><strong>Rezerwacja miejsca<\/strong> | aby zarezerwowa\u0107 miejsce wymagana jest wp\u0142ata pierwszej raty w wysoko\u015bci 600 z\u0142; w razie rezygnacji z warsztat\u00f3w jest mo\u017cliwo\u015b\u0107 zwrotu, je\u017celi rezygnacja nast\u0105pi najp\u00f3\u017aniej 20 dni przed warsztatami. <strong>Podczas zwrotu potr\u0105cana jest warto\u015b\u0107 10% wp\u0142aty tytu\u0142em koszt\u00f3w organizacyjnych.<\/strong><\/li>\n<\/ul>\n<h3>Informacje w sprawie op\u0142at<\/h3>\n<p>Istnieje mo\u017cliwo\u015b\u0107 wp\u0142aty ratalnej &#8211; I rata 600 z\u0142, II rata 700 z\u0142. Wp\u0142ata I raty jest warunkiem rezerwacji miejsca. Jest mo\u017cliwo\u015b\u0107 zwrotu wp\u0142aty i anulowania zam\u00f3wienia w terminie 20 dni przed dat\u0105 zaj\u0119\u0107 (potr\u0105camy 10% tytu\u0142em op\u0142at organizacyjnych). Je\u017celi wp\u0142ata nast\u0105pi\u0142a p\u00f3\u017aniej, oferujemy opcj\u0119 zmiany terminu. Zmiana terminu zaj\u0119\u0107 mo\u017ce odby\u0107 si\u0119 raz, pod warunkiem \u017ce zg\u0142oszenie nast\u0105pi\u0142o najp\u00f3\u017aniej 7 dni przed warsztatami. W sytuacjach wyj\u0105tkowych prosz\u0119 o kontakt telefoniczny.<\/p>\n","protected":false},"excerpt":{"rendered":"<p><strong>Trwaj\u0105 zapisy na termin 16-17 maja 2026<\/strong><\/p>\n<p>Jedyne na rynku warsztaty odnawiania mebli \u0142\u0105cz\u0105ce w sobie elementy renowacji oraz tapicerki. G\u0142\u00f3wny nacisk po\u0142o\u017cony jest na tradycyjne techniki oczyszczania mebli, dlatego wszyscy uczestnicy ucz\u0105 si\u0119 pos\u0142ugiwania cyklin\u0105, a na koniec zabieraj\u0105 j\u0105 do domu. Celem warsztat\u00f3w jest ods\u0142oni\u0119cie czystego drewna lub forniru i naturalne wyko\u0144czenie drewna za pomoc\u0105 oleju, wosku, lakieru lub olejowosku.<\/p>\n<p><strong>Cena 1 osoba &#8211; 1300 z\u0142, w parze &#8211; 1500 z\u0142.<\/strong> W cenie warsztatu wszystkie materia\u0142y i cyklina. Warunkiem rezerwacji jest wp\u0142ata 600 z\u0142 pierwszej raty.<\/p>\n","protected":false},"featured_media":3911,"comment_status":"open","ping_status":"closed","template":"","meta":{"_ppp_document_settings_meta":"","_kad_post_transparent":"default","_kad_post_title":"","_kad_post_layout":"default","_kad_post_sidebar_id":"","_kad_post_content_style":"default","_kad_post_vertical_padding":"default","_kad_post_feature":"","_kad_post_feature_position":"","_kad_post_header":false,"_kad_post_footer":false},"product_brand":[],"product_cat":[22],"product_tag":[],"class_list":{"0":"post-265","1":"product","2":"type-product","3":"status-publish","4":"has-post-thumbnail","6":"product_cat-warsztaty","8":"first","9":"instock","10":"sale","11":"taxable","12":"shipping-taxable","13":"purchasable","14":"product-type-variable","15":"entry","16":"content-bg","17":"loop-entry"},"aioseo_notices":[],"_links":{"self":[{"href":"https:\/\/odnawialnia.pl\/sklep\/wp-json\/wp\/v2\/product\/265","targetHints":{"allow":["GET"]}}],"collection":[{"href":"https:\/\/odnawialnia.pl\/sklep\/wp-json\/wp\/v2\/product"}],"about":[{"href":"https:\/\/odnawialnia.pl\/sklep\/wp-json\/wp\/v2\/types\/product"}],"replies":[{"embeddable":true,"href":"https:\/\/odnawialnia.pl\/sklep\/wp-json\/wp\/v2\/comments?post=265"}],"wp:featuredmedia":[{"embeddable":true,"href":"https:\/\/odnawialnia.pl\/sklep\/wp-json\/wp\/v2\/media\/3911"}],"wp:attachment":[{"href":"https:\/\/odnawialnia.pl\/sklep\/wp-json\/wp\/v2\/media?parent=265"}],"wp:term":[{"taxonomy":"product_brand","embeddable":true,"href":"https:\/\/odnawialnia.pl\/sklep\/wp-json\/wp\/v2\/product_brand?post=265"},{"taxonomy":"product_cat","embeddable":true,"href":"https:\/\/odnawialnia.pl\/sklep\/wp-json\/wp\/v2\/product_cat?post=265"},{"taxonomy":"product_tag","embeddable":true,"href":"https:\/\/odnawialnia.pl\/sklep\/wp-json\/wp\/v2\/product_tag?post=265"}],"curies":[{"name":"wp","href":"https:\/\/api.w.org\/{rel}","templated":true}]}}