{"id":3985,"date":"2021-10-28T10:32:17","date_gmt":"2021-10-28T08:32:17","guid":{"rendered":"https:\/\/odnawialnia.pl\/sklep\/?post_type=product&#038;p=3985"},"modified":"2025-05-20T16:15:50","modified_gmt":"2025-05-20T14:15:50","slug":"karta-podarunkowa-wartosciowa","status":"publish","type":"product","link":"https:\/\/odnawialnia.pl\/sklep\/produkt\/karta-podarunkowa-wartosciowa\/","title":{"rendered":"Karta podarunkowa warto\u015bciowa"},"content":{"rendered":"<p>Karta podarunkowa upowa\u017cnia do zakup\u00f3w ka\u017cdego z produkt\u00f3w dost\u0119pnych w sklepie Odnawialni &#8211; mog\u0105 to by\u0107 warsztaty, konsultacje indywidualne, fartuchy czy startery z narz\u0119dziami i materia\u0142ami. Karta mo\u017ce by\u0107 tak\u017ce wymieniona na profesjonaln\u0105 renowacj\u0119 mebla przeze mnie.<\/p>\n<p><strong>Realizacja karty podarunkowej<\/strong><\/p>\n<p>Ka\u017cda karta otrzyma indywidualny kod rabatowy, kt\u00f3ry uprawnia do zni\u017cki w sklepie internetowym podczas sk\u0142adania zam\u00f3wienia. Je\u017celi warto\u015b\u0107 zakupu jest ni\u017csza ni\u017c warto\u015b\u0107 karty nadwy\u017cka mo\u017ce zosta\u0107 wykorzystana w p\u00f3\u017aniejszym terminie na innych produkt. Nie ma mo\u017cliwo\u015bci zwrotu got\u00f3wki.<\/p>\n<p>Voucher jest wystawiany na imi\u0119 i nazwisko osoby obdarowanej (pro\u015bba o wpisanie danych w polu uwagi, podczas sk\u0142adania zam\u00f3wienia).<\/p>\n<p><strong>Forma dor\u0119czenia vouchera<\/strong><\/p>\n<p>Kart\u0119 wysy\u0142amy w wersji papierowej lub elektronicznej (odpowiedni\u0105 opcj\u0119 nale\u017cy zaznaczy\u0107 w zam\u00f3wieniu). Wersja papierowa jest opakowana w estetyczny kartonik. Wersj\u0119 elektroniczn\u0105 nale\u017cy samodzielnie wydrukowa\u0107 i wypisa\u0107. Istnieje tak\u017ce mo\u017cliwo\u015b\u0107 odbioru osobistego w Wawrze.<\/p>\n<p><strong>P\u0142atno\u015b\u0107<\/strong><\/p>\n<p>Vouchery podarunkowe s\u0105 op\u0142acane w ca\u0142o\u015bci poprzez system p\u0142atno\u015bci online, nie ma mo\u017cliwo\u015bci wp\u0142aty zaliczki.\u00a0Na \u017cyczenie wystawiam faktur\u0119 &#8211; pro\u015bba o wpisanie numeru NIP w uwagach.<\/p>\n","protected":false},"excerpt":{"rendered":"<p>Karta podarunkowa o okre\u015blonej warto\u015bci to pomys\u0142 na prezent dla tych, kt\u00f3rzy nie s\u0105 pewni co wybra\u0107 z oferty warsztatowej Odnawialni.<\/p>\n","protected":false},"featured_media":3994,"comment_status":"open","ping_status":"closed","template":"","meta":{"_ppp_document_settings_meta":"","_kad_post_transparent":"","_kad_post_title":"","_kad_post_layout":"","_kad_post_sidebar_id":"","_kad_post_content_style":"","_kad_post_vertical_padding":"","_kad_post_feature":"","_kad_post_feature_position":"","_kad_post_header":false,"_kad_post_footer":false},"product_brand":[],"product_cat":[44],"product_tag":[76],"class_list":{"0":"post-3985","1":"product","2":"type-product","3":"status-publish","4":"has-post-thumbnail","6":"product_cat-vouchery","7":"product_tag-vouchery","9":"first","10":"instock","11":"taxable","12":"shipping-taxable","13":"purchasable","14":"product-type-variable","15":"entry","16":"content-bg","17":"loop-entry"},"aioseo_notices":[],"_links":{"self":[{"href":"https:\/\/odnawialnia.pl\/sklep\/wp-json\/wp\/v2\/product\/3985","targetHints":{"allow":["GET"]}}],"collection":[{"href":"https:\/\/odnawialnia.pl\/sklep\/wp-json\/wp\/v2\/product"}],"about":[{"href":"https:\/\/odnawialnia.pl\/sklep\/wp-json\/wp\/v2\/types\/product"}],"replies":[{"embeddable":true,"href":"https:\/\/odnawialnia.pl\/sklep\/wp-json\/wp\/v2\/comments?post=3985"}],"wp:featuredmedia":[{"embeddable":true,"href":"https:\/\/odnawialnia.pl\/sklep\/wp-json\/wp\/v2\/media\/3994"}],"wp:attachment":[{"href":"https:\/\/odnawialnia.pl\/sklep\/wp-json\/wp\/v2\/media?parent=3985"}],"wp:term":[{"taxonomy":"product_brand","embeddable":true,"href":"https:\/\/odnawialnia.pl\/sklep\/wp-json\/wp\/v2\/product_brand?post=3985"},{"taxonomy":"product_cat","embeddable":true,"href":"https:\/\/odnawialnia.pl\/sklep\/wp-json\/wp\/v2\/product_cat?post=3985"},{"taxonomy":"product_tag","embeddable":true,"href":"https:\/\/odnawialnia.pl\/sklep\/wp-json\/wp\/v2\/product_tag?post=3985"}],"curies":[{"name":"wp","href":"https:\/\/api.w.org\/{rel}","templated":true}]}}