{"id":4306,"date":"2021-12-13T17:19:13","date_gmt":"2021-12-13T16:19:13","guid":{"rendered":"https:\/\/odnawialnia.pl\/sklep\/?post_type=product&#038;p=4306"},"modified":"2026-03-08T16:12:03","modified_gmt":"2026-03-08T15:12:03","slug":"ksiazka-tapiceruj-aleksander-kadziela","status":"publish","type":"product","link":"https:\/\/odnawialnia.pl\/sklep\/produkt\/ksiazka-tapiceruj-aleksander-kadziela\/","title":{"rendered":"Ksi\u0105\u017cka &#8220;TAPICERUJ!&#8221; Aleksander K\u0105dziela"},"content":{"rendered":"<p>Napisany przez najlepszego mistrza &#8211; Alka K\u0105dziel\u0119 \u00a0<a href=\"https:\/\/www.instagram.com\/tapicerwakcji\/\">@tapicerwakcji<\/a>, kt\u00f3rego nasz renowacyjny \u015bwiatek doskonale zna i chyba nie trzeba go specjalnie rekomendowa\u0107 &#8211; wielu by\u0142o, planuje by\u0107 lub b\u0119dzie na jego warsztatach. Ja te\u017c swoje pierwsze tapicerskie szlify zdobywa\u0142am u niego i mog\u0119 potwierdzi\u0107 &#8211; warto, trzeba, koniecznie.<\/p>\n<div>Gwarantuj\u0119, \u017ce ksi\u0105\u017cka trafi dok\u0142adnie w wasze potrzeby &#8211; jest troch\u0119 teorii ale przede wszystkim praktyka. Alek zdradza swoje patenty i pokazuje krok po kroku wymian\u0119 tapicerki Chirka, Liska, Serduszka, Ha\u0142asa typ 200-190, Agi. Sama \u015bmietanka prlowskich klasyk\u00f3w, ale jest i uszak i parawan i pufa, s\u0142owem wszystko o czym marzycie, ale nie wiecie jak zrobi\u0107.<\/div>\n<div><\/div>\n<div><\/div>\n<p>&nbsp;<\/p>\n<div>Warto zacz\u0105\u0107 swoj\u0105 tapicersk\u0105 przygod\u0119 od tej ksi\u0105\u017cki, poczyta\u0107 o piankach, wype\u0142nieniach naturalnych, tkaninach obiciowych, zobaczy\u0107 jak szyje si\u0119 kedr\u0119, prowadzi \u015bcieg kryty, jak naci\u0105ga naro\u017cniki. To doskona\u0142a baza do zdobycia solidnych, zgodnych z tapicersk\u0105 sztuk\u0105 podstaw. Kto pierwsze pr\u00f3by ma za sob\u0105, zrobi z ni\u0105 bardziej skomplikowane projekty jak np. sk\u00f3rzan\u0105 tapicerk\u0119.<\/div>\n<div><\/div>\n<p>&nbsp;<\/p>\n<div>Za\u0142o\u017c\u0119 si\u0119, \u017ce <strong>ka\u017cdy kto zajrzy do tego poradnika po\u0142knie tapicerskiego bakcyla<\/strong>, bo wisienk\u0105 na torcie s\u0105 pi\u0119kne tapicerskie realizacje w odwa\u017cnych kolorach i wzorach, obfotografowane z du\u017cym wyczuciem przez Micha\u0142a Lichta\u0144skiego z @<a href=\"https:\/\/www.instagram.com\/milistudio\/\">mili.studio<\/a> &#8211; tego samego, kt\u00f3ry fotografowa\u0142 meble do mojej ksi\u0105\u017cki:).<\/div>\n<div><\/div>\n<div>\n<p style=\"text-align: center;\"><strong>\u0141ap komplet poradnik\u00f3w o renowacji<\/strong><\/p>\n<\/div>\n<div>Ten poradnik to taki brat bli\u017aniak mojej ksi\u0105\u017cki. Wydany przez Wydawnictwo Znak w podobnym stylu jak Meble od nowa, wi\u0119c kto zna ju\u017c logik\u0119 tej ksi\u0105\u017cki, szybko odnajdzie si\u0119 w jej tapicerskim odpowiedniku.<br \/>\n<strong><br \/>\nKupuj\u0105c dwa poradniki jednocze\u015bnie korzystasz z promocji i jednorazowej wysy\u0142ki!\u00a0 &#8211; <a href=\"https:\/\/odnawialnia.pl\/sklep\/produkt\/pakiet-meble-od-nowa-tapiceruj\/\">KUP KOMPLET<\/a><\/strong><\/div>\n<div>\n<h5 style=\"text-align: center;\"><\/h5>\n<\/div>\n<p>&nbsp;<\/p>\n","protected":false},"excerpt":{"rendered":"<p><strong>Ile razy chcia\u0142a\u015b co\u015b wytapicerowa\u0107, ale:<\/strong><\/p>\n<ul>\n<li>zabrak\u0142o ci odwagi,<\/li>\n<li>wiedzy,<\/li>\n<li>pewno\u015bci,<\/li>\n<li>jak to zrobi\u0107?<\/li>\n<\/ul>\n<p>Od teraz b\u0119dzie \u0142atwiej, bo pojawi\u0142 si\u0119 genialny i praktyczny poradnik tapicerski, kt\u00f3ry zaprasza do dzia\u0142ania: &#8220;TAPICERUJ! Jak stare graty przemieni\u0107 w pi\u0119kne meble?&#8221;<\/p>\n","protected":false},"featured_media":7083,"comment_status":"open","ping_status":"closed","template":"","meta":{"_ppp_document_settings_meta":"","_kad_post_transparent":"default","_kad_post_title":"","_kad_post_layout":"default","_kad_post_sidebar_id":"","_kad_post_content_style":"default","_kad_post_vertical_padding":"default","_kad_post_feature":"","_kad_post_feature_position":"","_kad_post_header":false,"_kad_post_footer":false},"product_brand":[],"product_cat":[31],"product_tag":[],"class_list":{"0":"post-4306","1":"product","2":"type-product","3":"status-publish","4":"has-post-thumbnail","6":"product_cat-ksiazka","8":"first","9":"instock","10":"taxable","11":"shipping-taxable","12":"purchasable","13":"product-type-simple","14":"entry","15":"content-bg","16":"loop-entry"},"aioseo_notices":[],"_links":{"self":[{"href":"https:\/\/odnawialnia.pl\/sklep\/wp-json\/wp\/v2\/product\/4306","targetHints":{"allow":["GET"]}}],"collection":[{"href":"https:\/\/odnawialnia.pl\/sklep\/wp-json\/wp\/v2\/product"}],"about":[{"href":"https:\/\/odnawialnia.pl\/sklep\/wp-json\/wp\/v2\/types\/product"}],"replies":[{"embeddable":true,"href":"https:\/\/odnawialnia.pl\/sklep\/wp-json\/wp\/v2\/comments?post=4306"}],"wp:featuredmedia":[{"embeddable":true,"href":"https:\/\/odnawialnia.pl\/sklep\/wp-json\/wp\/v2\/media\/7083"}],"wp:attachment":[{"href":"https:\/\/odnawialnia.pl\/sklep\/wp-json\/wp\/v2\/media?parent=4306"}],"wp:term":[{"taxonomy":"product_brand","embeddable":true,"href":"https:\/\/odnawialnia.pl\/sklep\/wp-json\/wp\/v2\/product_brand?post=4306"},{"taxonomy":"product_cat","embeddable":true,"href":"https:\/\/odnawialnia.pl\/sklep\/wp-json\/wp\/v2\/product_cat?post=4306"},{"taxonomy":"product_tag","embeddable":true,"href":"https:\/\/odnawialnia.pl\/sklep\/wp-json\/wp\/v2\/product_tag?post=4306"}],"curies":[{"name":"wp","href":"https:\/\/api.w.org\/{rel}","templated":true}]}}