{"id":5185,"date":"2022-06-10T11:02:49","date_gmt":"2022-06-10T09:02:49","guid":{"rendered":"https:\/\/odnawialnia.pl\/sklep\/?post_type=product&#038;p=5185"},"modified":"2026-04-29T08:11:46","modified_gmt":"2026-04-29T06:11:46","slug":"zestaw-wyciagacz-do-zszywek-wyciagacz-do-gwozdzi","status":"publish","type":"product","link":"https:\/\/odnawialnia.pl\/sklep\/produkt\/zestaw-wyciagacz-do-zszywek-wyciagacz-do-gwozdzi\/","title":{"rendered":"Zestaw &#8211; wyci\u0105gacz do zszywek + wyci\u0105gacz do gwo\u017adzi"},"content":{"rendered":"<p><b>Wyci\u0105gacz do gwo\u017adzi<\/b><\/p>\n<p><span style=\"font-weight: 400;\">Narz\u0119dzie niezb\u0119dne do usuwania starych warstw tapicerskich z krzese\u0142 i foteli zabezpieczonych gwo\u017adziami.\u00a0<\/span><span style=\"font-weight: 400;\">Wi\u0119kszo\u015b\u0107 tkanin, pas\u00f3w czy spr\u0119\u017cyn\u00a0 w meblach przedwojennych by\u0142a mocowana na gwo\u017adzie. Do ich usuni\u0119cia s\u0142u\u017cy specjalnie wyprofilowana stopka w kszta\u0142cie litery V. Gw\u00f3\u017ad\u017a umieszczamy w zag\u0142\u0119bieniu i na zasadzie d\u017awigni podwa\u017camy naciskaj\u0105c na trzonek. <\/span><span style=\"font-weight: 400;\">Stopka jest wykonana z wysokogatunkowej stali w\u0119glowej, odpornej na \u015bcieranie i uszkodzenia. Sp\u0142aszczona cz\u0119\u015b\u0107 stopki nie kaleczy materia\u0142u a r\u00f3wnocze\u015bnie pozwala na podwa\u017canie g\u0142\u0119boko wbitego gwo\u017adzia.<\/span><\/p>\n<p>&nbsp;<\/p>\n<p><b>Wyci\u0105gacz do zszywek<\/b><\/p>\n<p><span style=\"font-weight: 400;\">Narz\u0119dzie, kt\u00f3re znacznie przyspiesza wyci\u0105ganie zszywek tapicerskich podczas usuwania starych tkanin obiciowych.\u00a0 <\/span><span style=\"font-weight: 400;\">Odpowiednio wyprofilowana stopka umo\u017cliwia szybkie podwa\u017cenie nawet g\u0142\u0119boko wbitej zszywki. Wyci\u0105gacz dzia\u0142a na zasadzie d\u017awigni &#8211; wsuwamy stopk\u0119 pod zszywk\u0119 i naciskamy r\u0119k\u0105 na trzonek.\u00a0 <\/span><span style=\"font-weight: 400;\">Wyci\u0105gacz przydaje si\u0119 nie tylko na etapie demonta\u017cu pow\u0142ok, ale b\u0119dzie potrzebny podczas montowania nowej tapicerki &#8211; prawid\u0142owe naci\u0105gniecie tkaniny wymaga nieustannych korekt wbitych czcionek. <\/span><span style=\"font-weight: 400;\">Je\u017celi zszywka nie wyjdzie w ca\u0142o\u015bci, nale\u017cy j\u0105 wyci\u0105gn\u0105\u0107 za pomoc\u0105 szczypiec bocznych, wyd\u0142u\u017conych lub kombinerek.<\/span><\/p>\n<p><span style=\"font-weight: 400;\">Stopka jest wykonana z wysokogatunkowej stali w\u0119glowej, odpornej na \u015bcieranie i uszkodzenia.<\/span><\/p>\n","protected":false},"excerpt":{"rendered":"<p><span style=\"font-weight: 400;\">Idealne combo do prac tapicerskich. Podczas demonta\u017cu starych warstw cz\u0119\u015bciej si\u0119gamy po wyci\u0105gacz do gwo\u017adzi, ale podczas monta\u017cu nowej tkaniny za pomoc\u0105 zszywek przyda nam si\u0119 wyci\u0105gacz do robienia korekt.\u00a0<\/span><\/p>\n<p>&nbsp;<\/p>\n","protected":false},"featured_media":5186,"comment_status":"open","ping_status":"closed","template":"","meta":{"_ppp_document_settings_meta":"","_kad_post_transparent":"default","_kad_post_title":"","_kad_post_layout":"default","_kad_post_sidebar_id":"","_kad_post_content_style":"default","_kad_post_vertical_padding":"default","_kad_post_feature":"","_kad_post_feature_position":"","_kad_post_header":false,"_kad_post_footer":false},"product_brand":[],"product_cat":[23,63],"product_tag":[60,57,58,59,61,56],"class_list":{"0":"post-5185","1":"product","2":"type-product","3":"status-publish","4":"has-post-thumbnail","6":"product_cat-narzedzia","7":"product_cat-tapicerka","8":"product_tag-kozia-stopka","9":"product_tag-narzedzia-do-tapicerowania","10":"product_tag-odnawialnia","11":"product_tag-odnawianie-mebli","12":"product_tag-usuwanie-tkanin-obiciowych","13":"product_tag-wyciagacz-do-zszywek","15":"first","16":"instock","17":"taxable","18":"shipping-taxable","19":"purchasable","20":"product-type-simple","21":"entry","22":"content-bg","23":"loop-entry"},"aioseo_notices":[],"_links":{"self":[{"href":"https:\/\/odnawialnia.pl\/sklep\/wp-json\/wp\/v2\/product\/5185","targetHints":{"allow":["GET"]}}],"collection":[{"href":"https:\/\/odnawialnia.pl\/sklep\/wp-json\/wp\/v2\/product"}],"about":[{"href":"https:\/\/odnawialnia.pl\/sklep\/wp-json\/wp\/v2\/types\/product"}],"replies":[{"embeddable":true,"href":"https:\/\/odnawialnia.pl\/sklep\/wp-json\/wp\/v2\/comments?post=5185"}],"wp:featuredmedia":[{"embeddable":true,"href":"https:\/\/odnawialnia.pl\/sklep\/wp-json\/wp\/v2\/media\/5186"}],"wp:attachment":[{"href":"https:\/\/odnawialnia.pl\/sklep\/wp-json\/wp\/v2\/media?parent=5185"}],"wp:term":[{"taxonomy":"product_brand","embeddable":true,"href":"https:\/\/odnawialnia.pl\/sklep\/wp-json\/wp\/v2\/product_brand?post=5185"},{"taxonomy":"product_cat","embeddable":true,"href":"https:\/\/odnawialnia.pl\/sklep\/wp-json\/wp\/v2\/product_cat?post=5185"},{"taxonomy":"product_tag","embeddable":true,"href":"https:\/\/odnawialnia.pl\/sklep\/wp-json\/wp\/v2\/product_tag?post=5185"}],"curies":[{"name":"wp","href":"https:\/\/api.w.org\/{rel}","templated":true}]}}