{"id":5244,"date":"2022-06-27T11:06:36","date_gmt":"2022-06-27T09:06:36","guid":{"rendered":"https:\/\/odnawialnia.pl\/sklep\/?post_type=product&#038;p=5244"},"modified":"2025-12-02T09:51:53","modified_gmt":"2025-12-02T08:51:53","slug":"ostrzalka-diamentowa-do-cyklin","status":"publish","type":"product","link":"https:\/\/odnawialnia.pl\/sklep\/produkt\/ostrzalka-diamentowa-do-cyklin\/","title":{"rendered":"Ostrza\u0142ka diamentowa do cyklin"},"content":{"rendered":"<p>Aby cyklina prawid\u0142owo dzia\u0142a\u0142a i mo\u017cna ni\u0105 by\u0142o skutecznie usun\u0105\u0107 stare pow\u0142oki z mebla, musi by\u0107 naostrzona. Regularne ostrzenie kraw\u0119dzi przed\u0142u\u017ca jej \u017cywotno\u015b\u0107 i przyspiesza prac\u0119 przy meblu.<\/p>\n<p>Ostrza\u0142ka ma <strong>du\u017ce wymiary (20 cm x 7,5 cm)<\/strong>, dzi\u0119ki czemu swobodnie zmie\u015bci si\u0119 na niej ca\u0142a cyklina. W plastikowej stopce znajduje si\u0119 dwustronna p\u0142ytka, pokryta diamentow\u0105 pow\u0142ok\u0105. Specjalne rowki zbieraj\u0105 \u015bcierany materia\u0142, kt\u00f3ry nast\u0119pnie usuwamy wod\u0105 lub gumk\u0105 do o\u0142\u00f3wk\u00f3w.<\/p>\n<p>W Odnawialni od dawna stosuj\u0119 ostrza\u0142k\u0119 diamentow\u0105 o gradacji 600 i 1000, kt\u00f3ra w po\u0142\u0105czeniu ze stalk\u0105 i pilnikiem stanowi idealne trio do ostrzenia cyklin.<\/p>\n<h2>Jak korzysta\u0107 z ostrza\u0142ki?<\/h2>\n<p>Gradacja 600 s\u0142u\u017cy do wst\u0119pnego ostrzenia kraw\u0119dzi cykliny. Pocieramy ni\u0105 tak d\u0142ugo a\u017c wszystkie p\u0142aszczyzny b\u0119d\u0105 g\u0142adkie i r\u00f3wne. Aby przyspieszy\u0107 ten etap mo\u017cna najpierw wst\u0119pnie wyr\u00f3wna\u0107 cyklin\u0119 za pomoc\u0105 pilnika do metalu, tzw. g\u0142adzika.<\/p>\n<p>Gradacja 1000 pozwala precyzyjnie wyr\u00f3wna\u0107 i naostrzy\u0107 kraw\u0119dzie i przygotowa\u0107 cyklin\u0119 do zrobienia zadziora. Pocieramy cyklin\u0105 tak d\u0142ugo, a\u017c metal nabierze po\u0142ysku a styczne kraw\u0119dzie b\u0119d\u0105 ostre. Zak\u0142adam z regu\u0142y, \u017ce jest to 50 ruch\u00f3w g\u00f3ra-d\u00f3\u0142 na ka\u017cd\u0105 p\u0142aszczyzn\u0119.<\/p>\n<p>Warto zwr\u00f3ci\u0107 uwag\u0119, \u017ce cyklina ma 3 p\u0142aszczyzny do przygotowania: p\u0142askie boki i w\u0105ska (0,8 mm) p\u0142aszczyzna kraw\u0119dzi. Te p\u0142aszczyzny powinny finalnie tworzy\u0107 wzgl\u0119dem siebie k\u0105t 90 stopni (wyr\u00f3wnujemy je w kwadrat a nie w tr\u00f3jk\u0105t).<\/p>\n<h2>Jak zrobi\u0107 zadzior na cyklinie?<\/h2>\n<p>Do jego przygotowania u\u017cywamy specjalnej stalki. Przesuwamy j\u0105 wzd\u0142u\u017c kraw\u0119dzi cykliny pod k\u0105tem ok 75 stopni, zginaj\u0105c r\u0105bek blaszki w d\u00f3\u0142. Wi\u0119cej informacji o stalce do robienia zadziora <strong><a href=\"https:\/\/odnawialnia.pl\/sklep\/produkt\/stalka-obciagacz-do-ostrzenia-cyklin\/\">tutaj<\/a><\/strong>.<\/p>\n","protected":false},"excerpt":{"rendered":"<p>Wygodna, du\u017ca i szybka ostrza\u0142ka do ostrzenia cyklin.<\/p>\n","protected":false},"featured_media":5247,"comment_status":"open","ping_status":"closed","template":"","meta":{"_ppp_document_settings_meta":"","_kad_post_transparent":"default","_kad_post_title":"","_kad_post_layout":"default","_kad_post_sidebar_id":"","_kad_post_content_style":"default","_kad_post_vertical_padding":"default","_kad_post_feature":"","_kad_post_feature_position":"","_kad_post_header":false,"_kad_post_footer":false},"product_brand":[],"product_cat":[74,23],"product_tag":[],"class_list":{"0":"post-5244","1":"product","2":"type-product","3":"status-publish","4":"has-post-thumbnail","6":"product_cat-cykliny-i-skrobaki","7":"product_cat-narzedzia","9":"first","10":"instock","11":"taxable","12":"shipping-taxable","13":"purchasable","14":"product-type-simple","15":"entry","16":"content-bg","17":"loop-entry"},"aioseo_notices":[],"_links":{"self":[{"href":"https:\/\/odnawialnia.pl\/sklep\/wp-json\/wp\/v2\/product\/5244","targetHints":{"allow":["GET"]}}],"collection":[{"href":"https:\/\/odnawialnia.pl\/sklep\/wp-json\/wp\/v2\/product"}],"about":[{"href":"https:\/\/odnawialnia.pl\/sklep\/wp-json\/wp\/v2\/types\/product"}],"replies":[{"embeddable":true,"href":"https:\/\/odnawialnia.pl\/sklep\/wp-json\/wp\/v2\/comments?post=5244"}],"wp:featuredmedia":[{"embeddable":true,"href":"https:\/\/odnawialnia.pl\/sklep\/wp-json\/wp\/v2\/media\/5247"}],"wp:attachment":[{"href":"https:\/\/odnawialnia.pl\/sklep\/wp-json\/wp\/v2\/media?parent=5244"}],"wp:term":[{"taxonomy":"product_brand","embeddable":true,"href":"https:\/\/odnawialnia.pl\/sklep\/wp-json\/wp\/v2\/product_brand?post=5244"},{"taxonomy":"product_cat","embeddable":true,"href":"https:\/\/odnawialnia.pl\/sklep\/wp-json\/wp\/v2\/product_cat?post=5244"},{"taxonomy":"product_tag","embeddable":true,"href":"https:\/\/odnawialnia.pl\/sklep\/wp-json\/wp\/v2\/product_tag?post=5244"}],"curies":[{"name":"wp","href":"https:\/\/api.w.org\/{rel}","templated":true}]}}