{"id":5290,"date":"2022-06-28T09:23:49","date_gmt":"2022-06-28T07:23:49","guid":{"rendered":"https:\/\/odnawialnia.pl\/sklep\/?post_type=product&#038;p=5290"},"modified":"2025-10-10T02:02:17","modified_gmt":"2025-10-10T00:02:17","slug":"polskie-meble-powojenne-lata-1945-1970-idee-i-rzeczywistosc","status":"publish","type":"product","link":"https:\/\/odnawialnia.pl\/sklep\/produkt\/polskie-meble-powojenne-lata-1945-1970-idee-i-rzeczywistosc\/","title":{"rendered":"Polskie meble powojenne lata 1945-1970. Idee i rzeczywisto\u015b\u0107"},"content":{"rendered":"<p><span style=\"font-weight: 400;\">Jest r\u00f3wnocze\u015bnie najbogatszym na rynku zbiorem zdj\u0119\u0107 i nazwisk projektant\u00f3w. Odkrywa zar\u00f3wno te dobrze znane jak i zupe\u0142nie nowe postacie oraz projekty meblarskie.<\/span><\/p>\n<p><span style=\"font-weight: 400;\">Dobrze porz\u0105dkuje i systematyzuje wiedz\u0119 o meblach z tamtego okresu i pozwala lepiej zrozumie\u0107 sytuacj\u0119 wzornictwa polskiego w powojennej rzeczywisto\u015bci.<\/span><\/p>\n<p>&nbsp;<\/p>\n<p><strong>Znajdziemy tam rozdzia\u0142y po\u015bwi\u0119cone kluczowym dla epoki instytucjom:<\/strong><\/p>\n<ul>\n<li style=\"font-weight: 400;\" aria-level=\"1\"><span style=\"font-weight: 400;\">Sp\u00f3\u0142dzielni Artyst\u00f3w \u0141AD &#8211; organizacji kontynuuj\u0105cej przedwojenne trendy projektowe<\/span><\/li>\n<li style=\"font-weight: 400;\" aria-level=\"1\"><span style=\"font-weight: 400;\">meblom produkowanym pod nadzorem Cepelii, zar\u00f3wno w tradycyjnej ludowej formie jak i tym nowoczesnym<\/span><\/li>\n<li style=\"font-weight: 400;\" aria-level=\"1\"><span style=\"font-weight: 400;\">wp\u0142ywom Instytutu Wzornictwa Przemys\u0142owego na projekty meblarskie<\/span><\/li>\n<li style=\"font-weight: 400;\" aria-level=\"1\"><span style=\"font-weight: 400;\">Og\u00f3lnopolskim Wystawom Artystycznym, kt\u00f3re kreowa\u0142y gusta i trendy rynkowe<\/span><\/li>\n<\/ul>\n<p>&nbsp;<\/p>\n<p><strong>Autorka porusza wiele temat\u00f3w zwi\u0105zanych z sam\u0105 produkcj\u0105 mebli:\u00a0<\/strong><\/p>\n<ul>\n<li style=\"font-weight: 400;\" aria-level=\"1\"><span style=\"font-weight: 400;\">realis organizacyjne<\/span><\/li>\n<li style=\"font-weight: 400;\" aria-level=\"1\"><span style=\"font-weight: 400;\">dost\u0119pne materia\u0142y i surowce<\/span><\/li>\n<li style=\"font-weight: 400;\" aria-level=\"1\"><span style=\"font-weight: 400;\">pa\u0144stwowe normatywy i wytyczne<\/span><\/li>\n<\/ul>\n<p>&nbsp;<\/p>\n<p><span style=\"font-weight: 400;\">Recenzja ksi\u0105\u017cki na blogu &#8211; <\/span><span style=\"font-weight: 400;\">link<\/span><\/p>\n<p><span style=\"font-weight: 400;\">Autorka: Anna Kostrzy\u0144ska-Mi\u0142osz<\/span><\/p>\n<p><span style=\"font-weight: 400;\">Wydawnictwo: Instytut Sztuki PAN<\/span><\/p>\n<p><span style=\"font-weight: 400;\">Rok wydania: 2022<\/span><\/p>\n<p><span style=\"font-weight: 400;\">Obj\u0119to\u015b\u0107: 428 str<\/span><\/p>\n","protected":false},"excerpt":{"rendered":"<p><span style=\"font-weight: 400;\">Ksi\u0105\u017cka rzetelnie i uczciwie prezentuje kierunki projektowe w dziedzinie meblarstwa lat 1945-1970, t\u0142umaczy wiele zawi\u0142o\u015bci produkcyjnych i konstrukcyjnych, pokazuje jaki wp\u0142yw na projekty mia\u0142o pa\u0144stwo, ideologia i instytucje. <\/span><\/p>\n","protected":false},"featured_media":5291,"comment_status":"open","ping_status":"closed","template":"","meta":{"_ppp_document_settings_meta":"","_kad_post_transparent":"default","_kad_post_title":"","_kad_post_layout":"default","_kad_post_sidebar_id":"","_kad_post_content_style":"default","_kad_post_vertical_padding":"default","_kad_post_feature":"","_kad_post_feature_position":"","_kad_post_header":false,"_kad_post_footer":false},"product_brand":[],"product_cat":[31],"product_tag":[],"class_list":{"0":"post-5290","1":"product","2":"type-product","3":"status-publish","4":"has-post-thumbnail","6":"product_cat-ksiazka","8":"first","9":"outofstock","10":"taxable","11":"shipping-taxable","12":"purchasable","13":"product-type-simple","14":"entry","15":"content-bg","16":"loop-entry"},"aioseo_notices":[],"_links":{"self":[{"href":"https:\/\/odnawialnia.pl\/sklep\/wp-json\/wp\/v2\/product\/5290","targetHints":{"allow":["GET"]}}],"collection":[{"href":"https:\/\/odnawialnia.pl\/sklep\/wp-json\/wp\/v2\/product"}],"about":[{"href":"https:\/\/odnawialnia.pl\/sklep\/wp-json\/wp\/v2\/types\/product"}],"replies":[{"embeddable":true,"href":"https:\/\/odnawialnia.pl\/sklep\/wp-json\/wp\/v2\/comments?post=5290"}],"wp:featuredmedia":[{"embeddable":true,"href":"https:\/\/odnawialnia.pl\/sklep\/wp-json\/wp\/v2\/media\/5291"}],"wp:attachment":[{"href":"https:\/\/odnawialnia.pl\/sklep\/wp-json\/wp\/v2\/media?parent=5290"}],"wp:term":[{"taxonomy":"product_brand","embeddable":true,"href":"https:\/\/odnawialnia.pl\/sklep\/wp-json\/wp\/v2\/product_brand?post=5290"},{"taxonomy":"product_cat","embeddable":true,"href":"https:\/\/odnawialnia.pl\/sklep\/wp-json\/wp\/v2\/product_cat?post=5290"},{"taxonomy":"product_tag","embeddable":true,"href":"https:\/\/odnawialnia.pl\/sklep\/wp-json\/wp\/v2\/product_tag?post=5290"}],"curies":[{"name":"wp","href":"https:\/\/api.w.org\/{rel}","templated":true}]}}