{"id":5382,"date":"2022-07-30T18:24:48","date_gmt":"2022-07-30T16:24:48","guid":{"rendered":"https:\/\/odnawialnia.pl\/sklep\/?post_type=product&#038;p=5382"},"modified":"2026-01-26T11:32:58","modified_gmt":"2026-01-26T10:32:58","slug":"wykroj-na-krzeslo-halasa-typ-200-190-z-instrukcja-szycia-2","status":"publish","type":"product","link":"https:\/\/odnawialnia.pl\/sklep\/produkt\/wykroj-na-krzeslo-halasa-typ-200-190-z-instrukcja-szycia-2\/","title":{"rendered":"Wykr\u00f3j na krzes\u0142o Ha\u0142asa typ 200-190 z instrukcj\u0105 szycia"},"content":{"rendered":"<p>Tapicerk\u0119 siedziska na krze\u015ble Ha\u0142asa mo\u017cna uszy\u0107 na kilka sposob\u00f3w. Ten wykr\u00f3j uwzgl\u0119dnia dwie najpopularniejsze wersje:<\/p>\n<ul>\n<li><strong>Siedzisko z kedr\u0105<\/strong> &#8211; to bardziej dekoracyjna wersja krzes\u0142a, kt\u00f3ra zawiera ozdobn\u0105 lam\u00f3wk\u0119, tzw. wypustk\u0119 dooko\u0142a g\u00f3rnej cz\u0119\u015bci siedzenia. Fachowo m\u00f3wi si\u0119 na ni\u0105 kedra lub biza.<\/li>\n<li><strong>Siedzisko bez kedry<\/strong> &#8211; tkanina siedziska jest naci\u0105gana dooko\u0142a i podwijana pod sp\u00f3d, a nast\u0119pnie doczepiana takerem do sklejki. Ten model nie wymaga szycia, ale wa\u017cne jest dobre naci\u0105gni\u0119cie i r\u00f3wnomierne roz\u0142o\u017cenie marszcz\u0105cej si\u0119 tkaniny.<\/li>\n<li>Opr\u00f3cz dw\u00f3ch wersji siedziska wykr\u00f3j zawiera <strong>szablon na oparcie.<\/strong><\/li>\n<\/ul>\n<p>Mo\u017cesz wykorzysta\u0107 szablony jednorazowo, tzn naprasowa\u0107 wybrany element wykroju, a nast\u0119pnie ci\u0105\u0107 papier i tkanin\u0119 wzd\u0142u\u017c linii. Po wyci\u0119ciu odrywasz papier a tkanina jest gotowa do dalszej pracy.<br \/>\nMo\u017cesz tak\u017ce\u00a0 powieli\u0107 szablon. Je\u017celi masz w planach kolejne tego typu krzes\u0142a, wytnij ka\u017cdy element szablonu wzd\u0142u\u017c linii i odrysuj go na cienkiej tekturze lub ogrodniczym wigofilu (tzw. flizelinie). W\u00f3wczas mo\u017cesz u\u017cywa\u0107 ich wielokrotnie.<\/p>\n<p><strong>Instrukcja szycia tapicerki<\/strong><\/p>\n<p>Po wykrojeniu tkaniny mo\u017cesz samodzielnie uszy\u0107 tapicerk\u0119 korzystaj\u0105c z do\u0142\u0105czonej instrukcji. Je\u017celi potrzebujesz bardziej szczeg\u00f3\u0142owych wskaz\u00f3wek w postaci filmu, skorzystaj z <a href=\"https:\/\/odnawialnia.pl\/sklep\/produkt\/renowacja-krzesla-halasa-pakiet-podstawowy\/\"><strong>KURSU WIDEO<\/strong><\/a>, kt\u00f3ry w ca\u0142o\u015bci po\u015bwi\u0119cony jest renowacji krzes\u0142a Ha\u0142asa &#8211; zar\u00f3wno stolarce jak i tapicerce.<\/p>\n<p><strong>Wa\u017cna informacja!<\/strong><\/p>\n<p>Krzes\u0142a typ 200-190 by\u0142y produkowane w kilku zak\u0142adach i mog\u0105 mi\u0119dzy sob\u0105 si\u0119 nieco r\u00f3\u017cni\u0107. Minimalne r\u00f3\u017cnice dotycz\u0105 np. wielko\u015bci siedziska, dlatego je\u017celi planujesz uszy\u0107 siedzisko z kedr\u0105, przed ci\u0119ciem i szyciem tkaniny sprawd\u017a, czy wykr\u00f3j pasuje na twoje krzes\u0142o. Po wyci\u0119ciu szablonu przy\u0142\u00f3\u017c go na siedzisko i sprawd\u017a, czy wystaje na 1 cm poza obrys sklejki. Je\u017celi jest za du\u017cy, skoryguj form\u0119 obrysowuj\u0105c siedzisko i wyznaczaj\u0105c 1 cm.<\/p>\n","protected":false},"excerpt":{"rendered":"<p>Gotowy wykr\u00f3j krawiecki na krzes\u0142o projektu R. Ha\u0142asa, typ 200-190. Wykr\u00f3j przygotowany na papierze termo, dzi\u0119ki czemu dok\u0142adnie odwzorujesz wszystkie krzywizny siedziska i oparcia. Do wykroju do\u0142\u0105czona instrukcja krok po kroku, jak samodzielnie uszy\u0107 tapicerk\u0119 na krzes\u0142o.<\/p>\n","protected":false},"featured_media":4139,"comment_status":"open","ping_status":"closed","template":"","meta":{"_ppp_document_settings_meta":"","_kad_post_transparent":"default","_kad_post_title":"","_kad_post_layout":"default","_kad_post_sidebar_id":"","_kad_post_content_style":"default","_kad_post_vertical_padding":"default","_kad_post_feature":"","_kad_post_feature_position":"","_kad_post_header":false,"_kad_post_footer":false},"product_brand":[],"product_cat":[38,34,23,63],"product_tag":[45,46],"class_list":{"0":"post-5382","1":"product","2":"type-product","3":"status-publish","4":"has-post-thumbnail","6":"product_cat-ebooki","7":"product_cat-kursy-online","8":"product_cat-narzedzia","9":"product_cat-tapicerka","10":"product_tag-krzeslo-halasa","11":"product_tag-krzeslo-typ-200190","13":"first","14":"instock","15":"taxable","16":"shipping-taxable","17":"purchasable","18":"product-type-simple","19":"entry","20":"content-bg","21":"loop-entry"},"aioseo_notices":[],"_links":{"self":[{"href":"https:\/\/odnawialnia.pl\/sklep\/wp-json\/wp\/v2\/product\/5382","targetHints":{"allow":["GET"]}}],"collection":[{"href":"https:\/\/odnawialnia.pl\/sklep\/wp-json\/wp\/v2\/product"}],"about":[{"href":"https:\/\/odnawialnia.pl\/sklep\/wp-json\/wp\/v2\/types\/product"}],"replies":[{"embeddable":true,"href":"https:\/\/odnawialnia.pl\/sklep\/wp-json\/wp\/v2\/comments?post=5382"}],"wp:featuredmedia":[{"embeddable":true,"href":"https:\/\/odnawialnia.pl\/sklep\/wp-json\/wp\/v2\/media\/4139"}],"wp:attachment":[{"href":"https:\/\/odnawialnia.pl\/sklep\/wp-json\/wp\/v2\/media?parent=5382"}],"wp:term":[{"taxonomy":"product_brand","embeddable":true,"href":"https:\/\/odnawialnia.pl\/sklep\/wp-json\/wp\/v2\/product_brand?post=5382"},{"taxonomy":"product_cat","embeddable":true,"href":"https:\/\/odnawialnia.pl\/sklep\/wp-json\/wp\/v2\/product_cat?post=5382"},{"taxonomy":"product_tag","embeddable":true,"href":"https:\/\/odnawialnia.pl\/sklep\/wp-json\/wp\/v2\/product_tag?post=5382"}],"curies":[{"name":"wp","href":"https:\/\/api.w.org\/{rel}","templated":true}]}}