{"id":593,"date":"2019-12-02T21:48:44","date_gmt":"2019-12-02T20:48:44","guid":{"rendered":"https:\/\/odnawialnia.pl\/sklep\/?post_type=product&#038;p=593"},"modified":"2026-03-24T05:40:54","modified_gmt":"2026-03-24T04:40:54","slug":"ksiazka-meble-od-nowa","status":"publish","type":"product","link":"https:\/\/odnawialnia.pl\/sklep\/produkt\/ksiazka-meble-od-nowa\/","title":{"rendered":"Ksi\u0105\u017cka &#8220;Meble od nowa&#8221;"},"content":{"rendered":"","protected":false},"excerpt":{"rendered":"<p>To 368 stron porad, wskaz\u00f3wek i odpowiedzi na pytania, kt\u00f3re zadawali\u015bcie mi przez ostatnie lata. Czysta praktyka i do\u015bwiadczenia zebrane w mojej pracowni, podczas warsztat\u00f3w i od zaprzyja\u017anionych fachowc\u00f3w.Tej ksi\u0105\u017cki nie przeczytasz za jednym zamachem, le\u017c\u0105c wieczorem w \u0142\u00f3\u017cku. To pozycja, do kt\u00f3rej zajrzysz gdy b\u0119dziesz mie\u0107 problem z meblem.<\/p>\n<p>W ksi\u0105\u017cce znajdziesz m.in.:<\/p>\n<ul>\n<li>zasady oczyszczania mebli, w tym tak\u017ce cyklinami<\/li>\n<li>sposoby na drewnojady, zapachy i plamy<\/li>\n<li>szpachlowanie i podstawy fornirowania<\/li>\n<li>techniki malowania<\/li>\n<li>pomys\u0142y na dekoracj\u0119<\/li>\n<li>metody zabezpeczania przed uszkodzeniami i brudem<\/li>\n<li>podstawy tapicerowania<\/li>\n<li>spis fachowych sklep\u00f3w i miejsc na zakupy meblarskich akcesori\u00f3w<\/li>\n<\/ul>\n<p><strong>Ksi\u0105\u017ck\u0119 mo\u017cesz zam\u00f3wi\u0107 z dedykacj\u0105 &#8211; napisz prosz\u0119 w uwagach do zam\u00f3wienia dla kogo jest poradnik.<\/strong><\/p>\n<p>&nbsp;<\/p>\n","protected":false},"featured_media":7084,"comment_status":"open","ping_status":"closed","template":"","meta":{"_ppp_document_settings_meta":"","_kad_post_transparent":"default","_kad_post_title":"","_kad_post_layout":"default","_kad_post_sidebar_id":"","_kad_post_content_style":"default","_kad_post_vertical_padding":"default","_kad_post_feature":"","_kad_post_feature_position":"","_kad_post_header":false,"_kad_post_footer":false},"product_brand":[],"product_cat":[31],"product_tag":[],"class_list":{"0":"post-593","1":"product","2":"type-product","3":"status-publish","4":"has-post-thumbnail","6":"product_cat-ksiazka","8":"first","9":"instock","10":"taxable","11":"shipping-taxable","12":"purchasable","13":"product-type-variable","14":"entry","15":"content-bg","16":"loop-entry"},"aioseo_notices":[],"_links":{"self":[{"href":"https:\/\/odnawialnia.pl\/sklep\/wp-json\/wp\/v2\/product\/593","targetHints":{"allow":["GET"]}}],"collection":[{"href":"https:\/\/odnawialnia.pl\/sklep\/wp-json\/wp\/v2\/product"}],"about":[{"href":"https:\/\/odnawialnia.pl\/sklep\/wp-json\/wp\/v2\/types\/product"}],"replies":[{"embeddable":true,"href":"https:\/\/odnawialnia.pl\/sklep\/wp-json\/wp\/v2\/comments?post=593"}],"wp:featuredmedia":[{"embeddable":true,"href":"https:\/\/odnawialnia.pl\/sklep\/wp-json\/wp\/v2\/media\/7084"}],"wp:attachment":[{"href":"https:\/\/odnawialnia.pl\/sklep\/wp-json\/wp\/v2\/media?parent=593"}],"wp:term":[{"taxonomy":"product_brand","embeddable":true,"href":"https:\/\/odnawialnia.pl\/sklep\/wp-json\/wp\/v2\/product_brand?post=593"},{"taxonomy":"product_cat","embeddable":true,"href":"https:\/\/odnawialnia.pl\/sklep\/wp-json\/wp\/v2\/product_cat?post=593"},{"taxonomy":"product_tag","embeddable":true,"href":"https:\/\/odnawialnia.pl\/sklep\/wp-json\/wp\/v2\/product_tag?post=593"}],"curies":[{"name":"wp","href":"https:\/\/api.w.org\/{rel}","templated":true}]}}