{"id":6196,"date":"2023-05-22T12:33:04","date_gmt":"2023-05-22T10:33:04","guid":{"rendered":"https:\/\/odnawialnia.pl\/sklep\/?post_type=product&#038;p=6196"},"modified":"2025-12-13T21:42:15","modified_gmt":"2025-12-13T20:42:15","slug":"nozyczki-tapicerskie","status":"publish","type":"product","link":"https:\/\/odnawialnia.pl\/sklep\/produkt\/nozyczki-tapicerskie\/","title":{"rendered":"No\u017cyczki tapicerskie"},"content":{"rendered":"<p><span style=\"font-weight: 400;\">Ostre i dobrze le\u017c\u0105 w d\u0142oniach. \u0141atwo nimi odci\u0105\u0107 nadmiar tkaniny i naci\u0105\u0107 tapicerk\u0119 w krytycznych miejscach. Te z\u0142ote no\u017cyczki to prawdziwe z\u0142oto:). Wszyscy uczestnicy warsztat\u00f3w wyrywaj\u0105 je sobie z d\u0142oni, bo najlepiej si\u0119 nimi pracuje.<\/span><\/p>\n<p><span style=\"font-weight: 400;\">Stosunkowo niewielkich rozmiar\u00f3w sprawdz\u0105 si\u0119 przy ci\u0119ciu tkanin na mniejsze meble jak krzes\u0142a.<\/span><\/p>\n<p><strong>WYMIARY:<\/strong><\/p>\n<ul>\n<li><span style=\"font-weight: 400;\">d\u0142ugo\u015b\u0107 no\u017cyczek 20 cm,<\/span><\/li>\n<li>d\u0142ugo\u015b\u0107 ostrza 9 cm.<\/li>\n<\/ul>\n<p>&nbsp;<\/p>\n<p><span style=\"font-weight: 400;\">No\u017cyczki mo\u017cna kupi\u0107 <\/span><span style=\"font-weight: 400;\">w <a href=\"https:\/\/odnawialnia.pl\/sklep\/produkt\/starter-tapicerski\/\">zestawie tapicerskim<\/a><\/span><span style=\"font-weight: 400;\"> razem z innymi akcesoriami (wyci\u0105gacze do zszywek i gwo\u017adzi, n\u00f3\u017c do pianki, klej, dodatki krawieckie).\u00a0<\/span><\/p>\n","protected":false},"excerpt":{"rendered":"<p><span style=\"font-weight: 400;\">Z\u0142ote no\u017cyczki krawieckie do ci\u0119cia tkanin tapicerskich i dekoracyjnych.<\/span><\/p>\n","protected":false},"featured_media":6197,"comment_status":"open","ping_status":"closed","template":"","meta":{"_ppp_document_settings_meta":"","_kad_post_transparent":"default","_kad_post_title":"","_kad_post_layout":"default","_kad_post_sidebar_id":"","_kad_post_content_style":"default","_kad_post_vertical_padding":"default","_kad_post_feature":"","_kad_post_feature_position":"","_kad_post_header":false,"_kad_post_footer":false},"product_brand":[],"product_cat":[23,63],"product_tag":[],"class_list":{"0":"post-6196","1":"product","2":"type-product","3":"status-publish","4":"has-post-thumbnail","6":"product_cat-narzedzia","7":"product_cat-tapicerka","9":"first","10":"instock","11":"taxable","12":"shipping-taxable","13":"purchasable","14":"product-type-simple","15":"entry","16":"content-bg","17":"loop-entry"},"aioseo_notices":[],"_links":{"self":[{"href":"https:\/\/odnawialnia.pl\/sklep\/wp-json\/wp\/v2\/product\/6196","targetHints":{"allow":["GET"]}}],"collection":[{"href":"https:\/\/odnawialnia.pl\/sklep\/wp-json\/wp\/v2\/product"}],"about":[{"href":"https:\/\/odnawialnia.pl\/sklep\/wp-json\/wp\/v2\/types\/product"}],"replies":[{"embeddable":true,"href":"https:\/\/odnawialnia.pl\/sklep\/wp-json\/wp\/v2\/comments?post=6196"}],"wp:featuredmedia":[{"embeddable":true,"href":"https:\/\/odnawialnia.pl\/sklep\/wp-json\/wp\/v2\/media\/6197"}],"wp:attachment":[{"href":"https:\/\/odnawialnia.pl\/sklep\/wp-json\/wp\/v2\/media?parent=6196"}],"wp:term":[{"taxonomy":"product_brand","embeddable":true,"href":"https:\/\/odnawialnia.pl\/sklep\/wp-json\/wp\/v2\/product_brand?post=6196"},{"taxonomy":"product_cat","embeddable":true,"href":"https:\/\/odnawialnia.pl\/sklep\/wp-json\/wp\/v2\/product_cat?post=6196"},{"taxonomy":"product_tag","embeddable":true,"href":"https:\/\/odnawialnia.pl\/sklep\/wp-json\/wp\/v2\/product_tag?post=6196"}],"curies":[{"name":"wp","href":"https:\/\/api.w.org\/{rel}","templated":true}]}}