{"id":6201,"date":"2023-05-22T12:38:11","date_gmt":"2023-05-22T10:38:11","guid":{"rendered":"https:\/\/odnawialnia.pl\/sklep\/?post_type=product&#038;p=6201"},"modified":"2025-09-29T21:23:08","modified_gmt":"2025-09-29T19:23:08","slug":"noz-do-ciecia-pianek","status":"publish","type":"product","link":"https:\/\/odnawialnia.pl\/sklep\/produkt\/noz-do-ciecia-pianek\/","title":{"rendered":"N\u00f3\u017c do ci\u0119cia pianek"},"content":{"rendered":"<p>&nbsp;<\/p>\n<p><span style=\"font-weight: 400;\">D\u0142ugi n\u00f3\u017c do ci\u0119cia pianek jest niezb\u0119dny do wycinania formatek z pianek o grubo\u015bci powy\u017cej 3 cm. Sprawdza si\u0119 tak\u017ce podczas ci\u0119cia d\u0142ugich, kwadratowych form np. pianki na \u0142awk\u0119 lub panel \u015bcienny.\u00a0<\/span><\/p>\n<p><span style=\"font-weight: 400;\">D\u0142ugie ostrze minimalizuje ryzyko poszarpanych kraw\u0119dzi, a tym samym pozwala precyzyjnie wyci\u0105\u0107 kszta\u0142t mebla.\u00a0<\/span><\/p>\n<p>&nbsp;<\/p>\n<p><b>Technika ci\u0119cia pianki no\u017cem tapicerskim<\/b><\/p>\n<ul>\n<li><span style=\"font-weight: 400;\">Kszta\u0142ty zaoblone &#8211; n\u00f3\u017c powinien nacina\u0107 piank\u0119 pod k\u0105tem 45 stopni, a jego ostrze powinno znajdowa\u0107 si\u0119 poza kraw\u0119dzi\u0105 blatu. Ci\u0119cie odbywa si\u0119 podczas ci\u0105gni\u0119cia no\u017ca do g\u00f3ry &#8211; staramy si\u0119 jednym ruchem wyci\u0105gn\u0105\u0107 ca\u0142e ostrze w g\u00f3r\u0119, r\u00f3wnocze\u015bnie ci\u0105gn\u0105\u0107 je\u00a0 do siebie. <\/span><\/li>\n<li>Kszta\u0142ty kwadratowe &#8211; tniemy na stole, tak jak by\u015bmy chcieli ukroi\u0107 kromk\u0119 chleba ale szczyt ostrza jest nieco ni\u017cej ni\u017c r\u0119koje\u015b\u0107.<\/li>\n<\/ul>\n<p>&nbsp;<\/p>\n<p><b>Wymiary no\u017ca<\/b><\/p>\n<ul>\n<li><span style=\"font-weight: 400;\">D\u0142ugo\u015b\u0107 no\u017ca &#8211; 38 cm<\/span><\/li>\n<li>D\u0142ugo\u015b\u0107 ostrza &#8211; 30 cm<\/li>\n<\/ul>\n<p><span style=\"font-weight: 400;\">N\u00f3\u017a nale\u017cy cz\u0119sto ostrzy\u0107 i smarowa\u0107 olejem silikonowym, co poprawia jako\u015b\u0107 ci\u0119cia.<\/span><\/p>\n<p><span style=\"font-weight: 400;\">N\u00f3\u017c mo\u017cna kupi\u0107 <\/span><span style=\"font-weight: 400;\">w <strong><a href=\"https:\/\/odnawialnia.pl\/sklep\/produkt\/starter-tapicerski\/\">zestawie tapicerskim<\/a><\/strong><\/span><span style=\"font-weight: 400;\"> razem z innymi akcesoriami (wyci\u0105gacze do zszywek i gwo\u017adzi, no\u017cyczki, klej do pianki, dodatki krawieckie).\u00a0<\/span><\/p>\n","protected":false},"excerpt":{"rendered":"<p><span style=\"font-weight: 400;\">D\u0142ugi n\u00f3\u017c do prac tapicerskich: ci\u0119cia i formowania pianek poliuretanowych.<\/span><\/p>\n","protected":false},"featured_media":6202,"comment_status":"open","ping_status":"closed","template":"","meta":{"_ppp_document_settings_meta":"","_kad_post_transparent":"default","_kad_post_title":"","_kad_post_layout":"default","_kad_post_sidebar_id":"","_kad_post_content_style":"default","_kad_post_vertical_padding":"default","_kad_post_feature":"","_kad_post_feature_position":"","_kad_post_header":false,"_kad_post_footer":false},"product_brand":[],"product_cat":[23,63],"product_tag":[],"class_list":{"0":"post-6201","1":"product","2":"type-product","3":"status-publish","4":"has-post-thumbnail","6":"product_cat-narzedzia","7":"product_cat-tapicerka","9":"first","10":"outofstock","11":"taxable","12":"shipping-taxable","13":"purchasable","14":"product-type-simple","15":"entry","16":"content-bg","17":"loop-entry"},"aioseo_notices":[],"_links":{"self":[{"href":"https:\/\/odnawialnia.pl\/sklep\/wp-json\/wp\/v2\/product\/6201","targetHints":{"allow":["GET"]}}],"collection":[{"href":"https:\/\/odnawialnia.pl\/sklep\/wp-json\/wp\/v2\/product"}],"about":[{"href":"https:\/\/odnawialnia.pl\/sklep\/wp-json\/wp\/v2\/types\/product"}],"replies":[{"embeddable":true,"href":"https:\/\/odnawialnia.pl\/sklep\/wp-json\/wp\/v2\/comments?post=6201"}],"wp:featuredmedia":[{"embeddable":true,"href":"https:\/\/odnawialnia.pl\/sklep\/wp-json\/wp\/v2\/media\/6202"}],"wp:attachment":[{"href":"https:\/\/odnawialnia.pl\/sklep\/wp-json\/wp\/v2\/media?parent=6201"}],"wp:term":[{"taxonomy":"product_brand","embeddable":true,"href":"https:\/\/odnawialnia.pl\/sklep\/wp-json\/wp\/v2\/product_brand?post=6201"},{"taxonomy":"product_cat","embeddable":true,"href":"https:\/\/odnawialnia.pl\/sklep\/wp-json\/wp\/v2\/product_cat?post=6201"},{"taxonomy":"product_tag","embeddable":true,"href":"https:\/\/odnawialnia.pl\/sklep\/wp-json\/wp\/v2\/product_tag?post=6201"}],"curies":[{"name":"wp","href":"https:\/\/api.w.org\/{rel}","templated":true}]}}