{"id":6322,"date":"2023-06-21T17:12:17","date_gmt":"2023-06-21T15:12:17","guid":{"rendered":"https:\/\/odnawialnia.pl\/sklep\/?post_type=product&#038;p=6322"},"modified":"2025-03-23T00:07:19","modified_gmt":"2025-03-22T23:07:19","slug":"cyklina-gesia-szyja","status":"publish","type":"product","link":"https:\/\/odnawialnia.pl\/sklep\/produkt\/cyklina-gesia-szyja\/","title":{"rendered":"Cyklina g\u0119sia szyja"},"content":{"rendered":"<p><span style=\"font-weight: 400;\">Za pomoc\u0105 tej cykliny mo\u017cna skutecznie oczy\u015bci\u0107 mebel ze starych pow\u0142ok &#8211; \u015brednio twardych lakier\u00f3w, farb i bejcy.\u00a0<\/span><\/p>\n<p>D\u0142ugi \u0142agodnie wygi\u0119ty bok to podstawowa krzywizna do pracy &#8211; najlepiej nim oczy\u015bci\u0107 powierzchnie p\u0142askie, poniewa\u017c si\u0142a nacisku jest skoncentrowana w \u015brodkowej cz\u0119\u015bci \u0142uku. Dzi\u0119ki temu cyklina zbiera materia\u0142 na \u015brodku a nie tylko po bokach.<\/p>\n<h2><strong>Pozwala na prac\u0119 w zr\u00f3\u017cnicowany spos\u00f3b, ze wzgl\u0119du na zaokr\u0105glenia:<\/strong><\/h2>\n<ul>\n<li style=\"font-weight: 400;\" aria-level=\"1\"><b>\u0142uk wypuk\u0142y du\u017cy<\/b><span style=\"font-weight: 400;\"> &#8211; s\u0142u\u017cy do usuwania materia\u0142u z p\u0142askich, stosunkowo w\u0105skich kraw\u0119dzi, np. n\u00f3g krzes\u0142a, pod\u0142okietnik\u00f3w<\/span><\/li>\n<li style=\"font-weight: 400;\" aria-level=\"1\"><strong>\u0142uk wypuk\u0142y ma\u0142y<\/strong> &#8211; do doczyszczania detali i miejsc trudnodost\u0119pnych.<\/li>\n<\/ul>\n<p>&nbsp;<\/p>\n<p><span style=\"font-weight: 400;\">T\u0105 cyklin\u0119 mo\u017cesz kupi\u0107 w zestawie z trzema cyklinami. <a href=\"https:\/\/odnawialnia.pl\/sklep\/produkt\/zestaw-3-cyklin\/\">KLK TU<\/a><\/span><\/p>\n","protected":false},"excerpt":{"rendered":"<p><span style=\"font-weight: 400;\">Jest to najlepsza cyklina dla os\u00f3b pocz\u0105tkuj\u0105cych, poniewa\u017c nie trzeba jej wygina\u0107 w d\u0142oniach i jest bezpieczna ze wzgl\u0119du na brak ostrych kraw\u0119dzi.<\/span><\/p>\n","protected":false},"featured_media":6323,"comment_status":"open","ping_status":"closed","template":"","meta":{"_ppp_document_settings_meta":"","_kad_post_transparent":"default","_kad_post_title":"","_kad_post_layout":"default","_kad_post_sidebar_id":"","_kad_post_content_style":"default","_kad_post_vertical_padding":"default","_kad_post_feature":"","_kad_post_feature_position":"","_kad_post_header":false,"_kad_post_footer":false},"product_brand":[],"product_cat":[74,23],"product_tag":[],"class_list":{"0":"post-6322","1":"product","2":"type-product","3":"status-publish","4":"has-post-thumbnail","6":"product_cat-cykliny-i-skrobaki","7":"product_cat-narzedzia","9":"first","10":"instock","11":"taxable","12":"shipping-taxable","13":"purchasable","14":"product-type-simple","15":"entry","16":"content-bg","17":"loop-entry"},"aioseo_notices":[],"_links":{"self":[{"href":"https:\/\/odnawialnia.pl\/sklep\/wp-json\/wp\/v2\/product\/6322","targetHints":{"allow":["GET"]}}],"collection":[{"href":"https:\/\/odnawialnia.pl\/sklep\/wp-json\/wp\/v2\/product"}],"about":[{"href":"https:\/\/odnawialnia.pl\/sklep\/wp-json\/wp\/v2\/types\/product"}],"replies":[{"embeddable":true,"href":"https:\/\/odnawialnia.pl\/sklep\/wp-json\/wp\/v2\/comments?post=6322"}],"wp:featuredmedia":[{"embeddable":true,"href":"https:\/\/odnawialnia.pl\/sklep\/wp-json\/wp\/v2\/media\/6323"}],"wp:attachment":[{"href":"https:\/\/odnawialnia.pl\/sklep\/wp-json\/wp\/v2\/media?parent=6322"}],"wp:term":[{"taxonomy":"product_brand","embeddable":true,"href":"https:\/\/odnawialnia.pl\/sklep\/wp-json\/wp\/v2\/product_brand?post=6322"},{"taxonomy":"product_cat","embeddable":true,"href":"https:\/\/odnawialnia.pl\/sklep\/wp-json\/wp\/v2\/product_cat?post=6322"},{"taxonomy":"product_tag","embeddable":true,"href":"https:\/\/odnawialnia.pl\/sklep\/wp-json\/wp\/v2\/product_tag?post=6322"}],"curies":[{"name":"wp","href":"https:\/\/api.w.org\/{rel}","templated":true}]}}