{"id":6928,"date":"2023-09-28T12:54:38","date_gmt":"2023-09-28T10:54:38","guid":{"rendered":"https:\/\/odnawialnia.pl\/sklep\/?post_type=product&#038;p=6928"},"modified":"2025-10-11T07:58:58","modified_gmt":"2025-10-11T05:58:58","slug":"pakiet-ebookow-zacznij-odnawiac-meble-zacznij-tapicerowac","status":"publish","type":"product","link":"https:\/\/odnawialnia.pl\/sklep\/produkt\/pakiet-ebookow-zacznij-odnawiac-meble-zacznij-tapicerowac\/","title":{"rendered":"Pakiet Ebook\u00f3w &#8220;Zacznij odnawia\u0107 meble&#8221; + &#8220;Zacznij tapicerowa\u0107&#8221;"},"content":{"rendered":"<h2 style=\"text-align: center;\"><b>Ebook &#8220;Zacznij odnawia\u0107 meble&#8221;<\/b><\/h2>\n<p>&nbsp;<\/p>\n<p><span style=\"font-weight: 400;\">W ebooku znajdziesz om\u00f3wienie 30 najwa\u017cniejszych temat\u00f3w zwi\u0105zanych z odnawianiem mebli. Przejdziemy razem przez ca\u0142y proces &#8211; od doboru narz\u0119dzi, przez oczyszczanie, barwienie, dekorowanie, a\u017c po zabezpieczenie. Osobny rozdzia\u0142 po\u015bwi\u0119cony jest podstawom tapicerowania. <\/span><span style=\"font-weight: 400;\">Od kilku lat prowadz\u0119 warsztaty i towarzysz\u0119 osobom zaczynaj\u0105cym przygod\u0119 z odnawianiem mebli. Znam wszystkie pu\u0142apki i potencjalne problemy, kt\u00f3re mog\u0105 pojawi\u0107 si\u0119 na tym etapie. <\/span><\/p>\n<p><strong>Znajdziesz tu m.in. wyja\u015bnienia:<\/strong><\/p>\n<ul>\n<li style=\"font-weight: 400;\" aria-level=\"1\"><span style=\"font-weight: 400;\">Ten lakier na komodzie prl przypomina skorup\u0119, na kt\u00f3r\u0105 nic nie dzia\u0142a.<\/span><\/li>\n<li style=\"font-weight: 400;\" aria-level=\"1\"><span style=\"font-weight: 400;\">Czy zamaskowa\u0107 te drobne p\u0119kni\u0119cia i ubytki?<\/span><\/li>\n<li style=\"font-weight: 400;\" aria-level=\"1\"><span style=\"font-weight: 400;\">Chc\u0119 mie\u0107 bia\u0142y mebel, ale \u017ceby by\u0142y widoczne s\u0142oje drewna.<\/span><\/li>\n<li style=\"font-weight: 400;\" aria-level=\"1\"><span style=\"font-weight: 400;\">Jak\u0105 szlifierk\u0119 kupi\u0107 na pocz\u0105tek?<\/span><\/li>\n<li style=\"font-weight: 400;\" aria-level=\"1\"><span style=\"font-weight: 400;\">Co wybra\u0107 na wyko\u0144czenie \u2013 lakier, wosk, olej czy olejowosk?<\/span><\/li>\n<li style=\"font-weight: 400;\" aria-level=\"1\"><span style=\"font-weight: 400;\">Czy mo\u017cna u\u017cy\u0107 oleju jadalnego do zabezpieczania mebli?<\/span><\/li>\n<li style=\"font-weight: 400;\" aria-level=\"1\"><span style=\"font-weight: 400;\">Jak zrobi\u0107 idealny wz\u00f3r z szablonu?<\/span><\/li>\n<li style=\"font-weight: 400;\" aria-level=\"1\"><span style=\"font-weight: 400;\">Jak tapetowa\u0107 meble?<\/span><\/li>\n<li style=\"font-weight: 400;\" aria-level=\"1\"><span style=\"font-weight: 400;\">Jak szybko dorobi\u0107 tapicerowane siedzisko na krze\u015ble bez tapicerki?<\/span><\/li>\n<\/ul>\n<p>&nbsp;<\/p>\n<h2><strong>Zobacz szczeg\u00f3\u0142owy spis tre\u015bci<\/strong><\/h2>\n<p><img fetchpriority=\"high\" decoding=\"async\" class=\"alignnone wp-image-6339 size-full\" src=\"https:\/\/odnawialnia.pl\/sklep\/wp-content\/uploads\/2023\/06\/baner-spis-tresci.png\" alt=\"\" width=\"1280\" height=\"720\" srcset=\"https:\/\/odnawialnia.pl\/sklep\/wp-content\/uploads\/2023\/06\/baner-spis-tresci.png 1280w, https:\/\/odnawialnia.pl\/sklep\/wp-content\/uploads\/2023\/06\/baner-spis-tresci-900x506.png 900w, https:\/\/odnawialnia.pl\/sklep\/wp-content\/uploads\/2023\/06\/baner-spis-tresci-300x169.png 300w, https:\/\/odnawialnia.pl\/sklep\/wp-content\/uploads\/2023\/06\/baner-spis-tresci-1024x576.png 1024w, https:\/\/odnawialnia.pl\/sklep\/wp-content\/uploads\/2023\/06\/baner-spis-tresci-768x432.png 768w, https:\/\/odnawialnia.pl\/sklep\/wp-content\/uploads\/2023\/06\/baner-spis-tresci-1140x641.png 1140w\" sizes=\"(max-width: 1280px) 100vw, 1280px\" \/><\/p>\n<h2 style=\"text-align: center;\">Ebook &#8220;Zacznij tapicerowa\u0107&#8221;<\/h2>\n<p>&nbsp;<\/p>\n<p><b>Co znajdziesz w e-booku<\/b><\/p>\n<ul>\n<li><span style=\"font-weight: 400;\">Pierwszym etapem tapicerskiej przygody jest <\/span><b>nauka tapicerowania krzese\u0142, puf, \u0142aweczek czy taboret\u00f3w. <\/b><span style=\"font-weight: 400;\">Na nich skupimy si\u0119 w tym ebooku, jednak zdobyte podstawy s\u0105 kluczowym fundamentem do bardziej ambitnych projekt\u00f3w jak fotele.<\/span><\/li>\n<li>Poprowadz\u0119 ci\u0119 krok po kroku przez <b>wszystkie etapy tapicerowania<\/b>. Zaczynamy od podstaw konstrukcyjnych, budowania warstw tapicerskich z r\u00f3\u017cnych materia\u0142\u00f3w, poprzez techniki tapicerowania a\u017c po nauk\u0119 szycia.<\/li>\n<\/ul>\n<p>&nbsp;<\/p>\n<p><strong>Zobacz spis tre\u015bci<\/strong><\/p>\n<ul>\n<li><b>Naro\u017cniki siedzisk &#8211; <span style=\"font-weight: 400;\">Jak uk\u0142ada\u0107 tkanin\u0119 na naro\u017cnikach, \u017ceby by\u0142a dobrze naci\u0105gni\u0119ta i bez zmarszczek?<\/span><\/b><\/li>\n<li><b>Warstwy tapicerskie &#8211; <span style=\"font-weight: 400;\">Co i w jakiej kolejno\u015bci uk\u0142ada\u0107 na krze\u015ble, zanim doczepisz tkanin\u0119, co wyrzuci\u0107 a co zostawi\u0107 ze starych warstw?<\/span><\/b><\/li>\n<li><b>Wi\u0105zanie spr\u0119\u017cyn &#8211; <span style=\"font-weight: 400;\">Co zrobi\u0107 ze starymi spr\u0119\u017cynami w krze\u015ble, jak je ustabilizowa\u0107, \u017ceby w przysz\u0142o\u015bci si\u0119 nie poluzowa\u0142y?<\/span><\/b><\/li>\n<li><b>Szycie pokrowca &#8211; <span style=\"font-weight: 400;\">Czy da si\u0119 uszy\u0107 pokrowiec z kedr\u0105 na maszynie domowej? Jak po\u0142\u0105czy\u0107 ko\u0144ce kedry?<\/span><\/b><\/li>\n<li><b>Dorabianie siedziska &#8211; <span style=\"font-weight: 400;\">Czy mo\u017cna dorobi\u0107 siedzisko do krzes\u0142a nietapicerowanego i jak to zamontowa\u0107 na krze\u015ble?<\/span><\/b><\/li>\n<li><b>Ci\u0119cie i klejenie pianki &#8211; <\/b>Jak ci\u0105\u0107 piank\u0119, \u017ceby boki nie by\u0142y postrz\u0119pione? Jak formowa\u0107 piank\u0119 za pomoc\u0105 no\u017ca i kleju?<\/li>\n<\/ul>\n<p><span style=\"font-weight: 400;\">PROSTO DO CELU<\/span><\/p>\n<p><span style=\"font-weight: 400;\">Tapicerowanie mo\u017ce zniech\u0119ca\u0107, bo wymaga du\u017co precyzji i wydaje si\u0119 skomplikowane niczym szycie wieczorowych kreacji. Do tego ca\u0142a otoczka teoretyczna i masa narz\u0119dzi.<\/span><\/p>\n<p><span style=\"font-weight: 400;\">Moim celem by\u0142o zminimalizowa\u0107 teori\u0119 i upro\u015bci\u0107 proces, tak aby<\/span><span style=\"font-weight: 400;\"> ka\u017cdy sobie poradzi\u0142 z krzes\u0142em i zrobi\u0142 to w estetyczny spos\u00f3b, bez zmarszczek i wisz\u0105cej tkaniny.<\/span><\/p>\n<p><b>I tu wchodz\u0105 patenty &#8211; te kt\u00f3re stosujemy na warsztatach i te kt\u00f3rych nauczy\u0142am si\u0119 w szkole tapicerskiej w Garbatce<\/b><\/p>\n<ul>\n<li style=\"font-weight: 400;\" aria-level=\"1\"><span style=\"font-weight: 400;\">szybki demonta\u017c z u\u017cyciem m\u0142otka i szczypiec<\/span><\/li>\n<li style=\"font-weight: 400;\" aria-level=\"1\"><span style=\"font-weight: 400;\">sprytne formowanie kraw\u0119dzi pianki za pomoc\u0105 kleju i w\u0142a\u015bciwego nacinania<\/span><\/li>\n<li style=\"font-weight: 400;\" aria-level=\"1\"><span style=\"font-weight: 400;\">nowatorskie narz\u0119dzia jak elektryczny n\u00f3\u017c do chleba i ceg\u0142a owini\u0119ta w tkanin\u0119 \ud83d\ude09<\/span><\/li>\n<li style=\"font-weight: 400;\" aria-level=\"1\"><span style=\"font-weight: 400;\">w\u0119z\u0142y p\u0119tlicowe, kt\u00f3re trzymaj\u0105 spr\u0119\u017cyny<\/span><\/li>\n<li style=\"font-weight: 400;\" aria-level=\"1\"><span style=\"font-weight: 400;\">nauka robienia form, dzi\u0119ki kt\u00f3rym pokrowce b\u0119d\u0105 r\u00f3wno le\u017ce\u0107<\/span><\/li>\n<li style=\"font-weight: 400;\" aria-level=\"1\"><span style=\"font-weight: 400;\">patent na szybkie uszycie pokrowca na kwadratowe oparcie np. skoczka<\/span><\/li>\n<li style=\"font-weight: 400;\" aria-level=\"1\"><span style=\"font-weight: 400;\">i wiele innych<\/span><\/li>\n<\/ul>\n","protected":false},"excerpt":{"rendered":"<p>Ebook &#8220;Zacznij odnawia\u0107 meble&#8221; &nbsp; W ebooku znajdziesz om\u00f3wienie 30 najwa\u017cniejszych temat\u00f3w zwi\u0105zanych z odnawianiem mebli. Przejdziemy razem przez ca\u0142y proces &#8211; od doboru narz\u0119dzi, przez oczyszczanie, barwienie, dekorowanie, a\u017c po zabezpieczenie. Osobny rozdzia\u0142 po\u015bwi\u0119cony jest podstawom tapicerowania. Od kilku lat prowadz\u0119 warsztaty i towarzysz\u0119 osobom zaczynaj\u0105cym przygod\u0119 z odnawianiem mebli. Znam wszystkie pu\u0142apki i&#8230;<\/p>\n","protected":false},"featured_media":7080,"comment_status":"open","ping_status":"closed","template":"","meta":{"_ppp_document_settings_meta":"","_kad_post_transparent":"default","_kad_post_title":"","_kad_post_layout":"default","_kad_post_sidebar_id":"","_kad_post_content_style":"default","_kad_post_vertical_padding":"default","_kad_post_feature":"","_kad_post_feature_position":"","_kad_post_header":false,"_kad_post_footer":false},"product_brand":[],"product_cat":[38],"product_tag":[],"class_list":{"0":"post-6928","1":"product","2":"type-product","3":"status-publish","4":"has-post-thumbnail","6":"product_cat-ebooki","8":"first","9":"instock","10":"sale","11":"downloadable","12":"virtual","13":"taxable","14":"purchasable","15":"product-type-simple","16":"entry","17":"content-bg","18":"loop-entry"},"aioseo_notices":[],"_links":{"self":[{"href":"https:\/\/odnawialnia.pl\/sklep\/wp-json\/wp\/v2\/product\/6928","targetHints":{"allow":["GET"]}}],"collection":[{"href":"https:\/\/odnawialnia.pl\/sklep\/wp-json\/wp\/v2\/product"}],"about":[{"href":"https:\/\/odnawialnia.pl\/sklep\/wp-json\/wp\/v2\/types\/product"}],"replies":[{"embeddable":true,"href":"https:\/\/odnawialnia.pl\/sklep\/wp-json\/wp\/v2\/comments?post=6928"}],"wp:featuredmedia":[{"embeddable":true,"href":"https:\/\/odnawialnia.pl\/sklep\/wp-json\/wp\/v2\/media\/7080"}],"wp:attachment":[{"href":"https:\/\/odnawialnia.pl\/sklep\/wp-json\/wp\/v2\/media?parent=6928"}],"wp:term":[{"taxonomy":"product_brand","embeddable":true,"href":"https:\/\/odnawialnia.pl\/sklep\/wp-json\/wp\/v2\/product_brand?post=6928"},{"taxonomy":"product_cat","embeddable":true,"href":"https:\/\/odnawialnia.pl\/sklep\/wp-json\/wp\/v2\/product_cat?post=6928"},{"taxonomy":"product_tag","embeddable":true,"href":"https:\/\/odnawialnia.pl\/sklep\/wp-json\/wp\/v2\/product_tag?post=6928"}],"curies":[{"name":"wp","href":"https:\/\/api.w.org\/{rel}","templated":true}]}}