{"id":7124,"date":"2023-10-26T17:30:30","date_gmt":"2023-10-26T15:30:30","guid":{"rendered":"https:\/\/odnawialnia.pl\/sklep\/?post_type=product&#038;p=7124"},"modified":"2024-07-13T04:54:00","modified_gmt":"2024-07-13T02:54:00","slug":"krzeslo-aga-dekoracyjny-walek-gratis","status":"publish","type":"product","link":"https:\/\/odnawialnia.pl\/sklep\/produkt\/krzeslo-aga-dekoracyjny-walek-gratis\/","title":{"rendered":"Krzes\u0142o AGA + dekoracyjny wa\u0142ek GRATIS"},"content":{"rendered":"<p><span style=\"font-weight: 400;\">Krzes\u0142o po renowacji. Wymienione wszystkie wype\u0142nienia, tkanina i odnowiona stolarka.<\/span><\/p>\n<p><strong>Drewno<\/strong><\/p>\n<p><span style=\"font-weight: 400;\">Nogi wykonane z buczyny, sklejone, oczyszczone a nast\u0119pnie bielone i zabezpieczone woskiem.<\/span><\/p>\n<p><strong>Tapicerka<\/strong><\/p>\n<p><span style=\"font-weight: 400;\">Tapicerka na spr\u0119\u017cynach falistych, wzmocniona mat\u0105 kokosow\u0105, na g\u0119stej piance tapicerskiej. Tkanina typu plecionka gruba i mi\u0119kka w dotyku. Bardzo \u0142adna, dziewcz\u0119ca kolorystyka, krzes\u0142o idealne do pokoju dziewczynki.\u00a0<\/span><\/p>\n<p><strong>Wa\u0142ek<\/strong><\/p>\n<p><span style=\"font-weight: 400;\">W komplecie z krzes\u0142em dekoracyjny wa\u0142ek, dodawany gratis do wysy\u0142ki. Wykonany z pianki i granulatu piankowego, pokryty matowym welurem, d\u0142ugo\u015b\u0107 60 cm, \u015brednica ok 20 cm.<\/span><\/p>\n<p><strong>Wysy\u0142ka gratis na terenie Polski.<\/strong><\/p>\n","protected":false},"excerpt":{"rendered":"<p><span style=\"font-weight: 400;\">Krzes\u0142o tapicerowane AGA w pastelowych kolorach. Tkanina w drobny melan\u017cowy wz\u00f3r w odcieniach r\u00f3\u017cu, morelowego i turkusu. Do kompletu dekoracyjny wa\u0142ek pod plecy na \u0142\u00f3\u017cko lub sof\u0119.<\/span><\/p>\n","protected":false},"featured_media":7125,"comment_status":"open","ping_status":"closed","template":"","meta":{"_ppp_document_settings_meta":"","_kad_post_transparent":"default","_kad_post_title":"","_kad_post_layout":"default","_kad_post_sidebar_id":"","_kad_post_content_style":"default","_kad_post_vertical_padding":"default","_kad_post_feature":"","_kad_post_feature_position":"","_kad_post_header":false,"_kad_post_footer":false},"product_brand":[],"product_cat":[33],"product_tag":[],"class_list":{"0":"post-7124","1":"product","2":"type-product","3":"status-publish","4":"has-post-thumbnail","6":"product_cat-meble","8":"first","9":"outofstock","10":"virtual","11":"taxable","12":"purchasable","13":"product-type-simple","14":"entry","15":"content-bg","16":"loop-entry"},"aioseo_notices":[],"_links":{"self":[{"href":"https:\/\/odnawialnia.pl\/sklep\/wp-json\/wp\/v2\/product\/7124","targetHints":{"allow":["GET"]}}],"collection":[{"href":"https:\/\/odnawialnia.pl\/sklep\/wp-json\/wp\/v2\/product"}],"about":[{"href":"https:\/\/odnawialnia.pl\/sklep\/wp-json\/wp\/v2\/types\/product"}],"replies":[{"embeddable":true,"href":"https:\/\/odnawialnia.pl\/sklep\/wp-json\/wp\/v2\/comments?post=7124"}],"wp:featuredmedia":[{"embeddable":true,"href":"https:\/\/odnawialnia.pl\/sklep\/wp-json\/wp\/v2\/media\/7125"}],"wp:attachment":[{"href":"https:\/\/odnawialnia.pl\/sklep\/wp-json\/wp\/v2\/media?parent=7124"}],"wp:term":[{"taxonomy":"product_brand","embeddable":true,"href":"https:\/\/odnawialnia.pl\/sklep\/wp-json\/wp\/v2\/product_brand?post=7124"},{"taxonomy":"product_cat","embeddable":true,"href":"https:\/\/odnawialnia.pl\/sklep\/wp-json\/wp\/v2\/product_cat?post=7124"},{"taxonomy":"product_tag","embeddable":true,"href":"https:\/\/odnawialnia.pl\/sklep\/wp-json\/wp\/v2\/product_tag?post=7124"}],"curies":[{"name":"wp","href":"https:\/\/api.w.org\/{rel}","templated":true}]}}