{"id":7203,"date":"2023-11-13T11:36:13","date_gmt":"2023-11-13T10:36:13","guid":{"rendered":"https:\/\/odnawialnia.pl\/sklep\/?post_type=product&#038;p=7203"},"modified":"2026-03-25T11:52:42","modified_gmt":"2026-03-25T10:52:42","slug":"pakiet-ksiazka-cykliny","status":"publish","type":"product","link":"https:\/\/odnawialnia.pl\/sklep\/produkt\/pakiet-ksiazka-cykliny\/","title":{"rendered":"PAKIET: ksi\u0105\u017cka Meble od nowa + cykliny"},"content":{"rendered":"<p><b>W zestawie znajdziesz trzy najpopularniejsze cykliny:<\/b><\/p>\n<ul>\n<li aria-level=\"1\">cyklina \u0142ab\u0119dzia szyja \u2013 cyklina dobra dla pocz\u0105tkuj\u0105cych, poniewa\u017c dzi\u0119ki \u0142ukowatym kraw\u0119dziom nie wymaga wyginania cykliny w palcach. Szczeg\u00f3lnie sprawdza si\u0119 w czyszczeniu p\u0142askich, w\u0105skich powierzchni jak krzes\u0142a czy stela\u017ce.<\/li>\n<li aria-level=\"1\">cyklina wkl\u0119s\u0142o-wypuk\u0142a \u2013 trzy r\u00f3\u017cne kraw\u0119dzie daj\u0105 wiele mo\u017cliwo\u015bci \u2013 kraw\u0119d\u017a wypuk\u0142a pozwala doczy\u015bci\u0107 uporczywe plamy, kraw\u0119d\u017a wkl\u0119s\u0142a sprawdzi si\u0119 na ob\u0142ych kraw\u0119dziach, ostre rogi \u2013 w miejscach styku p\u0142aszczyzn, a p\u0142aska kraw\u0119d\u017a\u00a0 jest uniwersalna.<\/li>\n<li aria-level=\"1\">cyklina prostok\u0105tna \u2013 najbardziej skuteczna w zdzieraniu, ale wymaga wygi\u0119cia jej do \u0142uku. Bez wyginania sprawdza si\u0119 doskonale na ob\u0142ych kszta\u0142tach, np. nogach mebli o przekroju okr\u0105g\u0142ym.<\/li>\n<\/ul>\n<p><strong>Ksi\u0105\u017cka &#8220;Meble od nowa&#8221;<\/strong><\/p>\n<p>Jedna z najpopularniejszych publikacji o odnawianiu mebli, kt\u00f3ra w kompleksowy spos\u00f3b omawia wszystkie najwa\u017cniejsze techniki, materia\u0142y i narz\u0119dzia przydatne w rozwijaniu tego hobby. Du\u017co zdj\u0119\u0107, instrukcji krok po kroku, przydatnych zestawie\u0144, tabel i porad, odpowiedzi na najcz\u0119\u015bciej zadawane pytania &#8211; wszystko to jest efektem moich do\u015bwiadcze\u0144 z meblami i obserwacji uczestnik\u00f3w warsztat\u00f3w. Ksi\u0105\u017cka jest dobrym przewodnikiem na start, gdy chcemy uporz\u0105dkowa\u0107 wiedz\u0119 i zainspirowa\u0107 si\u0119 do pracy.<\/p>\n","protected":false},"excerpt":{"rendered":"<p>Bestsellerowy przewodnik dla pocz\u0105tkuj\u0105cych amator\u00f3w odnawiania mebli i zestaw cyklin. To podstawowe narz\u0119dzie do usuwania starych pow\u0142ok, doczyszczania plam i skrobania w miejscach trudnodost\u0119pnych.<\/p>\n","protected":false},"featured_media":9668,"comment_status":"open","ping_status":"closed","template":"","meta":{"_ppp_document_settings_meta":"","_kad_post_transparent":"default","_kad_post_title":"","_kad_post_layout":"default","_kad_post_sidebar_id":"","_kad_post_content_style":"default","_kad_post_vertical_padding":"default","_kad_post_feature":"","_kad_post_feature_position":"","_kad_post_header":false,"_kad_post_footer":false},"product_brand":[],"product_cat":[74,31,23,81],"product_tag":[82,83,84],"class_list":{"0":"post-7203","1":"product","2":"type-product","3":"status-publish","4":"has-post-thumbnail","6":"product_cat-cykliny-i-skrobaki","7":"product_cat-ksiazka","8":"product_cat-narzedzia","9":"product_cat-zestawy-prezentowe","10":"product_tag-cykliny","11":"product_tag-ksiazka-meble-od-nowa","12":"product_tag-narzedzia","14":"first","15":"outofstock","16":"taxable","17":"shipping-taxable","18":"purchasable","19":"product-type-simple","20":"entry","21":"content-bg","22":"loop-entry"},"aioseo_notices":[],"_links":{"self":[{"href":"https:\/\/odnawialnia.pl\/sklep\/wp-json\/wp\/v2\/product\/7203","targetHints":{"allow":["GET"]}}],"collection":[{"href":"https:\/\/odnawialnia.pl\/sklep\/wp-json\/wp\/v2\/product"}],"about":[{"href":"https:\/\/odnawialnia.pl\/sklep\/wp-json\/wp\/v2\/types\/product"}],"replies":[{"embeddable":true,"href":"https:\/\/odnawialnia.pl\/sklep\/wp-json\/wp\/v2\/comments?post=7203"}],"wp:featuredmedia":[{"embeddable":true,"href":"https:\/\/odnawialnia.pl\/sklep\/wp-json\/wp\/v2\/media\/9668"}],"wp:attachment":[{"href":"https:\/\/odnawialnia.pl\/sklep\/wp-json\/wp\/v2\/media?parent=7203"}],"wp:term":[{"taxonomy":"product_brand","embeddable":true,"href":"https:\/\/odnawialnia.pl\/sklep\/wp-json\/wp\/v2\/product_brand?post=7203"},{"taxonomy":"product_cat","embeddable":true,"href":"https:\/\/odnawialnia.pl\/sklep\/wp-json\/wp\/v2\/product_cat?post=7203"},{"taxonomy":"product_tag","embeddable":true,"href":"https:\/\/odnawialnia.pl\/sklep\/wp-json\/wp\/v2\/product_tag?post=7203"}],"curies":[{"name":"wp","href":"https:\/\/api.w.org\/{rel}","templated":true}]}}