{"id":7219,"date":"2023-11-13T13:00:51","date_gmt":"2023-11-13T12:00:51","guid":{"rendered":"https:\/\/odnawialnia.pl\/sklep\/?post_type=product&#038;p=7219"},"modified":"2026-03-02T21:19:47","modified_gmt":"2026-03-02T20:19:47","slug":"starter-tapicerski","status":"publish","type":"product","link":"https:\/\/odnawialnia.pl\/sklep\/produkt\/starter-tapicerski\/","title":{"rendered":"STARTER tapicerski"},"content":{"rendered":"<p>Nie musisz si\u0119 m\u0119czy\u0107 z wyci\u0105ganiem zszywek za pomoc\u0105 \u015brubokr\u0119ta, ani ci\u0105\u0107 pianki t\u0119pym i za kr\u00f3tkim no\u017cykiem. Z tym zestawem u\u0142atwisz sobie prac\u0119 i od razu zabierzesz si\u0119 za rozbi\u00f3rk\u0119 mebla oraz na\u0142o\u017cysz warstwy tapicerskie.<\/p>\n<p><img fetchpriority=\"high\" decoding=\"async\" class=\"aligncenter wp-image-9660 size-large\" src=\"https:\/\/odnawialnia.pl\/sklep\/wp-content\/uploads\/2023\/11\/34b43b66-f409-46e4-9bca-b72e3267eca8-1024x1024.jpg\" alt=\"\" width=\"1024\" height=\"1024\" srcset=\"https:\/\/odnawialnia.pl\/sklep\/wp-content\/uploads\/2023\/11\/34b43b66-f409-46e4-9bca-b72e3267eca8-1024x1024.jpg 1024w, https:\/\/odnawialnia.pl\/sklep\/wp-content\/uploads\/2023\/11\/34b43b66-f409-46e4-9bca-b72e3267eca8-300x300.jpg 300w, https:\/\/odnawialnia.pl\/sklep\/wp-content\/uploads\/2023\/11\/34b43b66-f409-46e4-9bca-b72e3267eca8-150x150.jpg 150w, https:\/\/odnawialnia.pl\/sklep\/wp-content\/uploads\/2023\/11\/34b43b66-f409-46e4-9bca-b72e3267eca8-768x768.jpg 768w, https:\/\/odnawialnia.pl\/sklep\/wp-content\/uploads\/2023\/11\/34b43b66-f409-46e4-9bca-b72e3267eca8-1536x1536.jpg 1536w, https:\/\/odnawialnia.pl\/sklep\/wp-content\/uploads\/2023\/11\/34b43b66-f409-46e4-9bca-b72e3267eca8-900x900.jpg 900w, https:\/\/odnawialnia.pl\/sklep\/wp-content\/uploads\/2023\/11\/34b43b66-f409-46e4-9bca-b72e3267eca8-100x100.jpg 100w, https:\/\/odnawialnia.pl\/sklep\/wp-content\/uploads\/2023\/11\/34b43b66-f409-46e4-9bca-b72e3267eca8.jpg 1890w\" sizes=\"(max-width: 1024px) 100vw, 1024px\" \/><\/p>\n<p><strong>ZESTAW NARZ\u0118DZI TAPICERSKICH<\/strong><\/p>\n<p><span style=\"font-weight: 400;\">Zestaw narz\u0119dzi, bez kt\u00f3rych trudno b\u0119dzie tapicerowa\u0107.\u00a0 <\/span><span style=\"font-weight: 400;\">W trakcie ca\u0142ego procesu b\u0119dziesz wyci\u0105ga\u0107 i wbija\u0107 zszywki tapicerskie, dlatego potrzebujesz wygodnego i szybkiego wsparcia &#8211; jest nim <\/span><b>(1)<\/b> <b>WYCI\u0104GACZ DO ZSZYWEK<\/b><span style=\"font-weight: 400;\"> (pojedynczy). Ostrym czubkiem bez problemu wejdziesz pod ka\u017cd\u0105, nawet najbardziej upart\u0105 zszywk\u0119.\u00a0<\/span><\/p>\n<p><span style=\"font-weight: 400;\">Stare meble cz\u0119sto by\u0142y tapicerowane gwo\u017adziami, a do ich usuwania potrzebujesz <\/span><b>(2) WYCI\u0104GACZA DO GWO\u0179DZI<\/b><span style=\"font-weight: 400;\">. Podw\u00f3jne ostrze klinuje \u0142epek i szybko wyci\u0105gasz gw\u00f3\u017ad\u017a z drewna.\u00a0<\/span><\/p>\n<p>Do wyci\u0105gania zszywek i gwo\u017adzi przydadz\u0105 si\u0119 tak\u017ce <strong>(3) SZCZYPCE BOCZNE<\/strong>. Wyci\u0105gaczem jedynie podwa\u017casz zszywk\u0119 lub gw\u00f3\u017ad\u017a. Z regu\u0142y jedna n\u00f3\u017cka pozostaje wci\u0105\u017c wbita, dlatego wyci\u0105gasz j\u0105 ruchem obrotowym za pomoc\u0105 szczypiec.<\/p>\n<p><span style=\"font-weight: 400;\">Podstaw\u0119 tapicerowania stanowi\u0105 pianki. Do ich ci\u0119cia potrzebny jest <\/span><b>(4) D\u0141UGI N\u00d3\u017b.<\/b><span style=\"font-weight: 400;\"> Jest ostry, bez z\u0105bk\u00f3w i stabilny, dzi\u0119ki czemu ci\u0119cie pianek p\u00f3jdzie szybko i dok\u0142adnie.<\/span><\/p>\n<p><span style=\"font-weight: 400;\">Kolejna kluczowa sprawa to ci\u0119cie tkanin. Biurowe no\u017cyczki \u015brednio radz\u0105 sobie z grubymi materia\u0142ami. <\/span><b>(5) OSTRE NO\u017bYCE KRAWIECKIE<\/b><span style=\"font-weight: 400;\"> b\u0119d\u0105 niezb\u0119dne na etapie precyzyjnego wycinania z formy, podcinania tkaniny, robienia naci\u0119\u0107 podczas szycia.<\/span><\/p>\n<p>W tapicerowaniu bardzo przydatne s\u0105 <strong>(6) AKCESORIA KRAWIECKIE<\/strong>. Niezb\u0119dne minimum to centymetr, szpilki, kreda, nici tapicerskie, ig\u0142a p\u00f3\u0142okr\u0105g\u0142a do szycia \u015bciegiem krytym\u00a0 praz prujka. Wszystkie te akcesoria znajdziesz w zestawie.<\/p>\n<p><strong>EBOOK ZACZNIJ TAPICEROWA\u0106<\/strong><\/p>\n<p>Wybieraj\u0105c opcj\u0119 z ebookiem zyskujesz praktyczny przewodnik po tapicerowaniu. To ok 100 stron skondensowanej wiedzy, kt\u00f3ra bez zb\u0119dnej teorii ma od razu wprowadzi\u0107 Ci\u0119 w \u015bwiat tapicerowania. Dzi\u0119ki ebookowi uporz\u0105dkujesz swoj\u0105 wiedz\u0119, poznasz poszczeg\u00f3lne etapy monta\u017cu tapicerki i poprawnie wykonasz tapicerowane siedzisko lub oparcie krzes\u0142a.<\/p>\n<p>Zobacz spis tre\u015bci ebooka<\/p>\n<p><img decoding=\"async\" class=\"aligncenter wp-image-7796 size-full\" src=\"https:\/\/odnawialnia.pl\/sklep\/wp-content\/uploads\/2023\/11\/spis-tresci-zacznij-tapicerowac.png\" alt=\"\" width=\"492\" height=\"709\" srcset=\"https:\/\/odnawialnia.pl\/sklep\/wp-content\/uploads\/2023\/11\/spis-tresci-zacznij-tapicerowac.png 492w, https:\/\/odnawialnia.pl\/sklep\/wp-content\/uploads\/2023\/11\/spis-tresci-zacznij-tapicerowac-208x300.png 208w\" sizes=\"(max-width: 492px) 100vw, 492px\" \/><\/p>\n","protected":false},"excerpt":{"rendered":"<p>Gotowy zestaw narz\u0119dzi na rozpocz\u0119cie przygody z tapicerowaniem! Do wyboru sam zestaw albo w pakiecie z ebookiem &#8220;Zacznij tapicerowa\u0107&#8221;.<\/p>\n","protected":false},"featured_media":9665,"comment_status":"open","ping_status":"closed","template":"","meta":{"_ppp_document_settings_meta":"","_kad_post_transparent":"default","_kad_post_title":"","_kad_post_layout":"default","_kad_post_sidebar_id":"","_kad_post_content_style":"default","_kad_post_vertical_padding":"default","_kad_post_feature":"","_kad_post_feature_position":"","_kad_post_header":false,"_kad_post_footer":false},"product_brand":[],"product_cat":[23,63,81],"product_tag":[],"class_list":{"0":"post-7219","1":"product","2":"type-product","3":"status-publish","4":"has-post-thumbnail","6":"product_cat-narzedzia","7":"product_cat-tapicerka","8":"product_cat-zestawy-prezentowe","10":"first","11":"instock","12":"taxable","13":"shipping-taxable","14":"purchasable","15":"product-type-variable","16":"entry","17":"content-bg","18":"loop-entry"},"aioseo_notices":[],"_links":{"self":[{"href":"https:\/\/odnawialnia.pl\/sklep\/wp-json\/wp\/v2\/product\/7219","targetHints":{"allow":["GET"]}}],"collection":[{"href":"https:\/\/odnawialnia.pl\/sklep\/wp-json\/wp\/v2\/product"}],"about":[{"href":"https:\/\/odnawialnia.pl\/sklep\/wp-json\/wp\/v2\/types\/product"}],"replies":[{"embeddable":true,"href":"https:\/\/odnawialnia.pl\/sklep\/wp-json\/wp\/v2\/comments?post=7219"}],"wp:featuredmedia":[{"embeddable":true,"href":"https:\/\/odnawialnia.pl\/sklep\/wp-json\/wp\/v2\/media\/9665"}],"wp:attachment":[{"href":"https:\/\/odnawialnia.pl\/sklep\/wp-json\/wp\/v2\/media?parent=7219"}],"wp:term":[{"taxonomy":"product_brand","embeddable":true,"href":"https:\/\/odnawialnia.pl\/sklep\/wp-json\/wp\/v2\/product_brand?post=7219"},{"taxonomy":"product_cat","embeddable":true,"href":"https:\/\/odnawialnia.pl\/sklep\/wp-json\/wp\/v2\/product_cat?post=7219"},{"taxonomy":"product_tag","embeddable":true,"href":"https:\/\/odnawialnia.pl\/sklep\/wp-json\/wp\/v2\/product_tag?post=7219"}],"curies":[{"name":"wp","href":"https:\/\/api.w.org\/{rel}","templated":true}]}}