{"id":7768,"date":"2024-04-04T13:30:38","date_gmt":"2024-04-04T11:30:38","guid":{"rendered":"https:\/\/odnawialnia.pl\/sklep\/?post_type=product&#038;p=7768"},"modified":"2024-07-13T07:36:56","modified_gmt":"2024-07-13T05:36:56","slug":"warsztaty-renowacji-krzesla-halasa-typ-190-200","status":"publish","type":"product","link":"https:\/\/odnawialnia.pl\/sklep\/produkt\/warsztaty-renowacji-krzesla-halasa-typ-190-200\/","title":{"rendered":"Warsztaty renowacji krzes\u0142a Ha\u0142asa"},"content":{"rendered":"<p><span style=\"font-weight: 400;\">Do\u0142\u0105cz na wyj\u0105tkowe warsztaty dedykowane renowacji krzes\u0142a Ha\u0142asa. Termin warsztat\u00f3w <strong>29-30 czerwca 2024<\/strong>.<\/span><\/p>\n<p><strong>Podczas zaj\u0119\u0107 dowiesz si\u0119 jak:<\/strong><\/p>\n<ul>\n<li style=\"font-weight: 400;\" aria-level=\"1\"><span style=\"font-weight: 400;\">czy\u015bci\u0107 wszystkie zaoblone miejsca bez ryzyka zmiany kszta\u0142tu<\/span><\/li>\n<li style=\"font-weight: 400;\" aria-level=\"1\"><span style=\"font-weight: 400;\">poprawnie zdemontowa\u0107 siedzisko i oparcie, a w razie uszkodzonych mocowa\u0144 &#8211; jak je naprawi\u0107<\/span><\/li>\n<li style=\"font-weight: 400;\" aria-level=\"1\"><span style=\"font-weight: 400;\">dobra\u0107 w\u0142a\u015bciwe wype\u0142nienia do oczekiwanego efektu stylistycznego<\/span><\/li>\n<li style=\"font-weight: 400;\" aria-level=\"1\"><span style=\"font-weight: 400;\">zrobi\u0107 wykr\u00f3j idealny &#8211; tak aby kedra bieg\u0142a dok\u0142adnie po linii siedziska<\/span><\/li>\n<li style=\"font-weight: 400;\" aria-level=\"1\"><span style=\"font-weight: 400;\">uszy\u0107 siedzisko z kedr\u0105\u00a0<\/span><\/li>\n<li style=\"font-weight: 400;\" aria-level=\"1\"><span style=\"font-weight: 400;\">wytapicerowa\u0107 wkl\u0119s\u0142e siedzisko bez kedry, tak by podkre\u015bli\u0107 wszystkie \u0142uki i profile<\/span><\/li>\n<\/ul>\n<p><strong>Program warsztat\u00f3w<\/strong><\/p>\n<p><strong>dzie\u0144 1<\/strong><\/p>\n<ul>\n<li style=\"font-weight: 400;\" aria-level=\"1\"><span style=\"font-weight: 400;\">demonta\u017c siedzisk i opar\u0107<\/span><\/li>\n<li style=\"font-weight: 400;\" aria-level=\"1\"><span style=\"font-weight: 400;\">oczyszczanie stela\u017ca &#8211; poznasz najlepsze techniki i narz\u0119dzia<\/span><\/li>\n<li style=\"font-weight: 400;\" aria-level=\"1\"><span style=\"font-weight: 400;\">naprawianie uszkodze\u0144 konstrukcji &#8211; klejenie, naprawa ubytk\u00f3w<\/span><\/li>\n<li style=\"font-weight: 400;\" aria-level=\"1\"><span style=\"font-weight: 400;\">barwienie i zabezpieczanie stela\u017ca<\/span><\/li>\n<\/ul>\n<p><strong>dzie\u0144 2<\/strong><\/p>\n<ul>\n<li style=\"font-weight: 400;\" aria-level=\"1\"><span style=\"font-weight: 400;\">om\u00f3wienie stylistyki krzes\u0142a i mo\u017cliwych sposob\u00f3w uszycia tapicerki<\/span><\/li>\n<li style=\"font-weight: 400;\" aria-level=\"1\"><span style=\"font-weight: 400;\">dob\u00f3r wype\u0142nie\u0144 tapicerskich<\/span><\/li>\n<li style=\"font-weight: 400;\" aria-level=\"1\"><span style=\"font-weight: 400;\">wycinanie pianek, klejenie i modelowanie<\/span><\/li>\n<li style=\"font-weight: 400;\" aria-level=\"1\"><span style=\"font-weight: 400;\">robienie wykroj\u00f3w tapicerskich<\/span><\/li>\n<li style=\"font-weight: 400;\" aria-level=\"1\"><span style=\"font-weight: 400;\">szycie pokrowca na siedzisko<\/span><\/li>\n<li style=\"font-weight: 400;\" aria-level=\"1\"><span style=\"font-weight: 400;\">szycie pokrowca na oparcie<\/span><\/li>\n<li style=\"font-weight: 400;\" aria-level=\"1\"><span style=\"font-weight: 400;\">czyszczenie \u015brub<\/span><\/li>\n<li style=\"font-weight: 400;\" aria-level=\"1\"><span style=\"font-weight: 400;\">monta\u017c mebla<\/span><\/li>\n<\/ul>\n<p><span style=\"font-weight: 400;\">Na zaj\u0119cia przychodzimy z w\u0142asnym krzes\u0142em. Je\u017celi nie masz &#8211; napisz do mnie na <\/span><a href=\"mailto:kontakt@odnawialnia.pl\"><span style=\"font-weight: 400;\">kontakt@odnawialnia.pl<\/span><\/a><span style=\"font-weight: 400;\"> &#8211; zorganizujemy dla Ciebie krzes\u0142o. Cena ok 150 z\u0142.<\/span><\/p>\n<p><strong>W cenie warsztat\u00f3w<\/strong><\/p>\n<ul>\n<li style=\"font-weight: 400;\" aria-level=\"1\"><span style=\"font-weight: 400;\">tkanina, kt\u00f3r\u0105 samodzielnie wybierzesz wcze\u015bniej z oferty naszych partner\u00f3w + wszystkie niezb\u0119dne wype\u0142nienia<\/span><\/li>\n<li style=\"font-weight: 400;\" aria-level=\"1\"><span style=\"font-weight: 400;\">gotowy wykr\u00f3j, kt\u00f3ry zabierzesz ze sob\u0105 do domu i wykorzystasz do innych krzese\u0142<\/span><\/li>\n<li style=\"font-weight: 400;\" aria-level=\"1\"><span style=\"font-weight: 400;\">du\u017cy wyb\u00f3r \u015brodk\u00f3w barwi\u0105cych i zabezpieczaj\u0105cych drewno<\/span><\/li>\n<li style=\"font-weight: 400;\" aria-level=\"1\"><span style=\"font-weight: 400;\">mo\u017cliwo\u015b\u0107 przetestowania r\u00f3\u017cnych technik i narz\u0119dzi; doradztwo w rozbudowie w\u0142asnego warsztatu<\/span><\/li>\n<li style=\"font-weight: 400;\" aria-level=\"1\"><span style=\"font-weight: 400;\">cyklina \u0142ab\u0119dzia szyja<\/span><\/li>\n<li style=\"font-weight: 400;\" aria-level=\"1\"><span style=\"font-weight: 400;\">wiedza i do\u015bwiadczenie prowadz\u0105cych &#8211; poznasz wyj\u0105tkowe tricki i patenty, kt\u00f3re u\u0142atwi\u0105 ci samodzieln\u0105 prac\u0119 przy innych krzes\u0142ach<\/span><\/li>\n<\/ul>\n<p><strong>Cena<\/strong><\/p>\n<p><span style=\"font-weight: 400;\">Udzia\u0142 w dwudniowych warsztatach to koszt 990 z\u0142. Renowacja jednego krzes\u0142a Ha\u0142asa to ok 600 z\u0142. Je\u017celi planujesz urz\u0105dzenie jadalni to inwestycja zwraca ci si\u0119 ju\u017c przy drugim krze\u015ble. Dodatkowo zdobyta wiedza pozwoli ci na samodzieln\u0105 renowacj\u0119 wi\u0119kszo\u015bci krzese\u0142 na sklejce.\u00a0<\/span><\/p>\n","protected":false},"excerpt":{"rendered":"<p><span style=\"font-weight: 400;\">Krzes\u0142a projektu R.T. Ha\u0142asa to bez w\u0105tpienia jedne z bardziej udanych projekt\u00f3w z epoki PRL. Zaoblone kszta\u0142ty tapicerki, pi\u0119kna linia n\u00f3g a przy tym niezwyk\u0142a wygoda to cechy, kt\u00f3re decyduj\u0105 o jego du\u017cej popularno\u015bci. Teraz takie krzes\u0142o mo\u017cesz samodzielnie odnowi\u0107 na warsztatach, a dzi\u0119ki zdobytym umiej\u0119tno\u015bciom kolejne zrobisz w domu! Na warsztatach odnawiamy krzes\u0142o typ 200-190 (tzw. grzybek) lub typ 296 (tzw. motylek).<\/span><\/p>\n<p><strong>Termin weekendowy 29-30 czerwca 2024<\/strong><\/p>\n","protected":false},"featured_media":7774,"comment_status":"open","ping_status":"closed","template":"","meta":{"_ppp_document_settings_meta":"","_kad_post_transparent":"default","_kad_post_title":"","_kad_post_layout":"default","_kad_post_sidebar_id":"","_kad_post_content_style":"default","_kad_post_vertical_padding":"default","_kad_post_feature":"","_kad_post_feature_position":"","_kad_post_header":false,"_kad_post_footer":false},"product_brand":[],"product_cat":[22],"product_tag":[],"class_list":{"0":"post-7768","1":"product","2":"type-product","3":"status-publish","4":"has-post-thumbnail","6":"product_cat-warsztaty","8":"first","9":"outofstock","10":"taxable","11":"shipping-taxable","12":"purchasable","13":"product-type-variable","14":"entry","15":"content-bg","16":"loop-entry"},"aioseo_notices":[],"_links":{"self":[{"href":"https:\/\/odnawialnia.pl\/sklep\/wp-json\/wp\/v2\/product\/7768","targetHints":{"allow":["GET"]}}],"collection":[{"href":"https:\/\/odnawialnia.pl\/sklep\/wp-json\/wp\/v2\/product"}],"about":[{"href":"https:\/\/odnawialnia.pl\/sklep\/wp-json\/wp\/v2\/types\/product"}],"replies":[{"embeddable":true,"href":"https:\/\/odnawialnia.pl\/sklep\/wp-json\/wp\/v2\/comments?post=7768"}],"wp:featuredmedia":[{"embeddable":true,"href":"https:\/\/odnawialnia.pl\/sklep\/wp-json\/wp\/v2\/media\/7774"}],"wp:attachment":[{"href":"https:\/\/odnawialnia.pl\/sklep\/wp-json\/wp\/v2\/media?parent=7768"}],"wp:term":[{"taxonomy":"product_brand","embeddable":true,"href":"https:\/\/odnawialnia.pl\/sklep\/wp-json\/wp\/v2\/product_brand?post=7768"},{"taxonomy":"product_cat","embeddable":true,"href":"https:\/\/odnawialnia.pl\/sklep\/wp-json\/wp\/v2\/product_cat?post=7768"},{"taxonomy":"product_tag","embeddable":true,"href":"https:\/\/odnawialnia.pl\/sklep\/wp-json\/wp\/v2\/product_tag?post=7768"}],"curies":[{"name":"wp","href":"https:\/\/api.w.org\/{rel}","templated":true}]}}