{"id":9575,"date":"2024-11-22T20:15:26","date_gmt":"2024-11-22T19:15:26","guid":{"rendered":"https:\/\/odnawialnia.pl\/sklep\/?post_type=product&#038;p=9575"},"modified":"2026-04-07T18:09:57","modified_gmt":"2026-04-07T16:09:57","slug":"zestaw-padow-na-rzep-do-szybkiego-szlifowania","status":"publish","type":"product","link":"https:\/\/odnawialnia.pl\/sklep\/produkt\/zestaw-padow-na-rzep-do-szybkiego-szlifowania\/","title":{"rendered":"Zestaw pad\u00f3w na RZEP do szybkiego szlifowania"},"content":{"rendered":"<p><b>Co zawiera zestaw?<\/b><\/p>\n<p><span style=\"font-weight: 400;\">Zestaw 9 r\u00f3\u017cnych kszta\u0142tek:<\/span><\/p>\n<ul>\n<li style=\"font-weight: 400;\" aria-level=\"1\"><span style=\"font-weight: 400;\">\u0142uki wkl\u0119s\u0142e o r\u00f3\u017cnych k\u0105tach &#8211; 3 szt<\/span><\/li>\n<li style=\"font-weight: 400;\" aria-level=\"1\"><span style=\"font-weight: 400;\">\u0142uki wypuk\u0142e o r\u00f3\u017cnych k\u0105tach &#8211; 3 szt<\/span><\/li>\n<li style=\"font-weight: 400;\" aria-level=\"1\"><span style=\"font-weight: 400;\">pad p\u0142aski &#8211; niewielki pad z r\u0105czk\u0105 do czyszczenia element\u00f3w p\u0142askich &#8211; blat\u00f3w, bok\u00f3w siedzisk, n\u00f3g o przekroju kwadratowym<\/span><\/li>\n<li style=\"font-weight: 400;\" aria-level=\"1\"><span style=\"font-weight: 400;\">pad \u0142ezka &#8211; pad bez funkcji rzepu, s\u0142u\u017cy do owijania papierem; w\u0105ska strona jest bardzo pomocna przy czyszczeniu stycznych, \u0142ukowata &#8211; do du\u017cych \u0142uk\u00f3w<\/span><\/li>\n<li aria-level=\"1\">pad ostry &#8211; z funkcj\u0105 rzepa, dzi\u0119ki ostremu k\u0105towi \u0142atwo czy\u015bci\u0107 nim styczne np. wewn\u0105trz szuflad, ma\u0142e frezy.<\/li>\n<\/ul>\n<p><b>Jak u\u017cywa\u0107 pad\u00f3w?<\/b><\/p>\n<p><span style=\"font-weight: 400;\">Zu\u017cyte lub nowe papiery z podk\u0142adk\u0105 na rzep owijamy dooko\u0142a kszta\u0142tki. Pad\u00f3w u\u017cywamy zar\u00f3wno podczas r\u0119cznego szlifowania jak i za pomoc\u0105 szlifierki &#8211; ty\u0142 padu posiada podk\u0142adk\u0119 analogiczn\u0105 jak papiery na szlifierk\u0119 i mo\u017ce by\u0107 doczepiany do tarczy szlifierskiej &#8211; <strong>tylko w szlifierkach oscylacyjnych<\/strong>, kt\u00f3re nie wykonuj\u0105 obrot\u00f3w dooko\u0142a w\u0142asnej osi. Przyspiesza to znacznie prac\u0119 w miejscach o nietypowych kszta\u0142tach.<\/span><\/p>\n<p><b>Do jakich mebli sprawdz\u0105 si\u0119 pady na rzep?<\/b><\/p>\n<p><span style=\"font-weight: 400;\">Du\u017cy wyb\u00f3r \u0142uk\u00f3w wkl\u0119s\u0142ych do dobra baza do szlifowania ob\u0142ych n\u00f3g w takich krzes\u0142ach jak thonety i patyczaki.\u00a0<\/span><span style=\"font-weight: 400;\">Frezowane profile s\u0105 dobrym wyborem do czyszczenia ramek na frontach kredens\u00f3w, szafek, szafek nocnych. <\/span><span style=\"font-weight: 400;\">\u0141uki wypuk\u0142e sprawdzaj\u0105 si\u0119 przy nier\u00f3wno\u015bciach, upartych plamach (inna si\u0142a nacisku powoduje \u017ce skuteczniej czy\u015bcimy w tym miejscu padem), oraz wszelkich dekoracjach wkl\u0119s\u0142ych.<\/span><\/p>\n<p><b>Czym r\u00f3\u017cni\u0105 si\u0119 pady gumowe od pad\u00f3w na rzep?<\/b><\/p>\n<ul>\n<li><b>Spos\u00f3b mocowania papieru <\/b><span style=\"font-weight: 400;\">&#8211; pady na rzep (poza jednym el. w zestawie) wymagaj\u0105 papier\u00f3w podbitych w\u0142\u00f3knin\u0105 pracuj\u0105c\u0105 z rzepami na szlifierkach<\/span><\/li>\n<li><b>Wielko\u015b\u0107 i ilo\u015b\u0107 kszta\u0142t\u00f3w\u00a0 <\/b><span style=\"font-weight: 400;\">&#8211; pady gumowe s\u0105 mniejsze i dedykowane do bardziej precyzyjnych detali, maj\u0105 mniejsze \u0142uki wkl\u0119s\u0142e i wypuk\u0142e, a tak\u017ce mniej kszta\u0142t\u00f3w do wyboru; pady na rzep s\u0105 wi\u0119ksze i maj\u0105 wi\u0119ksze \u0142uki, kt\u00f3re sprawdz\u0105 si\u0119 bardziej przy elementach konstrukcyjnych<\/span><\/li>\n<li>Mo\u017cliwo\u015b\u0107 stosowania ze <b style=\"font-family: var(--global-body-font-family);\">szlifierk\u0105 <\/b><span style=\"font-weight: 400;\">&#8211; tylko pady na rzep<\/span><\/li>\n<\/ul>\n","protected":false},"excerpt":{"rendered":"<p><span style=\"font-weight: 400;\">Pady do szlifowania r\u0119cznego lub na szlifierce. U\u0142atwiaj\u0105 prac\u0119 z elementami o ob\u0142ych lub wkl\u0119s\u0142ych kszta\u0142tach. Posiadaj\u0105 mocowanie na rzep &#8211; do ich stosowania u\u017cywa si\u0119 papier\u00f3w z podk\u0142adk\u0105 (kr\u0105\u017cki, prostok\u0105ty i tr\u00f3jk\u0105ty do szlifierek).\u00a0<\/span><\/p>\n","protected":false},"featured_media":11436,"comment_status":"open","ping_status":"closed","template":"","meta":{"_ppp_document_settings_meta":"","_kad_post_transparent":"default","_kad_post_title":"","_kad_post_layout":"default","_kad_post_sidebar_id":"","_kad_post_content_style":"default","_kad_post_vertical_padding":"default","_kad_post_feature":"","_kad_post_feature_position":"","_kad_post_header":false,"_kad_post_footer":false},"product_brand":[],"product_cat":[74,23,113,81],"product_tag":[],"class_list":{"0":"post-9575","1":"product","2":"type-product","3":"status-publish","4":"has-post-thumbnail","6":"product_cat-cykliny-i-skrobaki","7":"product_cat-narzedzia","8":"product_cat-szlifowanie","9":"product_cat-zestawy-prezentowe","11":"first","12":"instock","13":"taxable","14":"shipping-taxable","15":"purchasable","16":"product-type-simple","17":"entry","18":"content-bg","19":"loop-entry"},"aioseo_notices":[],"_links":{"self":[{"href":"https:\/\/odnawialnia.pl\/sklep\/wp-json\/wp\/v2\/product\/9575","targetHints":{"allow":["GET"]}}],"collection":[{"href":"https:\/\/odnawialnia.pl\/sklep\/wp-json\/wp\/v2\/product"}],"about":[{"href":"https:\/\/odnawialnia.pl\/sklep\/wp-json\/wp\/v2\/types\/product"}],"replies":[{"embeddable":true,"href":"https:\/\/odnawialnia.pl\/sklep\/wp-json\/wp\/v2\/comments?post=9575"}],"wp:featuredmedia":[{"embeddable":true,"href":"https:\/\/odnawialnia.pl\/sklep\/wp-json\/wp\/v2\/media\/11436"}],"wp:attachment":[{"href":"https:\/\/odnawialnia.pl\/sklep\/wp-json\/wp\/v2\/media?parent=9575"}],"wp:term":[{"taxonomy":"product_brand","embeddable":true,"href":"https:\/\/odnawialnia.pl\/sklep\/wp-json\/wp\/v2\/product_brand?post=9575"},{"taxonomy":"product_cat","embeddable":true,"href":"https:\/\/odnawialnia.pl\/sklep\/wp-json\/wp\/v2\/product_cat?post=9575"},{"taxonomy":"product_tag","embeddable":true,"href":"https:\/\/odnawialnia.pl\/sklep\/wp-json\/wp\/v2\/product_tag?post=9575"}],"curies":[{"name":"wp","href":"https:\/\/api.w.org\/{rel}","templated":true}]}}