{"id":9581,"date":"2024-11-22T19:57:36","date_gmt":"2024-11-22T18:57:36","guid":{"rendered":"https:\/\/odnawialnia.pl\/sklep\/?post_type=product&#038;p=9581"},"modified":"2026-03-04T08:41:51","modified_gmt":"2026-03-04T07:41:51","slug":"skrobak-bahco-maly-z-trojkatnym-ostrzem","status":"publish","type":"product","link":"https:\/\/odnawialnia.pl\/sklep\/produkt\/skrobak-bahco-maly-z-trojkatnym-ostrzem\/","title":{"rendered":"Skrobak Bahco ma\u0142y z tr\u00f3jk\u0105tnym ostrzem"},"content":{"rendered":"<p><b>Jak i do jakich powierzchni u\u017cywa\u0107 skrobaka?<\/b><\/p>\n<p><span style=\"font-weight: 400;\">Ten skrobak nie s\u0142u\u017cy do oczyszczania ca\u0142ych po\u0142aci drewna lub forniru. Jednak ze wzgl\u0119du na swoje gabaryty jest niezast\u0105piony w precyzyjnych pracach takich jak:<\/span><\/p>\n<ul>\n<li style=\"font-weight: 400;\" aria-level=\"1\"><span style=\"font-weight: 400;\">obr\u00f3bka kraw\u0119dzi front\u00f3w, blat\u00f3w, szuflad<\/span><\/li>\n<li style=\"font-weight: 400;\" aria-level=\"1\"><span style=\"font-weight: 400;\">usuwanie zabrudze\u0144 z naro\u017cnik\u00f3w szuflad, szafek itp.<\/span><\/li>\n<li style=\"font-weight: 400;\" aria-level=\"1\"><span style=\"font-weight: 400;\">doczyszczanie stycznych, np. w stela\u017cach krzese\u0142, kt\u00f3re nie s\u0105 rozklejane<\/span><\/li>\n<li style=\"font-weight: 400;\" aria-level=\"1\"><span style=\"font-weight: 400;\">doczyszczanie upartych plam i rys<\/span><\/li>\n<li style=\"font-weight: 400;\" aria-level=\"1\"><span style=\"font-weight: 400;\">czyszczenie element\u00f3w dekoracyjnych<\/span><\/li>\n<\/ul>\n<p><span style=\"font-weight: 400;\">Skrobak prowadzimy jedn\u0105 r\u0119k\u0105 i dociskamy bok tr\u00f3jk\u0105ta. Czasami pracujemy samym czubkiem &#8211; w sytuacji gdy trzeba doczy\u015bci\u0107 powierzchni\u0119 w poprzek s\u0142oj\u00f3w.\u00a0<\/span><\/p>\n<p><b>Wymienne ostrze<\/b><\/p>\n<p><span style=\"font-weight: 400;\">Ostrze skrobaka pos\u0142u\u017cy ci bardzo d\u0142ugo. Nawet po wielu godzinach pracy wci\u0105\u017c b\u0119dzie sobie radzi\u0107 z zabrudzon\u0105 powierzchni\u0105. To zas\u0142uga wysokiej jako\u015bci szwedzkiej stali i przygotowania ostrza. Wysoka jako\u015b\u0107 wp\u0142ywa na cen\u0119 tego skrobaka, ale to inwestycja na lata.<\/span><\/p>\n<p><span style=\"font-weight: 400;\">Ostrze w skrobaku mo\u017cna odkr\u0119ci\u0107 i wykorzysta\u0107 o pracy a\u017c trzy boki tr\u00f3jk\u0105ta, poniewa\u017c jest fazowane z ka\u017cdej strony.\u00a0 <\/span><span style=\"font-weight: 400;\">Gdy nie masz czasu na jego ostrzenie mo\u017cesz za\u0142o\u017cy\u0107 nowe ostrze tr\u00f3jk\u0105tne. <\/span><span style=\"font-weight: 400;\">Kolejne udogodnienie to zamiana ostrza tr\u00f3jk\u0105tnego na ostrze w kszta\u0142cie kropli. Kropla ma dwa ko\u0144ce &#8211; szerszy \u0142uk wykorzystasz w czyszczeniu wi\u0119kszych \u017c\u0142obie\u0144, ma\u0142y &#8211; w w\u0105skich frezach.\u00a0<\/span><\/p>\n<p><strong>Kabura do przechowywania<\/strong><\/p>\n<p>Skrobak sprzedawany jest razem ze specjaln\u0105 kabur\u0105, kt\u00f3ra chroni ostrze przed zniszczeniem a r\u00f3wnocze\u015bnie mo\u017cna j\u0105 zamocowa\u0107 na fartuchu lub kieszeni i chowa\u0107 skrobak do kabury podczas pracy.<\/p>\n","protected":false},"excerpt":{"rendered":"<p><span style=\"font-weight: 400;\">Ulubione narz\u0119dzie wszystkich renowator\u00f3w mebli. Ma\u0142y, ale niezwykle skuteczny w miejscach, gdzie trudno wej\u015b\u0107 z papierem, \u015bciernym lub szlifierk\u0105. Tr\u00f3jk\u0105tne, niewielkie ostrze doskonale usuwa resztki farby, lakieru lub zabrudzenia po bejcy.<\/span><\/p>\n","protected":false},"featured_media":9617,"comment_status":"open","ping_status":"closed","template":"","meta":{"_ppp_document_settings_meta":"","_kad_post_transparent":"default","_kad_post_title":"","_kad_post_layout":"default","_kad_post_sidebar_id":"","_kad_post_content_style":"default","_kad_post_vertical_padding":"default","_kad_post_feature":"","_kad_post_feature_position":"","_kad_post_header":false,"_kad_post_footer":false},"product_brand":[],"product_cat":[74,23],"product_tag":[],"class_list":{"0":"post-9581","1":"product","2":"type-product","3":"status-publish","4":"has-post-thumbnail","6":"product_cat-cykliny-i-skrobaki","7":"product_cat-narzedzia","9":"first","10":"instock","11":"sale","12":"taxable","13":"shipping-taxable","14":"purchasable","15":"product-type-variable","16":"entry","17":"content-bg","18":"loop-entry"},"aioseo_notices":[],"_links":{"self":[{"href":"https:\/\/odnawialnia.pl\/sklep\/wp-json\/wp\/v2\/product\/9581","targetHints":{"allow":["GET"]}}],"collection":[{"href":"https:\/\/odnawialnia.pl\/sklep\/wp-json\/wp\/v2\/product"}],"about":[{"href":"https:\/\/odnawialnia.pl\/sklep\/wp-json\/wp\/v2\/types\/product"}],"replies":[{"embeddable":true,"href":"https:\/\/odnawialnia.pl\/sklep\/wp-json\/wp\/v2\/comments?post=9581"}],"wp:featuredmedia":[{"embeddable":true,"href":"https:\/\/odnawialnia.pl\/sklep\/wp-json\/wp\/v2\/media\/9617"}],"wp:attachment":[{"href":"https:\/\/odnawialnia.pl\/sklep\/wp-json\/wp\/v2\/media?parent=9581"}],"wp:term":[{"taxonomy":"product_brand","embeddable":true,"href":"https:\/\/odnawialnia.pl\/sklep\/wp-json\/wp\/v2\/product_brand?post=9581"},{"taxonomy":"product_cat","embeddable":true,"href":"https:\/\/odnawialnia.pl\/sklep\/wp-json\/wp\/v2\/product_cat?post=9581"},{"taxonomy":"product_tag","embeddable":true,"href":"https:\/\/odnawialnia.pl\/sklep\/wp-json\/wp\/v2\/product_tag?post=9581"}],"curies":[{"name":"wp","href":"https:\/\/api.w.org\/{rel}","templated":true}]}}