{"id":9591,"date":"2024-11-22T18:58:23","date_gmt":"2024-11-22T17:58:23","guid":{"rendered":"https:\/\/odnawialnia.pl\/sklep\/?post_type=product&#038;p=9591"},"modified":"2025-12-20T15:28:50","modified_gmt":"2025-12-20T14:28:50","slug":"zestaw-skrobakow-bahco-trojkatny-i-z-kulka","status":"publish","type":"product","link":"https:\/\/odnawialnia.pl\/sklep\/produkt\/zestaw-skrobakow-bahco-trojkatny-i-z-kulka\/","title":{"rendered":"Zestaw skrobak\u00f3w Bahco: tr\u00f3jk\u0105tny i z kulk\u0105"},"content":{"rendered":"<p><b>Skrobak z kulk\u0105<\/b><\/p>\n<p><span style=\"font-weight: 400;\">Wi\u0119kszy i bardziej agresywny. Jest doskona\u0142y do usuwania starych lakier\u00f3w i farb. <\/span><span style=\"font-weight: 400;\">Wiod\u0105c\u0105 r\u0119k\u0105 trzymasz i ci\u0105gniesz za r\u0105czk\u0119, a drug\u0105 r\u0119k\u0105 dociskasz kulk\u0119. W ten spos\u00f3b optymalnie pracujesz ostrzem na powierzchni.<\/span><\/p>\n<p><span style=\"font-weight: 400;\">Skrobak sprawdzi si\u0119 szczeg\u00f3lnie dobrze podczas czyszczenia ob\u0142ych n\u00f3g, opar\u0107 oraz w\u0105skich element\u00f3w jak konstrukcje krzese\u0142 czy boki blat\u00f3w. Na p\u0142askich du\u017cych powierzchniach trzeba uwa\u017ca\u0107, \u017ceby stabilnie prowadzi\u0107 skrobak, poniewa\u017c mo\u017cna zrobi\u0107 kraw\u0119dziami rysy.<\/span><\/p>\n<p><b>Skrobak tr\u00f3jk\u0105tny<\/b><\/p>\n<p><span style=\"font-weight: 400;\">Ze wzgl\u0119du na swoje gabaryty jest niezast\u0105piony w precyzyjnych pracach takich jak:<\/span><\/p>\n<ul>\n<li style=\"font-weight: 400;\" aria-level=\"1\"><span style=\"font-weight: 400;\">obr\u00f3bka kraw\u0119dzi front\u00f3w, blat\u00f3w, szuflad<\/span><\/li>\n<li style=\"font-weight: 400;\" aria-level=\"1\"><span style=\"font-weight: 400;\">usuwanie zabrudze\u0144 z naro\u017cnik\u00f3w szuflad, szafek itp.<\/span><\/li>\n<li style=\"font-weight: 400;\" aria-level=\"1\"><span style=\"font-weight: 400;\">doczyszczanie stycznych, np. w stela\u017cach krzese\u0142, kt\u00f3re nie s\u0105 rozklejane<\/span><\/li>\n<li style=\"font-weight: 400;\" aria-level=\"1\"><span style=\"font-weight: 400;\">doczyszczanie upartych plam i rys<\/span><\/li>\n<li style=\"font-weight: 400;\" aria-level=\"1\"><span style=\"font-weight: 400;\">czyszczenie element\u00f3w dekoracyjnych<\/span><\/li>\n<\/ul>\n<p><span style=\"font-weight: 400;\">Skrobak prowadzimy jedn\u0105 r\u0119k\u0105 i dociskamy bok tr\u00f3jk\u0105ta. Czasami pracujemy samym czubkiem &#8211; w sytuacji gdy trzeba doczy\u015bci\u0107 powierzchni\u0119 w poprzek s\u0142oj\u00f3w.\u00a0<\/span><\/p>\n","protected":false},"excerpt":{"rendered":"<p><span style=\"font-weight: 400;\">Zestaw kultowych skrobak\u00f3w, z kt\u00f3rych najcz\u0119\u015bciej korzystaj\u0105 pracownie renowacji i stylizacji mebli. Ka\u017cdy z nich sprawdza si\u0119 w r\u00f3\u017cnych sytuacjach, ale \u0142\u0105czy je jedno &#8211; wyj\u0105tkowa jako\u015b\u0107 ostrza ze szwedzkiej stali. Idealny zestaw na prezent!<\/span><\/p>\n","protected":false},"featured_media":9619,"comment_status":"open","ping_status":"closed","template":"","meta":{"_ppp_document_settings_meta":"","_kad_post_transparent":"default","_kad_post_title":"","_kad_post_layout":"default","_kad_post_sidebar_id":"","_kad_post_content_style":"default","_kad_post_vertical_padding":"default","_kad_post_feature":"","_kad_post_feature_position":"","_kad_post_header":false,"_kad_post_footer":false},"product_brand":[],"product_cat":[74,23,81],"product_tag":[114,115],"class_list":{"0":"post-9591","1":"product","2":"type-product","3":"status-publish","4":"has-post-thumbnail","6":"product_cat-cykliny-i-skrobaki","7":"product_cat-narzedzia","8":"product_cat-zestawy-prezentowe","9":"product_tag-skrobak","10":"product_tag-skrobak-do-mebli","12":"first","13":"instock","14":"taxable","15":"shipping-taxable","16":"purchasable","17":"product-type-simple","18":"entry","19":"content-bg","20":"loop-entry"},"aioseo_notices":[],"_links":{"self":[{"href":"https:\/\/odnawialnia.pl\/sklep\/wp-json\/wp\/v2\/product\/9591","targetHints":{"allow":["GET"]}}],"collection":[{"href":"https:\/\/odnawialnia.pl\/sklep\/wp-json\/wp\/v2\/product"}],"about":[{"href":"https:\/\/odnawialnia.pl\/sklep\/wp-json\/wp\/v2\/types\/product"}],"replies":[{"embeddable":true,"href":"https:\/\/odnawialnia.pl\/sklep\/wp-json\/wp\/v2\/comments?post=9591"}],"wp:featuredmedia":[{"embeddable":true,"href":"https:\/\/odnawialnia.pl\/sklep\/wp-json\/wp\/v2\/media\/9619"}],"wp:attachment":[{"href":"https:\/\/odnawialnia.pl\/sklep\/wp-json\/wp\/v2\/media?parent=9591"}],"wp:term":[{"taxonomy":"product_brand","embeddable":true,"href":"https:\/\/odnawialnia.pl\/sklep\/wp-json\/wp\/v2\/product_brand?post=9591"},{"taxonomy":"product_cat","embeddable":true,"href":"https:\/\/odnawialnia.pl\/sklep\/wp-json\/wp\/v2\/product_cat?post=9591"},{"taxonomy":"product_tag","embeddable":true,"href":"https:\/\/odnawialnia.pl\/sklep\/wp-json\/wp\/v2\/product_tag?post=9591"}],"curies":[{"name":"wp","href":"https:\/\/api.w.org\/{rel}","templated":true}]}}