{"id":9592,"date":"2024-11-29T10:11:55","date_gmt":"2024-11-29T09:11:55","guid":{"rendered":"https:\/\/odnawialnia.pl\/sklep\/?post_type=product&#038;p=9592"},"modified":"2025-04-16T16:59:10","modified_gmt":"2025-04-16T14:59:10","slug":"zapasowe-ostrza-do-skrobakow-bahco","status":"publish","type":"product","link":"https:\/\/odnawialnia.pl\/sklep\/produkt\/zapasowe-ostrza-do-skrobakow-bahco\/","title":{"rendered":"Zapasowe ostrza do skrobak\u00f3w Bahco"},"content":{"rendered":"<p><b>Dost\u0119pne ostrza Bahco<\/b><\/p>\n<ul>\n<li><span style=\"font-weight: 400;\">Ostrze proste o d\u0142ugo\u015bci 65 mm &#8211; do skrobaka du\u017cego z kulk\u0105 &#8211; do usuwania lakier\u00f3w, mniejszej ilo\u015bci farby, bejc, itp.<\/span><\/li>\n<li>Ostrze faliste o d\u0142ugo\u015bci 65 mm &#8211; do skrobaka du\u017cego z kulk\u0105 &#8211;\u00a0 idealne do usuwania farby<\/li>\n<li><span style=\"font-weight: 400;\">Ostrze typu kropla &#8211; do ma\u0142ego skrobaka tr\u00f3jk\u0105tnego &#8211; oba ko\u0144ce s\u0105 zaokr\u0105glone i pozwalaj\u0105 dobrze wyczy\u015bci\u0107 ma\u0142e i wi\u0119ksze frezy<\/span><\/li>\n<li><span style=\"font-weight: 400;\">Ostrze typu tr\u00f3jk\u0105t &#8211; do ma\u0142ego skrobaka tr\u00f3jk\u0105tnego, d\u0142. boku 25 mm<\/span><\/li>\n<\/ul>\n<p><b>Wyj\u0105tkowa jako\u015b\u0107 stali<\/b><\/p>\n<p><span style=\"font-weight: 400;\">Ostrze skrobaka pos\u0142u\u017cy ci bardzo d\u0142ugo. Nawet po wielu godzinach pracy wci\u0105\u017c b\u0119dzie sobie radzi\u0107 z zabrudzon\u0105 powierzchni\u0105. To zas\u0142uga wysokiej jako\u015bci szwedzkiej stali i przygotowania ostrza. Wysoka jako\u015b\u0107 wp\u0142ywa na cen\u0119 tego skrobaka, ale to inwestycja na lata.<\/span><\/p>\n","protected":false},"excerpt":{"rendered":"<p>Ostrza skrobak\u00f3w Bahco s\u0105 wymienne. Wystarczy odkr\u0119ci\u0107 \u015brub\u0119 i za\u0142o\u017cy\u0107 nowe. Dobierz w\u0142a\u015bciwy kszta\u0142t do swojego skrobaka.<\/p>\n","protected":false},"featured_media":9829,"comment_status":"open","ping_status":"closed","template":"","meta":{"_ppp_document_settings_meta":"","_kad_post_transparent":"default","_kad_post_title":"","_kad_post_layout":"default","_kad_post_sidebar_id":"","_kad_post_content_style":"default","_kad_post_vertical_padding":"default","_kad_post_feature":"","_kad_post_feature_position":"","_kad_post_header":false,"_kad_post_footer":false},"product_brand":[],"product_cat":[74,23],"product_tag":[],"class_list":{"0":"post-9592","1":"product","2":"type-product","3":"status-publish","4":"has-post-thumbnail","6":"product_cat-cykliny-i-skrobaki","7":"product_cat-narzedzia","9":"first","10":"instock","11":"taxable","12":"shipping-taxable","13":"purchasable","14":"product-type-variable","15":"entry","16":"content-bg","17":"loop-entry"},"aioseo_notices":[],"_links":{"self":[{"href":"https:\/\/odnawialnia.pl\/sklep\/wp-json\/wp\/v2\/product\/9592","targetHints":{"allow":["GET"]}}],"collection":[{"href":"https:\/\/odnawialnia.pl\/sklep\/wp-json\/wp\/v2\/product"}],"about":[{"href":"https:\/\/odnawialnia.pl\/sklep\/wp-json\/wp\/v2\/types\/product"}],"replies":[{"embeddable":true,"href":"https:\/\/odnawialnia.pl\/sklep\/wp-json\/wp\/v2\/comments?post=9592"}],"wp:featuredmedia":[{"embeddable":true,"href":"https:\/\/odnawialnia.pl\/sklep\/wp-json\/wp\/v2\/media\/9829"}],"wp:attachment":[{"href":"https:\/\/odnawialnia.pl\/sklep\/wp-json\/wp\/v2\/media?parent=9592"}],"wp:term":[{"taxonomy":"product_brand","embeddable":true,"href":"https:\/\/odnawialnia.pl\/sklep\/wp-json\/wp\/v2\/product_brand?post=9592"},{"taxonomy":"product_cat","embeddable":true,"href":"https:\/\/odnawialnia.pl\/sklep\/wp-json\/wp\/v2\/product_cat?post=9592"},{"taxonomy":"product_tag","embeddable":true,"href":"https:\/\/odnawialnia.pl\/sklep\/wp-json\/wp\/v2\/product_tag?post=9592"}],"curies":[{"name":"wp","href":"https:\/\/api.w.org\/{rel}","templated":true}]}}