{"id":9697,"date":"2024-11-27T09:53:16","date_gmt":"2024-11-27T08:53:16","guid":{"rendered":"https:\/\/odnawialnia.pl\/sklep\/?post_type=product&#038;p=9697"},"modified":"2025-06-01T00:02:55","modified_gmt":"2025-05-31T22:02:55","slug":"zestaw-akcesoriow-do-znakowania-i-szycia","status":"publish","type":"product","link":"https:\/\/odnawialnia.pl\/sklep\/produkt\/zestaw-akcesoriow-do-znakowania-i-szycia\/","title":{"rendered":"Zestaw akcesori\u00f3w do znakowania i szycia"},"content":{"rendered":"<p><span style=\"font-weight: 400;\">W zestawie znajdziesz przydatne drobiazgi, bez kt\u00f3rych trudno uszy\u0107 np. pokrowiec na krzes\u0142o lub oparcie. S\u0105 to:<\/span><b><\/b><\/p>\n<ul>\n<li aria-level=\"1\"><b>nici tapicerskie E60 przeznaczone do maszyn domowych &#8211; t<\/b>apicerk\u0119 powinni\u015bmy szy\u0107 ni\u0107mi poliestrowymi, kt\u00f3re s\u0105 du\u017co mocniejsze ni\u017c bawe\u0142niane. Na maszynach domowych jest za ma\u0142o miejsca na du\u017ce szpule tapicerskich nici, dlatego wygodniej jest korzysta\u0107 z ma\u0142ych szpulek.<\/li>\n<li aria-level=\"1\"><b>prujka do szw\u00f3w &#8211; <\/b>ma\u0142e sprytne urz\u0105dzenie, kt\u00f3re pozwoli szybko rozpru\u0107 krzywe szwy<\/li>\n<li aria-level=\"1\"><b>centymetr krawiecki &#8211; <\/b>w\u00a0szyciu centymetr to absolutny must have, nie da si\u0119 go zast\u0105pi\u0107 miark\u0105.<\/li>\n<li aria-level=\"1\"><b>kreda krawiecka &#8211; <\/b>kreda krawiecka s\u0142u\u017cy do rysowania cienkich i \u0142atwo zmywalnych linii szycia i ci\u0119cia. Linie robimy na lewej stronie tkaniny i u\u017cywamy kredy w\u0105sk\u0105 stron\u0105 (kred\u0119 mo\u017cna ostrzy\u0107 za pomoc\u0105 no\u017ca, tak aby jej kraw\u0119d\u017a rysuj\u0105ca by\u0142a w\u0105ska)<\/li>\n<li aria-level=\"1\"><b>ig\u0142a p\u00f3\u0142okr\u0105g\u0142a do \u015bciegu krytego &#8211; <\/b>s\u0105 meble, kt\u00f3rych zeszycie jest mo\u017cliwe tylko przy u\u017cyciu \u015bciegu krytego i ig\u0142y p\u00f3\u0142okr\u0105g\u0142ej. Sam \u015bcieg nie jest trudny, ale bez zakrzywionej ig\u0142y niemo\u017cliwy do wykonania.<\/li>\n<li aria-level=\"1\"><b>szpilki &#8211; <\/b>d\u0142u\u017csze i grubsze szpilki krawieckie dedykowane do grubszych tkanin. Wykorzystujemy je do roboczego spinania tkanin podczas szycia, do ubierania mebla w uszyty pokrowiec, do montowania tkaniny pod \u015bcieg kryty i w wielu innych pracach tapicersko-krawieckich.<\/li>\n<\/ul>\n<p><span style=\"font-weight: 400;\">Akcesoria krawieckie s\u0105 spakowane w wygodny jutowy woreczek.<\/span><\/p>\n<p><strong>S\u0105 tak\u017ce cz\u0119\u015bci\u0105 wi\u0119kszego zestawu &#8211; <a href=\"https:\/\/odnawialnia.pl\/sklep\/produkt\/starter-tapicerski\/\">STARTERA TAPICERSKIEGO.<\/a><\/strong><\/p>\n","protected":false},"excerpt":{"rendered":"<p><b>Wybrane akcesoria krawieckie, kt\u00f3re u\u0142atwiaj\u0105 prac\u0119 podczas szycia tapicerki. <\/b><\/p>\n","protected":false},"featured_media":9776,"comment_status":"open","ping_status":"closed","template":"","meta":{"_ppp_document_settings_meta":"","_kad_post_transparent":"default","_kad_post_title":"","_kad_post_layout":"default","_kad_post_sidebar_id":"","_kad_post_content_style":"default","_kad_post_vertical_padding":"default","_kad_post_feature":"","_kad_post_feature_position":"","_kad_post_header":false,"_kad_post_footer":false},"product_brand":[],"product_cat":[23,63],"product_tag":[],"class_list":{"0":"post-9697","1":"product","2":"type-product","3":"status-publish","4":"has-post-thumbnail","6":"product_cat-narzedzia","7":"product_cat-tapicerka","9":"first","10":"instock","11":"taxable","12":"shipping-taxable","13":"purchasable","14":"product-type-simple","15":"entry","16":"content-bg","17":"loop-entry"},"aioseo_notices":[],"_links":{"self":[{"href":"https:\/\/odnawialnia.pl\/sklep\/wp-json\/wp\/v2\/product\/9697","targetHints":{"allow":["GET"]}}],"collection":[{"href":"https:\/\/odnawialnia.pl\/sklep\/wp-json\/wp\/v2\/product"}],"about":[{"href":"https:\/\/odnawialnia.pl\/sklep\/wp-json\/wp\/v2\/types\/product"}],"replies":[{"embeddable":true,"href":"https:\/\/odnawialnia.pl\/sklep\/wp-json\/wp\/v2\/comments?post=9697"}],"wp:featuredmedia":[{"embeddable":true,"href":"https:\/\/odnawialnia.pl\/sklep\/wp-json\/wp\/v2\/media\/9776"}],"wp:attachment":[{"href":"https:\/\/odnawialnia.pl\/sklep\/wp-json\/wp\/v2\/media?parent=9697"}],"wp:term":[{"taxonomy":"product_brand","embeddable":true,"href":"https:\/\/odnawialnia.pl\/sklep\/wp-json\/wp\/v2\/product_brand?post=9697"},{"taxonomy":"product_cat","embeddable":true,"href":"https:\/\/odnawialnia.pl\/sklep\/wp-json\/wp\/v2\/product_cat?post=9697"},{"taxonomy":"product_tag","embeddable":true,"href":"https:\/\/odnawialnia.pl\/sklep\/wp-json\/wp\/v2\/product_tag?post=9697"}],"curies":[{"name":"wp","href":"https:\/\/api.w.org\/{rel}","templated":true}]}}